{"id":10909,"date":"2024-08-27T21:07:16","date_gmt":"2024-08-27T21:07:16","guid":{"rendered":"https:\/\/www.hollingsworth-vose.com\/?page_id=10909"},"modified":"2025-02-04T11:33:57","modified_gmt":"2025-02-04T11:33:57","slug":"hauptversammlung-energyglass","status":"publish","type":"page","link":"https:\/\/www.hollingsworth-vose.com\/de\/hauptversammlung-energyglass\/","title":{"rendered":"Hauptversammlung EnergyGlass"},"content":{"rendered":"<p><center><img decoding=\"async\" class=\"brand-logo aligncenter\" src=\"\/wp-content\/uploads\/HV_EnergyGlass_Logo.jpg\" alt=\"EnergyGlass\" title=\"EnergyGlass\"\/><\/center>&nbsp;<\/p>\n<p><span style=\"font-weight: 400;\">Die f\u00fcr PKW geltenden Bestimmungen zur Reduzierung des Aussto\u00dfes von Kohlendioxid (CO<\/span><span style=\"font-weight: 400;\"><sub>2<\/sub><\/span><span style=\"font-weight: 400;\">) geh\u00f6ren zu den strengsten \u00fcberhaupt. Diese CO<\/span><span style=\"font-weight: 400;\"><sub>2<\/sub><\/span><span style=\"font-weight: 400;\">-Vorgaben lassen sich nur mithilfe modernster Batterietechnologie erreichen.&nbsp; <\/span><span style=\"font-weight: 400;\">Im Streben nach l\u00e4ngerer Batterielebensdauer, mehr Leistung und damit einem geringeren<\/span><span style=\"font-weight: 400;\">CO<\/span><span style=\"font-weight: 400;\"><sub>2<\/sub><\/span><span style=\"font-weight: 400;\">-Aussto\u00df verl\u00e4sst sich die Automobilbranche weltweit seit Jahren auf H&amp;V.<\/span><\/p>\n<p><span style=\"font-weight: 400;\">Der All-Glass-AGM-Separator von H&amp;V ist der weltweit f\u00fchrende Batterieseparator f\u00fcr VRLA-AGM-Batterien im Automobilsektor.&nbsp; Die Separatoren der All-Glass-AGM-Produktserie lassen sich individuell an die gew\u00fcnschte Plattenbreite, die Spaltgr\u00f6\u00dfe f\u00fcr den Platteneinbau und die Batteriekompression anpassen.&nbsp; Wir fertigen unsere Produkte au\u00dferdem mit geringer, mittlerer oder gro\u00dfer Oberfl\u00e4che \u2013 passend f\u00fcr Ihre Anforderungen in Bezug auf Batteriekonstruktion und -anwendung.&nbsp;&nbsp;<\/span><\/p>\n<h2><b>Was spricht f\u00fcr All-Glass-AGM-Separatoren?<\/b><\/h2>\n<p><span style=\"font-weight: 400;\">Die All-Glass-AGM-Batterieseparatoren von H&amp;V bew\u00e4hren sich seit \u00fcber einem Jahrzehnt auf dem globalen Automobilmarkt. Ihre weltweite Beliebtheit beruht auf den folgenden Eigenschaften:<\/span><\/p>\n<h3><b>Lange Batterielebensdauer<\/b><\/h3>\n<p><span style=\"font-weight: 400;\">Unsere Separatoren verf\u00fcgen \u00fcber herausragende Elastizit\u00e4t und federn nahezu auf ihre urspr\u00fcngliche Dicke zur\u00fcck. Die AGM-Separatoren von H&amp;V speichern elastische Energie und federn zur\u00fcck, sobald die Kathodenkompression (Teil des Batteriezyklus) wegf\u00e4llt.&nbsp; Durch die verbesserte Dickenbest\u00e4ndigkeit der H&amp;V-Produkte verl\u00e4ngert sich die Batterielebensdauer gegen\u00fcber allen anderen Ganzglasseparatoren.<\/span><\/p>\n<h3><b>Bessere Batterieleistung<\/b><\/h3>\n<p><span style=\"font-weight: 400;\">Der All-Glass-AGM-Separator von H&amp;V verf\u00fcgt \u00fcber einen geringeren elektrischen Widerstand als andere Produkte auf dem Markt.&nbsp; Durch den geringeren elektrischen Widerstand verbessert sich das f\u00fcr Fahrzeughersteller und Verbraucher gleicherma\u00dfen wichtige Leistungsverm\u00f6gen der Autobatterie.<\/span><\/p>\n<h3><b>H\u00f6chste Qualit\u00e4t<\/b><\/h3>\n<p><span style=\"font-weight: 400;\">H&amp;V ist weltweit der einzige AGM-Anbieter mit der kompletten Fertigungstiefe.&nbsp; H&amp;V verf\u00fcgt \u00fcber die vollst\u00e4ndige Kontrolle, angefangen von der Auswahl des Sandes f\u00fcr die Herstellung der Mikroglasfasern bis hin zum Endprodukt AGM-Separator.&nbsp; Wir beschaffen Materialien von h\u00f6chster G\u00fcte und achten auf reine und sickerarme AGM-Separatoren.<\/span><\/p>\n<h3><b>Globales Vertriebsnetz<\/b><\/h3>\n<p><span style=\"font-weight: 400;\">H&amp;V fertigt AGM-Separatoren in Nordamerika, Europa und Asien.&nbsp; Globale und regionale Hersteller von AGM-Batterien k\u00f6nnen sich auf die weltweit gleichbleibende Qualit\u00e4t unserer Produkte verlassen.&nbsp;<\/span><\/p>\n<h3><b>L\u00f6sungsanbieter<\/b><\/h3>\n<p><span style=\"font-weight: 400;\">Da H&amp;V All-Glass-Separatoren und armierte AGM-Separatoren \u00fcberall auf der Welt produziert, verf\u00fcgen wir f\u00fcr jede Region \u00fcber Fachpersonal, das Sie bei Ihrer jeweiligen Anwendung unterst\u00fctzen kann.&nbsp; Gerne stehen wir Ihnen als Partner zur Verf\u00fcgung und erarbeiten gemeinsam eine L\u00f6sung f\u00fcr Ihre Anforderungen in Bezug auf AGM-Batterieseparatoren f\u00fcr Ihre Anwendungen.<\/span><\/p>\n<h2><b>F\u00fcr welche Anwendungen sind All-Glass-AGM-Separatoren geeignet?<\/b><\/h2>\n<p><span style=\"font-weight: 400;\">In der PKW-Fertigung werden weltweit vorwiegend All-Glass-AGM-Separatoren verwendet.&nbsp; Der All-Glass-AGM ist der optimale AGM-Separator f\u00fcr jede Art von PKW-Antriebsstrang, einschlie\u00dflich:&nbsp;<\/span><\/p>\n<ul>\n<li style=\"font-weight: 400;\" aria-level=\"1\"><span style=\"font-weight: 400;\">Stopp\/Start&nbsp;<\/span><\/li>\n<li style=\"font-weight: 400;\" aria-level=\"1\"><span style=\"font-weight: 400;\">Mild- oder Vollhybrid<\/span><\/li>\n<li style=\"font-weight: 400;\" aria-level=\"1\"><span style=\"font-weight: 400;\">Elektroautos (BEV), Hilfsfunktion<\/span><\/li>\n<\/ul>\n<h3><b>Ganzglas-AGM-Separatoren vom Marktf\u00fchrer.<\/b><\/h3>\n<p><span style=\"font-weight: 400;\">Dank ihrer hervorragenden Qualit\u00e4t und Leistung sind die Ganzglas-AGM-Separatoren von Hollingsworth &amp; Vose Company weltweit der Beststeller unter den AGM-Batterieseparatoren f\u00fcr die Automobilbranche. Bei H&amp;V konstruieren und fertigen wir Batterieseparatoren im Einklang mit den h\u00f6chsten Standards in puncto Leistung und Batteriemontage. Wenn Sie mehr \u00fcber unsere hochmodernen Materialien und deren Einsatz in Batterien erfahren m\u00f6chten, kontaktieren Sie uns noch heute. In uns finden Sie einen vertrauensvollen Partner mit der Expertise f\u00fcr Ihre individuelle Batteriel\u00f6sung.<\/span><\/p>\n","protected":false},"excerpt":{"rendered":"<p>&nbsp; Die f\u00fcr PKW geltenden Bestimmungen zur Reduzierung des Aussto\u00dfes von Kohlendioxid (CO2) geh\u00f6ren zu den strengsten \u00fcberhaupt. Diese CO2-Vorgaben lassen sich nur mithilfe modernster Batterietechnologie erreichen.&nbsp; Im Streben nach l\u00e4ngerer Batterielebensdauer, mehr Leistung und damit einem geringerenCO2-Aussto\u00df verl\u00e4sst sich die Automobilbranche weltweit seit Jahren auf H&amp;V. Der All-Glass-AGM-Separator von H&amp;V ist der weltweit f\u00fchrende [&hellip;]<\/p>\n","protected":false},"author":27,"featured_media":0,"parent":0,"menu_order":0,"comment_status":"closed","ping_status":"closed","template":"","meta":{"_acf_changed":false,"content-type":"","inline_featured_image":false,"footnotes":""},"class_list":["post-10909","page","type-page","status-publish","hentry"],"acf":[],"yoast_head":"<!-- This site is optimized with the Yoast SEO plugin v27.4 - https:\/\/yoast.com\/product\/yoast-seo-wordpress\/ -->\n<title>Hauptversammlung EnergyGlass - Hollingsworth \uff06 Vose<\/title>\n<meta name=\"description\" content=\"AGM EnergyGlass von Hollingsworth &amp; Vose bietet zuverl\u00e4ssige Hochleistungsl\u00f6sungen f\u00fcr Energiespeicherung und -management.\" \/>\n<meta name=\"robots\" content=\"index, follow, max-snippet:-1, max-image-preview:large, max-video-preview:-1\" \/>\n<link rel=\"canonical\" href=\"https:\/\/www.hollingsworth-vose.com\/de\/hauptversammlung-energyglass\/\" \/>\n<meta property=\"og:locale\" content=\"de_DE\" \/>\n<meta property=\"og:type\" content=\"article\" \/>\n<meta property=\"og:title\" content=\"Hauptversammlung EnergyGlass - Hollingsworth \uff06 Vose\" \/>\n<meta property=\"og:description\" content=\"AGM EnergyGlass von Hollingsworth &amp; Vose bietet zuverl\u00e4ssige Hochleistungsl\u00f6sungen f\u00fcr Energiespeicherung und -management.\" \/>\n<meta property=\"og:url\" content=\"https:\/\/www.hollingsworth-vose.com\/de\/hauptversammlung-energyglass\/\" \/>\n<meta property=\"og:site_name\" content=\"Hollingsworth \uff06 Vose\" \/>\n<meta property=\"article:modified_time\" content=\"2025-02-04T11:33:57+00:00\" \/>\n<meta name=\"twitter:label1\" content=\"Gesch\u00e4tzte Lesezeit\" \/>\n\t<meta name=\"twitter:data1\" content=\"3 Minuten\" \/>\n<script type=\"application\/ld+json\" class=\"yoast-schema-graph\">{\"@context\":\"https:\\\/\\\/schema.org\",\"@graph\":[{\"@type\":\"WebPage\",\"@id\":\"https:\\\/\\\/www.hollingsworth-vose.com\\\/de\\\/hauptversammlung-energyglass\\\/\",\"url\":\"https:\\\/\\\/www.hollingsworth-vose.com\\\/de\\\/hauptversammlung-energyglass\\\/\",\"name\":\"Hauptversammlung EnergyGlass - Hollingsworth \uff06 Vose\",\"isPartOf\":{\"@id\":\"https:\\\/\\\/www.hollingsworth-vose.com\\\/#website\"},\"datePublished\":\"2024-08-27T21:07:16+00:00\",\"dateModified\":\"2025-02-04T11:33:57+00:00\",\"description\":\"AGM EnergyGlass von Hollingsworth & Vose bietet zuverl\u00e4ssige Hochleistungsl\u00f6sungen f\u00fcr Energiespeicherung und -management.\",\"breadcrumb\":{\"@id\":\"https:\\\/\\\/www.hollingsworth-vose.com\\\/de\\\/hauptversammlung-energyglass\\\/#breadcrumb\"},\"inLanguage\":\"de-DE\",\"potentialAction\":[{\"@type\":\"ReadAction\",\"target\":[\"https:\\\/\\\/www.hollingsworth-vose.com\\\/de\\\/hauptversammlung-energyglass\\\/\"]}]},{\"@type\":\"BreadcrumbList\",\"@id\":\"https:\\\/\\\/www.hollingsworth-vose.com\\\/de\\\/hauptversammlung-energyglass\\\/#breadcrumb\",\"itemListElement\":[{\"@type\":\"ListItem\",\"position\":1,\"name\":\"Home\",\"item\":\"https:\\\/\\\/www.hollingsworth-vose.com\\\/\"},{\"@type\":\"ListItem\",\"position\":2,\"name\":\"Hauptversammlung EnergyGlass\"}]},{\"@type\":\"WebSite\",\"@id\":\"https:\\\/\\\/www.hollingsworth-vose.com\\\/#website\",\"url\":\"https:\\\/\\\/www.hollingsworth-vose.com\\\/\",\"name\":\"Hollingsworth \uff06 Vose\",\"description\":\"\",\"potentialAction\":[{\"@type\":\"SearchAction\",\"target\":{\"@type\":\"EntryPoint\",\"urlTemplate\":\"https:\\\/\\\/www.hollingsworth-vose.com\\\/?s={search_term_string}\"},\"query-input\":{\"@type\":\"PropertyValueSpecification\",\"valueRequired\":true,\"valueName\":\"search_term_string\"}}],\"inLanguage\":\"de-DE\"}]}<\/script>\n<!-- \/ Yoast SEO plugin. -->","yoast_head_json":{"title":"Hauptversammlung EnergyGlass - Hollingsworth \uff06 Vose","description":"AGM EnergyGlass von Hollingsworth & Vose bietet zuverl\u00e4ssige Hochleistungsl\u00f6sungen f\u00fcr Energiespeicherung und -management.","robots":{"index":"index","follow":"follow","max-snippet":"max-snippet:-1","max-image-preview":"max-image-preview:large","max-video-preview":"max-video-preview:-1"},"canonical":"https:\/\/www.hollingsworth-vose.com\/de\/hauptversammlung-energyglass\/","og_locale":"de_DE","og_type":"article","og_title":"Hauptversammlung EnergyGlass - Hollingsworth \uff06 Vose","og_description":"AGM EnergyGlass von Hollingsworth & Vose bietet zuverl\u00e4ssige Hochleistungsl\u00f6sungen f\u00fcr Energiespeicherung und -management.","og_url":"https:\/\/www.hollingsworth-vose.com\/de\/hauptversammlung-energyglass\/","og_site_name":"Hollingsworth \uff06 Vose","article_modified_time":"2025-02-04T11:33:57+00:00","twitter_misc":{"Gesch\u00e4tzte Lesezeit":"3 Minuten"},"schema":{"@context":"https:\/\/schema.org","@graph":[{"@type":"WebPage","@id":"https:\/\/www.hollingsworth-vose.com\/de\/hauptversammlung-energyglass\/","url":"https:\/\/www.hollingsworth-vose.com\/de\/hauptversammlung-energyglass\/","name":"Hauptversammlung EnergyGlass - Hollingsworth \uff06 Vose","isPartOf":{"@id":"https:\/\/www.hollingsworth-vose.com\/#website"},"datePublished":"2024-08-27T21:07:16+00:00","dateModified":"2025-02-04T11:33:57+00:00","description":"AGM EnergyGlass von Hollingsworth & Vose bietet zuverl\u00e4ssige Hochleistungsl\u00f6sungen f\u00fcr Energiespeicherung und -management.","breadcrumb":{"@id":"https:\/\/www.hollingsworth-vose.com\/de\/hauptversammlung-energyglass\/#breadcrumb"},"inLanguage":"de-DE","potentialAction":[{"@type":"ReadAction","target":["https:\/\/www.hollingsworth-vose.com\/de\/hauptversammlung-energyglass\/"]}]},{"@type":"BreadcrumbList","@id":"https:\/\/www.hollingsworth-vose.com\/de\/hauptversammlung-energyglass\/#breadcrumb","itemListElement":[{"@type":"ListItem","position":1,"name":"Home","item":"https:\/\/www.hollingsworth-vose.com\/"},{"@type":"ListItem","position":2,"name":"Hauptversammlung EnergyGlass"}]},{"@type":"WebSite","@id":"https:\/\/www.hollingsworth-vose.com\/#website","url":"https:\/\/www.hollingsworth-vose.com\/","name":"Hollingsworth \uff06 Vose","description":"","potentialAction":[{"@type":"SearchAction","target":{"@type":"EntryPoint","urlTemplate":"https:\/\/www.hollingsworth-vose.com\/?s={search_term_string}"},"query-input":{"@type":"PropertyValueSpecification","valueRequired":true,"valueName":"search_term_string"}}],"inLanguage":"de-DE"}]}},"_links":{"self":[{"href":"https:\/\/www.hollingsworth-vose.com\/de\/wp-json\/wp\/v2\/pages\/10909","targetHints":{"allow":["GET"]}}],"collection":[{"href":"https:\/\/www.hollingsworth-vose.com\/de\/wp-json\/wp\/v2\/pages"}],"about":[{"href":"https:\/\/www.hollingsworth-vose.com\/de\/wp-json\/wp\/v2\/types\/page"}],"author":[{"embeddable":true,"href":"https:\/\/www.hollingsworth-vose.com\/de\/wp-json\/wp\/v2\/users\/27"}],"replies":[{"embeddable":true,"href":"https:\/\/www.hollingsworth-vose.com\/de\/wp-json\/wp\/v2\/comments?post=10909"}],"version-history":[{"count":0,"href":"https:\/\/www.hollingsworth-vose.com\/de\/wp-json\/wp\/v2\/pages\/10909\/revisions"}],"wp:attachment":[{"href":"https:\/\/www.hollingsworth-vose.com\/de\/wp-json\/wp\/v2\/media?parent=10909"}],"curies":[{"name":"wp","href":"https:\/\/api.w.org\/{rel}","templated":true}]}}