{"id":7402,"date":"2021-07-15T15:04:35","date_gmt":"2021-07-15T15:04:35","guid":{"rendered":"https:\/\/www.hollingsworth-vose.com\/?page_id=7402"},"modified":"2025-02-04T14:20:24","modified_gmt":"2025-02-04T14:20:24","slug":"energyguard","status":"publish","type":"page","link":"https:\/\/www.hollingsworth-vose.com\/de\/energyguard\/","title":{"rendered":"EnergyGuard<sup>\u00ae<\/sup>"},"content":{"rendered":"<p><center><img decoding=\"async\" class=\"brand-logo aligncenter\" src=\"\/wp-content\/uploads\/HV_EnergyGuard_Logo-copy.jpg\" alt=\"energyguard\"\/><\/center>&nbsp;<\/p>\n<p><span style=\"font-weight: 400;\">EnergyGuard<\/span><span style=\"font-weight: 400;\"><sup>\u00ae<\/sup><\/span><span style=\"font-weight: 400;\"> ist ein weltweit f\u00fchrender armierter Batterieseparator f\u00fcr VRLA-AGM-Batterien. Der hochfeste Synthetikverbundseparator besteht aus einer einzigartigen Mischung aus Mikroglasfasern und Synthetikfasern. EnergyGuard weist eine einzigartige Zug- und Berstfestigkeit auf und bietet gleichzeitig die komplette Funktionalit\u00e4t herk\u00f6mmlicher Glasseparatoren. Die Ausschussrate in der Batteriefertigung sinkt, da Abwickelrisse und Lochbildung aufgrund von Pastierungsnasen reduziert werden.<\/span><\/p>\n<h2><b>Was spricht f\u00fcr EnergyGuard<span style=\"font-weight: 400;\"><sup>\u00ae<\/sup><\/span>-Separatoren?<\/b><\/h2>\n<p><span style=\"font-weight: 400;\">Die VRLA-AGM-Batterieseparatoren aus der Serie EnergyGuard<sup>\u00ae<\/sup> geh\u00f6ren zu den robustesten auf dem Markt. Aufgrund ihrer au\u00dfergew\u00f6hnlichen Festigkeit und Funktionalit\u00e4t und vieler anderer Vorz\u00fcge erfreuen sie sich weltweit gro\u00dfer Beliebtheit. Zu den Merkmalen geh\u00f6ren:<\/span><\/p>\n<ul>\n<li style=\"font-weight: 400;\" aria-level=\"1\"><b>Dickenbest\u00e4ndigkeit.<\/b><span style=\"font-weight: 400;\"> Unsere Separatoren haben eine \u00fcberlegene Faserverbindung, wodurch das Verrutschen unter Druck minimiert wird. Der Separator speichert die elastische Energie und federt zur\u00fcck, sobald die Kompression wegf\u00e4llt. Dies stellt eine Verbesserung gegen\u00fcber Ganzglasseparatoren dar.<\/span><\/li>\n<li style=\"font-weight: 400;\" aria-level=\"1\"><b>Zugfestigkeit.<\/b><span style=\"font-weight: 400;\"> Durch die Verwendung unserer eigenen Synthetikfasern entsteht eine Verbindung innerhalb der Innenstruktur. Damit ist die Zugfestigkeit zweimal so hoch wie bei Ganzglas.<\/span><\/li>\n<li style=\"font-weight: 400;\" aria-level=\"1\"><b>Durchsto\u00dffestigkeit.<\/b><span style=\"font-weight: 400;\"> Durch die armierte Oberfl\u00e4chenfestigkeit ist die Durchsto\u00dffestigkeit zweimal so hoch wie bei Ganzglas. Diese Eigenschaft ergibt sich aus dem optimierten Netz aus Synthetikfasern.<\/span><\/li>\n<li style=\"font-weight: 400;\" aria-level=\"1\"><b>Tiefere Zyklen und l\u00e4ngere Lebensdauer. <\/b><span style=\"font-weight: 400;\">Die Synthetikfasern in EnergyGuard sorgen f\u00fcr hohe Elastizit\u00e4t und ein ausgezeichnetes Zur\u00fcckfedern nach Kompression. Dadurch bleibt der Innendruck hoch, w\u00e4hrend die Batteriezyklen aus Zusammenziehung und Ausdehnung durchlaufen werden. EnergyGuard ist diesen Herausforderungen gewachsen und sorgt auch bei tiefen Zyklen f\u00fcr einen robusten Plattenkontakt.&nbsp;<\/span><\/li>\n<li style=\"font-weight: 400;\" aria-level=\"1\"><b>Schnellere Fertigung. <\/b><span style=\"font-weight: 400;\">Mit seiner \u00fcberlegenen Durchsto\u00df- und Zugfestigkeit ist EnergyGuard hervorragend f\u00fcr die automatische Hochgeschwindigkeitsfertigung geeignet. Die Durchsatzmengen steigen, w\u00e4hrend gleichzeitig weniger Ausschuss produziert wird. Durch die Armierung werden au\u00dferdem Risse beim Wickeln vermieden und eine reibungslose Verarbeitung sichergestellt. Der Separator bietet zudem Schutz vor Durchsto\u00dfl\u00f6chern aufgrund von Unregelm\u00e4\u00dfigkeiten auf der Plattenoberfl\u00e4che. So kommt es zu weniger Ausschuss bei den Zellen und weniger Kurzschl\u00fcssen.<\/span><\/li>\n<li style=\"font-weight: 400;\" aria-level=\"1\"><b>Eignung f\u00fcr vibrationsintensive Umgebungen. <\/b><span style=\"font-weight: 400;\">Bei anspruchsvollen Anwendungen im Feld, z.\u00a0B. bei Motorr\u00e4dern und LKW, verl\u00e4sst man sich auf EnergyGuard-Separatoren, die im Vergleich zu Glasseparatoren und anderen armierten Alternativen l\u00e4nger durchhalten. Durch die \u00fcberlegene Widerstandsf\u00e4higkeit von EnergyGuard werden Ausf\u00e4lle aufgrund von Dauervibrationen vermieden. Die Durchsto\u00dffestigkeit der Oberfl\u00e4che und die verbundene Innenstruktur verleihen den Batterien eine l\u00e4ngere Lebensdauer.<\/span><\/li>\n<\/ul>\n<h2><b>F\u00fcr welche Anwendungen sind EnergyGuard<span style=\"font-weight: 400;\"><sup>\u00ae<\/sup><\/span>-Separatoren geeignet?<\/b><\/h2>\n<p><span style=\"font-weight: 400;\">EnergyGuard ist ideal f\u00fcr industrielle Anwendungen und f\u00fcr vibrationsintensive Anwendungen im Automobilbereich. Bei den folgenden Anwendungen sollten diese Separatoren in Betracht gezogen werden:&nbsp;<\/span><\/p>\n<ul>\n<li style=\"font-weight: 400;\" aria-level=\"1\"><span style=\"font-weight: 400;\">Rechenzentren<\/span><\/li>\n<li style=\"font-weight: 400;\" aria-level=\"1\"><span style=\"font-weight: 400;\">Telekommunikation<\/span><\/li>\n<li style=\"font-weight: 400;\" aria-level=\"1\"><span style=\"font-weight: 400;\">Flurf\u00f6rderzeuge (Gabelstapler)<\/span><\/li>\n<li style=\"font-weight: 400;\" aria-level=\"1\"><span style=\"font-weight: 400;\">Luft- und Raumfahrt, Milit\u00e4r<\/span><\/li>\n<li style=\"font-weight: 400;\" aria-level=\"1\"><span style=\"font-weight: 400;\">LKW<\/span><\/li>\n<li style=\"font-weight: 400;\" aria-level=\"1\"><span style=\"font-weight: 400;\">Motorr\u00e4der<\/span><\/li>\n<li style=\"font-weight: 400;\" aria-level=\"1\"><span style=\"font-weight: 400;\">Niedergeschwindigkeitsfahrzeuge<\/span><\/li>\n<li style=\"font-weight: 400;\" aria-level=\"1\"><span style=\"font-weight: 400;\">Motorsport<\/span><\/li>\n<\/ul>\n<h2><b>EnergyGuard<span style=\"font-weight: 400;\"><sup>\u00ae<\/sup><\/span>-Separatoren von H&amp;V<\/b><\/h2>\n<p><span style=\"font-weight: 400;\">Dank seiner hervorragenden Qualit\u00e4t und Leistung ist EnergyGuard<sup>\u00ae<\/sup> von Hollingsworth &amp; Vose Company ein weltweit verkaufsstarker AGM-Batterieseparator. Er \u00fcberzeugt durch ausgezeichnete Vibrationsfestigkeit, geringe Fertigungsdefekte aufgrund von Pastierungsnasen und \u00fcberlegene Festigkeit. Wenn Sie mehr \u00fcber unsere VRLA-AGM-Batterieseparatoren aus der EnergyGuard-Serie oder \u00fcber unsere anderen Produkte und Leistungen erfahren m\u00f6chten, <\/span><span style=\"font-weight: 400;\"><a href=\"\/\/www.hollingsworth-vose.com\/contact-us\/\">kontaktieren Sie uns<\/a> noch heute.<\/span><\/p>\n","protected":false},"excerpt":{"rendered":"<p>&nbsp; EnergyGuard\u00ae ist ein weltweit f\u00fchrender armierter Batterieseparator f\u00fcr VRLA-AGM-Batterien. Der hochfeste Synthetikverbundseparator besteht aus einer einzigartigen Mischung aus Mikroglasfasern und Synthetikfasern. EnergyGuard weist eine einzigartige Zug- und Berstfestigkeit auf und bietet gleichzeitig die komplette Funktionalit\u00e4t herk\u00f6mmlicher Glasseparatoren. Die Ausschussrate in der Batteriefertigung sinkt, da Abwickelrisse und Lochbildung aufgrund von Pastierungsnasen reduziert werden. Was spricht [&hellip;]<\/p>\n","protected":false},"author":27,"featured_media":0,"parent":0,"menu_order":0,"comment_status":"closed","ping_status":"closed","template":"","meta":{"_acf_changed":false,"content-type":"","inline_featured_image":false,"footnotes":""},"class_list":["post-7402","page","type-page","status-publish","hentry"],"acf":[],"yoast_head":"<!-- This site is optimized with the Yoast SEO plugin v27.3 - https:\/\/yoast.com\/product\/yoast-seo-wordpress\/ -->\n<title>EnergyGuard\u00ae: Nachhaltige Energiespeicherl\u00f6sungen<\/title>\n<meta name=\"description\" content=\"EnergyGuard: Energieeffizienz steigern! Innovative Produkte von Hollingsworth \uff06 Vose f\u00fcr Geb\u00e4ude \uff06 Industrie.\" \/>\n<meta name=\"robots\" content=\"index, follow, max-snippet:-1, max-image-preview:large, max-video-preview:-1\" \/>\n<link rel=\"canonical\" href=\"https:\/\/www.hollingsworth-vose.com\/de\/energyguard\/\" \/>\n<meta property=\"og:locale\" content=\"de_DE\" \/>\n<meta property=\"og:type\" content=\"article\" \/>\n<meta property=\"og:title\" content=\"EnergyGuard\u00ae: Nachhaltige Energiespeicherl\u00f6sungen\" \/>\n<meta property=\"og:description\" content=\"EnergyGuard: Energieeffizienz steigern! Innovative Produkte von Hollingsworth \uff06 Vose f\u00fcr Geb\u00e4ude \uff06 Industrie.\" \/>\n<meta property=\"og:url\" content=\"https:\/\/www.hollingsworth-vose.com\/de\/energyguard\/\" \/>\n<meta property=\"og:site_name\" content=\"Hollingsworth \uff06 Vose\" \/>\n<meta property=\"article:modified_time\" content=\"2025-02-04T14:20:24+00:00\" \/>\n<meta name=\"twitter:label1\" content=\"Gesch\u00e4tzte Lesezeit\" \/>\n\t<meta name=\"twitter:data1\" content=\"2 Minuten\" \/>\n<script type=\"application\/ld+json\" class=\"yoast-schema-graph\">{\"@context\":\"https:\\\/\\\/schema.org\",\"@graph\":[{\"@type\":\"WebPage\",\"@id\":\"https:\\\/\\\/www.hollingsworth-vose.com\\\/de\\\/energyguard\\\/\",\"url\":\"https:\\\/\\\/www.hollingsworth-vose.com\\\/de\\\/energyguard\\\/\",\"name\":\"EnergyGuard\u00ae: Nachhaltige Energiespeicherl\u00f6sungen\",\"isPartOf\":{\"@id\":\"https:\\\/\\\/www.hollingsworth-vose.com\\\/#website\"},\"datePublished\":\"2021-07-15T15:04:35+00:00\",\"dateModified\":\"2025-02-04T14:20:24+00:00\",\"description\":\"EnergyGuard: Energieeffizienz steigern! Innovative Produkte von Hollingsworth \uff06 Vose f\u00fcr Geb\u00e4ude \uff06 Industrie.\",\"breadcrumb\":{\"@id\":\"https:\\\/\\\/www.hollingsworth-vose.com\\\/de\\\/energyguard\\\/#breadcrumb\"},\"inLanguage\":\"de-DE\",\"potentialAction\":[{\"@type\":\"ReadAction\",\"target\":[\"https:\\\/\\\/www.hollingsworth-vose.com\\\/de\\\/energyguard\\\/\"]}]},{\"@type\":\"BreadcrumbList\",\"@id\":\"https:\\\/\\\/www.hollingsworth-vose.com\\\/de\\\/energyguard\\\/#breadcrumb\",\"itemListElement\":[{\"@type\":\"ListItem\",\"position\":1,\"name\":\"Home\",\"item\":\"https:\\\/\\\/www.hollingsworth-vose.com\\\/\"},{\"@type\":\"ListItem\",\"position\":2,\"name\":\"EnergyGuard\u00ae\"}]},{\"@type\":\"WebSite\",\"@id\":\"https:\\\/\\\/www.hollingsworth-vose.com\\\/#website\",\"url\":\"https:\\\/\\\/www.hollingsworth-vose.com\\\/\",\"name\":\"Hollingsworth \uff06 Vose\",\"description\":\"\",\"potentialAction\":[{\"@type\":\"SearchAction\",\"target\":{\"@type\":\"EntryPoint\",\"urlTemplate\":\"https:\\\/\\\/www.hollingsworth-vose.com\\\/?s={search_term_string}\"},\"query-input\":{\"@type\":\"PropertyValueSpecification\",\"valueRequired\":true,\"valueName\":\"search_term_string\"}}],\"inLanguage\":\"de-DE\"}]}<\/script>\n<!-- \/ Yoast SEO plugin. -->","yoast_head_json":{"title":"EnergyGuard\u00ae: Nachhaltige Energiespeicherl\u00f6sungen","description":"EnergyGuard: Energieeffizienz steigern! Innovative Produkte von Hollingsworth \uff06 Vose f\u00fcr Geb\u00e4ude \uff06 Industrie.","robots":{"index":"index","follow":"follow","max-snippet":"max-snippet:-1","max-image-preview":"max-image-preview:large","max-video-preview":"max-video-preview:-1"},"canonical":"https:\/\/www.hollingsworth-vose.com\/de\/energyguard\/","og_locale":"de_DE","og_type":"article","og_title":"EnergyGuard\u00ae: Nachhaltige Energiespeicherl\u00f6sungen","og_description":"EnergyGuard: Energieeffizienz steigern! Innovative Produkte von Hollingsworth \uff06 Vose f\u00fcr Geb\u00e4ude \uff06 Industrie.","og_url":"https:\/\/www.hollingsworth-vose.com\/de\/energyguard\/","og_site_name":"Hollingsworth \uff06 Vose","article_modified_time":"2025-02-04T14:20:24+00:00","twitter_misc":{"Gesch\u00e4tzte Lesezeit":"2 Minuten"},"schema":{"@context":"https:\/\/schema.org","@graph":[{"@type":"WebPage","@id":"https:\/\/www.hollingsworth-vose.com\/de\/energyguard\/","url":"https:\/\/www.hollingsworth-vose.com\/de\/energyguard\/","name":"EnergyGuard\u00ae: Nachhaltige Energiespeicherl\u00f6sungen","isPartOf":{"@id":"https:\/\/www.hollingsworth-vose.com\/#website"},"datePublished":"2021-07-15T15:04:35+00:00","dateModified":"2025-02-04T14:20:24+00:00","description":"EnergyGuard: Energieeffizienz steigern! Innovative Produkte von Hollingsworth \uff06 Vose f\u00fcr Geb\u00e4ude \uff06 Industrie.","breadcrumb":{"@id":"https:\/\/www.hollingsworth-vose.com\/de\/energyguard\/#breadcrumb"},"inLanguage":"de-DE","potentialAction":[{"@type":"ReadAction","target":["https:\/\/www.hollingsworth-vose.com\/de\/energyguard\/"]}]},{"@type":"BreadcrumbList","@id":"https:\/\/www.hollingsworth-vose.com\/de\/energyguard\/#breadcrumb","itemListElement":[{"@type":"ListItem","position":1,"name":"Home","item":"https:\/\/www.hollingsworth-vose.com\/"},{"@type":"ListItem","position":2,"name":"EnergyGuard\u00ae"}]},{"@type":"WebSite","@id":"https:\/\/www.hollingsworth-vose.com\/#website","url":"https:\/\/www.hollingsworth-vose.com\/","name":"Hollingsworth \uff06 Vose","description":"","potentialAction":[{"@type":"SearchAction","target":{"@type":"EntryPoint","urlTemplate":"https:\/\/www.hollingsworth-vose.com\/?s={search_term_string}"},"query-input":{"@type":"PropertyValueSpecification","valueRequired":true,"valueName":"search_term_string"}}],"inLanguage":"de-DE"}]}},"_links":{"self":[{"href":"https:\/\/www.hollingsworth-vose.com\/de\/wp-json\/wp\/v2\/pages\/7402","targetHints":{"allow":["GET"]}}],"collection":[{"href":"https:\/\/www.hollingsworth-vose.com\/de\/wp-json\/wp\/v2\/pages"}],"about":[{"href":"https:\/\/www.hollingsworth-vose.com\/de\/wp-json\/wp\/v2\/types\/page"}],"author":[{"embeddable":true,"href":"https:\/\/www.hollingsworth-vose.com\/de\/wp-json\/wp\/v2\/users\/27"}],"replies":[{"embeddable":true,"href":"https:\/\/www.hollingsworth-vose.com\/de\/wp-json\/wp\/v2\/comments?post=7402"}],"version-history":[{"count":0,"href":"https:\/\/www.hollingsworth-vose.com\/de\/wp-json\/wp\/v2\/pages\/7402\/revisions"}],"wp:attachment":[{"href":"https:\/\/www.hollingsworth-vose.com\/de\/wp-json\/wp\/v2\/media?parent=7402"}],"curies":[{"name":"wp","href":"https:\/\/api.w.org\/{rel}","templated":true}]}}