{"id":7406,"date":"2021-09-02T17:13:11","date_gmt":"2021-09-02T17:13:11","guid":{"rendered":"https:\/\/www.hollingsworth-vose.com\/?page_id=7406"},"modified":"2025-02-04T14:28:10","modified_gmt":"2025-02-04T14:28:10","slug":"hi-sep","status":"publish","type":"page","link":"https:\/\/www.hollingsworth-vose.com\/de\/hi-sep\/","title":{"rendered":"Hi-Sep\u2122"},"content":{"rendered":"<p><img decoding=\"async\" class=\"brand-logo aligncenter\" src=\"\/wp-content\/uploads\/HV_HiSep_Logo-copy.jpg\" alt=\"hi sep\"\/><\/p>\n<p>&nbsp;<\/p>\n<p><span style=\"font-weight: 400;\">Die Auswahl des richtigen Batterieseparators ist ein wesentlicher Faktor f\u00fcr die Leistung und Lebensdauer Ihrer Batterie. Bei Hollingsworth &amp; Vose produzieren und vertreiben wir Materialien f\u00fcr Hi-Sep&nbsp;-Batterieseparatoren aus Synthetik- und Glasfasern, die im Vergleich zu Separatoren aus Phenolharz, Polyethylen (PE) und Polyvinylchlorid (PVC) in VRLA-Gelbatterien eine wesentlich bessere Leistung erzielen. Auf dieser Seite erhalten Sie einen \u00dcberblick \u00fcber die Eigenschaften, Vorteile und m\u00f6glichen Industrieanwendungen von Hi-Sep-Batterieseparatoren.<\/span><\/p>\n<h2><b>Was spricht f\u00fcr Hi-Sep?<\/b><\/h2>\n<p><span style=\"font-weight: 400;\">F\u00fcr unterschiedliche Batterieprodukte werden spezielle Materialien als Batterieseparator ben\u00f6tigt.&nbsp; Hi-Sep ist der einzige weltweit erh\u00e4ltliche VRLA-Gelseparator, der in unterschiedlichen Konfigurationen lieferbar ist, u.\u00a0a. als Rollen, Bl\u00e4tter, H\u00fcllen und mit oder ohne Glasmatte. &nbsp; Hi-Sep als Rollenware erlaubt es den Herstellern von VRLA-Gelbatterien, den Durchsatz in der Batterieproduktion zu erh\u00f6hen.&nbsp;&nbsp;<\/span><\/p>\n<p><span style=\"font-weight: 400;\">In VRLA-Gelbatterien und hochwertigen gefluteten Bleibatterien erbringt Hi-Sep eine bessere Leistung als andere Separatoren.&nbsp; Hi-Sep wurde mit einer hohen Porosit\u00e4t von 70% oder mehr entwickelt, sodass sich durch bessere Ionenbeweglichkeit eine h\u00f6here Leistung erzielen l\u00e4sst.&nbsp; Die optimierten kr\u00fcmmungsreichen Poren verhindern zudem Dendrit-Kurzschl\u00fcsse und verl\u00e4ngern damit die Lebensdauer der Batterie.&nbsp; F\u00fcr unsere Hi-Sep-Batterieseparatoren verwenden wir eine nahezu sickerfreie Rezeptur aus Bindemitteln, Synthetikfasern, Filtern und Glasfasern. Durch diese einzigartige Zusammensetzung sind sie ein ausgezeichneter Ersatz f\u00fcr andere g\u00e4ngige Separatormaterialien wie z.\u00a0B. PE, PVC und Phenolharz.<\/span><\/p>\n<p><span style=\"font-weight: 400;\">Unsere Hi-Sep-Batterieseparatoren haben die folgenden Eigenschaften:<\/span><\/p>\n<ul>\n<li style=\"font-weight: 400;\" aria-level=\"1\"><span style=\"font-weight: 400;\">Volumenporosit\u00e4t von 70% oder mehr f\u00fcr die Ionenbeweglichkeit (ideal f\u00fcr VRLA-Gelbatterien)<\/span><\/li>\n<li style=\"font-weight: 400;\" aria-level=\"1\"><span style=\"font-weight: 400;\">Kr\u00fcmmungsreiche Poren zur Vermeidung von Dendrit-Kurzschl\u00fcssen&nbsp;<\/span><\/li>\n<li style=\"font-weight: 400;\" aria-level=\"1\"><span style=\"font-weight: 400;\">Geringer elektrischer Widerstand<\/span><\/li>\n<li style=\"font-weight: 400;\" aria-level=\"1\"><span style=\"font-weight: 400;\">Geringste elektrochemische Oxidation in dieser Klasse<\/span><\/li>\n<li style=\"font-weight: 400;\" aria-level=\"1\"><span style=\"font-weight: 400;\">Best\u00e4ndigkeit in sehr hei\u00dfen Umgebungen<\/span><\/li>\n<li style=\"font-weight: 400;\" aria-level=\"1\"><span style=\"font-weight: 400;\">Vergleichsweise wenig Verunreinigungen.<\/span><\/li>\n<li style=\"font-weight: 400;\" aria-level=\"1\"><span style=\"font-weight: 400;\">Erh\u00e4ltlich in unterschiedlichen Dicken<\/span><\/li>\n<li style=\"font-weight: 400;\" aria-level=\"1\"><span style=\"font-weight: 400;\">Erh\u00e4ltlich als Bl\u00e4tter, H\u00fcllen oder Rollen<\/span><\/li>\n<li style=\"font-weight: 400;\" aria-level=\"1\"><span style=\"font-weight: 400;\">Gute Festigkeit und Durchsto\u00dffestigkeit, somit verbesserte Batterieproduktion und Eignung f\u00fcr vibrationsintensive Anwendungen.&nbsp;<\/span><\/li>\n<li style=\"font-weight: 400;\" aria-level=\"1\"><span style=\"font-weight: 400;\">Vielseitig verwendbar f\u00fcr diverse Batterieprodukte unterschiedlichen Typs<\/span><\/li>\n<\/ul>\n<h2><b>F\u00fcr welche Anwendungen ist Hi-Sep geeignet?<\/b><\/h2>\n<p><span style=\"font-weight: 400;\">Unsere Hi-Sep-Batterieseparatoren unterst\u00fctzen seit \u00fcber zehn Jahren zahllose Tiefzyklus- und PSOC- Batterieanwendungen. Sie erbringen eine hervorragende Leistung bei rauen Anwendungen und unter extremen Umgebungsbedingungen, bei denen unter den schwierigsten Betriebsbedingungen eine konstante Batterieleistung gefordert ist.&nbsp;<\/span><\/p>\n<p><span style=\"font-weight: 400;\">Hi-Sep-Batterieseparatoren eignen sich f\u00fcr diverse Batterieprodukte in vielen Anwendungen im Bereich Industriefahrzeuge und Notstromversorgung.<\/span><\/p>\n<h3><b>Industriefahrzeuge<\/b><\/h3>\n<p><span style=\"font-weight: 400;\">Mit unserem Hi-Sep-Produkt l\u00e4sst sich die Lebensdauer von VRLA-Gelbatterien in Fahrzeugen f\u00fcr G\u00fcterbewegungen im Lager verl\u00e4ngern. Hi-Sep-Batterieseparatoren werden vielfach in Batterien f\u00fcr Flurf\u00f6rderzeuge im Lager eingesetzt.<\/span><\/p>\n<h3><b>Industrienotstrom<\/b><\/h3>\n<p><span style=\"font-weight: 400;\">Wir fertigen Hi-Sep-Batterieseparatoren f\u00fcr Notstromanwendungen mit unvorhersehbaren Nutzungszyklen. Die Hi-Sep-Produktserie umfasst Notstrom-Separatoreinheiten mit Glasmatten, Rippen und Mischformen, die f\u00fcr die unterbrechungsfreie Stromversorgung (USV) und die Telekommunikation eingesetzt werden.<\/span><\/p>\n<h2><b>W\u00e4hlen Sie Hi-Sep von Hollingsworth &amp; Vose<\/b><\/h2>\n<p><span style=\"font-weight: 400;\">Bei Hollingsworth &amp; Vose haben wir uns auf die Entwicklung qualitativ hochwertiger Batterieseparatoren spezialisiert, die die strengen Anforderungen unserer Kunden in Bezug auf Leistung und Material erf\u00fcllen. F\u00fcr die Automobilbranche und die Industrie bauen wir langlebige Separatoren, mit denen sich die Lebensdauer und die Leistung von Batterien in rauen Anwendungen erh\u00f6hen lassen. Unsere Teams k\u00f6nnen ma\u00dfgeschneiderte Separatoren f\u00fcr Ihre individuelle Anwendung entwickeln.<\/span><a href=\"https:\/\/www.hollingsworth-vose.com\/contact-us\/\"> <span style=\"font-weight: 400;\">Kontaktieren Sie uns noch heute,<\/span><\/a><span style=\"font-weight: 400;\"> wenn Sie mehr \u00fcber unsere Produkte und Leistungen erfahren m\u00f6chten.<\/span><\/p>\n","protected":false},"excerpt":{"rendered":"<p>&nbsp; Die Auswahl des richtigen Batterieseparators ist ein wesentlicher Faktor f\u00fcr die Leistung und Lebensdauer Ihrer Batterie. Bei Hollingsworth &amp; Vose produzieren und vertreiben wir Materialien f\u00fcr Hi-Sep&nbsp;-Batterieseparatoren aus Synthetik- und Glasfasern, die im Vergleich zu Separatoren aus Phenolharz, Polyethylen (PE) und Polyvinylchlorid (PVC) in VRLA-Gelbatterien eine wesentlich bessere Leistung erzielen. Auf dieser Seite erhalten [&hellip;]<\/p>\n","protected":false},"author":27,"featured_media":0,"parent":0,"menu_order":0,"comment_status":"closed","ping_status":"closed","template":"","meta":{"_acf_changed":false,"content-type":"","inline_featured_image":false,"footnotes":""},"class_list":["post-7406","page","type-page","status-publish","hentry"],"acf":[],"yoast_head":"<!-- This site is optimized with the Yoast SEO plugin v27.4 - https:\/\/yoast.com\/product\/yoast-seo-wordpress\/ -->\n<title>Hi-Sep\u2122: Hochleistungsseparatoren f\u00fcr Energieanwendungen<\/title>\n<meta name=\"description\" content=\"HI-SEP Hochleistungsabscheider: Hollingsworth \uff06 Vose bietet Hochleistungsabscheider f\u00fcr Batterien, Elektronik und andere Anwendungen.\" \/>\n<meta name=\"robots\" content=\"index, follow, max-snippet:-1, max-image-preview:large, max-video-preview:-1\" \/>\n<link rel=\"canonical\" href=\"https:\/\/www.hollingsworth-vose.com\/de\/hi-sep\/\" \/>\n<meta property=\"og:locale\" content=\"de_DE\" \/>\n<meta property=\"og:type\" content=\"article\" \/>\n<meta property=\"og:title\" content=\"Hi-Sep\u2122: Hochleistungsseparatoren f\u00fcr Energieanwendungen\" \/>\n<meta property=\"og:description\" content=\"HI-SEP Hochleistungsabscheider: Hollingsworth \uff06 Vose bietet Hochleistungsabscheider f\u00fcr Batterien, Elektronik und andere Anwendungen.\" \/>\n<meta property=\"og:url\" content=\"https:\/\/www.hollingsworth-vose.com\/de\/hi-sep\/\" \/>\n<meta property=\"og:site_name\" content=\"Hollingsworth \uff06 Vose\" \/>\n<meta property=\"article:modified_time\" content=\"2025-02-04T14:28:10+00:00\" \/>\n<meta name=\"twitter:label1\" content=\"Gesch\u00e4tzte Lesezeit\" \/>\n\t<meta name=\"twitter:data1\" content=\"3 Minuten\" \/>\n<script type=\"application\/ld+json\" class=\"yoast-schema-graph\">{\"@context\":\"https:\\\/\\\/schema.org\",\"@graph\":[{\"@type\":\"WebPage\",\"@id\":\"https:\\\/\\\/www.hollingsworth-vose.com\\\/de\\\/hi-sep\\\/\",\"url\":\"https:\\\/\\\/www.hollingsworth-vose.com\\\/de\\\/hi-sep\\\/\",\"name\":\"Hi-Sep\u2122: Hochleistungsseparatoren f\u00fcr Energieanwendungen\",\"isPartOf\":{\"@id\":\"https:\\\/\\\/www.hollingsworth-vose.com\\\/#website\"},\"datePublished\":\"2021-09-02T17:13:11+00:00\",\"dateModified\":\"2025-02-04T14:28:10+00:00\",\"description\":\"HI-SEP Hochleistungsabscheider: Hollingsworth \uff06 Vose bietet Hochleistungsabscheider f\u00fcr Batterien, Elektronik und andere Anwendungen.\",\"breadcrumb\":{\"@id\":\"https:\\\/\\\/www.hollingsworth-vose.com\\\/de\\\/hi-sep\\\/#breadcrumb\"},\"inLanguage\":\"de-DE\",\"potentialAction\":[{\"@type\":\"ReadAction\",\"target\":[\"https:\\\/\\\/www.hollingsworth-vose.com\\\/de\\\/hi-sep\\\/\"]}]},{\"@type\":\"BreadcrumbList\",\"@id\":\"https:\\\/\\\/www.hollingsworth-vose.com\\\/de\\\/hi-sep\\\/#breadcrumb\",\"itemListElement\":[{\"@type\":\"ListItem\",\"position\":1,\"name\":\"Home\",\"item\":\"https:\\\/\\\/www.hollingsworth-vose.com\\\/\"},{\"@type\":\"ListItem\",\"position\":2,\"name\":\"Hi-Sep\u2122\"}]},{\"@type\":\"WebSite\",\"@id\":\"https:\\\/\\\/www.hollingsworth-vose.com\\\/#website\",\"url\":\"https:\\\/\\\/www.hollingsworth-vose.com\\\/\",\"name\":\"Hollingsworth \uff06 Vose\",\"description\":\"\",\"potentialAction\":[{\"@type\":\"SearchAction\",\"target\":{\"@type\":\"EntryPoint\",\"urlTemplate\":\"https:\\\/\\\/www.hollingsworth-vose.com\\\/?s={search_term_string}\"},\"query-input\":{\"@type\":\"PropertyValueSpecification\",\"valueRequired\":true,\"valueName\":\"search_term_string\"}}],\"inLanguage\":\"de-DE\"}]}<\/script>\n<!-- \/ Yoast SEO plugin. -->","yoast_head_json":{"title":"Hi-Sep\u2122: Hochleistungsseparatoren f\u00fcr Energieanwendungen","description":"HI-SEP Hochleistungsabscheider: Hollingsworth \uff06 Vose bietet Hochleistungsabscheider f\u00fcr Batterien, Elektronik und andere Anwendungen.","robots":{"index":"index","follow":"follow","max-snippet":"max-snippet:-1","max-image-preview":"max-image-preview:large","max-video-preview":"max-video-preview:-1"},"canonical":"https:\/\/www.hollingsworth-vose.com\/de\/hi-sep\/","og_locale":"de_DE","og_type":"article","og_title":"Hi-Sep\u2122: Hochleistungsseparatoren f\u00fcr Energieanwendungen","og_description":"HI-SEP Hochleistungsabscheider: Hollingsworth \uff06 Vose bietet Hochleistungsabscheider f\u00fcr Batterien, Elektronik und andere Anwendungen.","og_url":"https:\/\/www.hollingsworth-vose.com\/de\/hi-sep\/","og_site_name":"Hollingsworth \uff06 Vose","article_modified_time":"2025-02-04T14:28:10+00:00","twitter_misc":{"Gesch\u00e4tzte Lesezeit":"3 Minuten"},"schema":{"@context":"https:\/\/schema.org","@graph":[{"@type":"WebPage","@id":"https:\/\/www.hollingsworth-vose.com\/de\/hi-sep\/","url":"https:\/\/www.hollingsworth-vose.com\/de\/hi-sep\/","name":"Hi-Sep\u2122: Hochleistungsseparatoren f\u00fcr Energieanwendungen","isPartOf":{"@id":"https:\/\/www.hollingsworth-vose.com\/#website"},"datePublished":"2021-09-02T17:13:11+00:00","dateModified":"2025-02-04T14:28:10+00:00","description":"HI-SEP Hochleistungsabscheider: Hollingsworth \uff06 Vose bietet Hochleistungsabscheider f\u00fcr Batterien, Elektronik und andere Anwendungen.","breadcrumb":{"@id":"https:\/\/www.hollingsworth-vose.com\/de\/hi-sep\/#breadcrumb"},"inLanguage":"de-DE","potentialAction":[{"@type":"ReadAction","target":["https:\/\/www.hollingsworth-vose.com\/de\/hi-sep\/"]}]},{"@type":"BreadcrumbList","@id":"https:\/\/www.hollingsworth-vose.com\/de\/hi-sep\/#breadcrumb","itemListElement":[{"@type":"ListItem","position":1,"name":"Home","item":"https:\/\/www.hollingsworth-vose.com\/"},{"@type":"ListItem","position":2,"name":"Hi-Sep\u2122"}]},{"@type":"WebSite","@id":"https:\/\/www.hollingsworth-vose.com\/#website","url":"https:\/\/www.hollingsworth-vose.com\/","name":"Hollingsworth \uff06 Vose","description":"","potentialAction":[{"@type":"SearchAction","target":{"@type":"EntryPoint","urlTemplate":"https:\/\/www.hollingsworth-vose.com\/?s={search_term_string}"},"query-input":{"@type":"PropertyValueSpecification","valueRequired":true,"valueName":"search_term_string"}}],"inLanguage":"de-DE"}]}},"_links":{"self":[{"href":"https:\/\/www.hollingsworth-vose.com\/de\/wp-json\/wp\/v2\/pages\/7406","targetHints":{"allow":["GET"]}}],"collection":[{"href":"https:\/\/www.hollingsworth-vose.com\/de\/wp-json\/wp\/v2\/pages"}],"about":[{"href":"https:\/\/www.hollingsworth-vose.com\/de\/wp-json\/wp\/v2\/types\/page"}],"author":[{"embeddable":true,"href":"https:\/\/www.hollingsworth-vose.com\/de\/wp-json\/wp\/v2\/users\/27"}],"replies":[{"embeddable":true,"href":"https:\/\/www.hollingsworth-vose.com\/de\/wp-json\/wp\/v2\/comments?post=7406"}],"version-history":[{"count":0,"href":"https:\/\/www.hollingsworth-vose.com\/de\/wp-json\/wp\/v2\/pages\/7406\/revisions"}],"wp:attachment":[{"href":"https:\/\/www.hollingsworth-vose.com\/de\/wp-json\/wp\/v2\/media?parent=7406"}],"curies":[{"name":"wp","href":"https:\/\/api.w.org\/{rel}","templated":true}]}}