{"id":7496,"date":"2021-09-02T17:09:31","date_gmt":"2021-09-02T17:09:31","guid":{"rendered":"https:\/\/www.hollingsworth-vose.com\/?page_id=7496"},"modified":"2025-02-04T14:33:23","modified_gmt":"2025-02-04T14:33:23","slug":"perform","status":"publish","type":"page","link":"https:\/\/www.hollingsworth-vose.com\/de\/perform\/","title":{"rendered":"Perform<sup>\u00ae<\/sup>"},"content":{"rendered":"<p><center><img decoding=\"async\" class=\"brand-logo aligncenter\" src=\"\/wp-content\/uploads\/HV_PerForm_Logo-copy.png\" alt=\"PerForm\"\/><\/center>&nbsp;<\/p>\n<p><span style=\"font-weight: 400;\">Die Luftqualit\u00e4t hat einen Einfluss auf die Lebensqualit\u00e4t wie auch die Arbeitsqualit\u00e4t. Starke Luftverschmutzung kann sowohl die Gesundheit beeintr\u00e4chtigen als auch Produktionsprozesse kontaminieren. Aus diesem Grund ist ein effektives Luftfiltersystem f\u00fcr viele Industrie-, Gewerbe- und Wohnanlagen unerl\u00e4sslich.<\/span><\/p>\n<h2><b>Was sind PerForm-Filtermedien?<\/b><\/h2>\n<p><span style=\"font-weight: 400;\">Luftfiltersysteme sammeln und beseitigen unerw\u00fcnschte luftgetragene Verunreinigungen. Ihre Leistung einschlie\u00dflich des Filtrationswirkungsgrads h\u00e4ngt vom verwendeten Filtermedium ab. PerForm\u2122 ist die f\u00fchrende Filtrationsl\u00f6sung im Bereich HEPA\/ULPA. Diese Filtermedien der n\u00e4chsten Generation \u00fcberzeugen durch \u00fcberlegene Leistung und Verarbeitbarkeit.<\/span><\/p>\n<h2><b>Was spricht f\u00fcr PerForm-Filtermedien?<\/b><\/h2>\n<p><span style=\"font-weight: 400;\">Schon seit geraumer Zeit fordern Filterhersteller verbesserte Filtermedien f\u00fcr die Verwendung in hocheffizienten Schwebstofffiltern (high-efficiency particulate air, HEPA) und ultra-effizienten Schwebstofffiltern (ultra-low particulate air, ULPA). Die PerForm-Produktreihe wurde mit der Absicht entwickelt, neue Ma\u00dfst\u00e4be im Bereich Filtrationsleistung und Medienverarbeitbarkeit zu setzen. Die Entwicklung von PerForm beinhaltete eine umfangreiche Materialforschung, Faltversuche sowie eine eigene Formgebungstechnologie. Das Produkt bietet die folgenden Vorteile:&nbsp;<\/span><\/p>\n<ul>\n<li style=\"font-weight: 400;\" aria-level=\"1\"><span style=\"font-weight: 400;\">Mehr Gleichf\u00f6rmigkeit<\/span><\/li>\n<li style=\"font-weight: 400;\" aria-level=\"1\"><span style=\"font-weight: 400;\">Weniger Druckverlust<\/span><\/li>\n<li style=\"font-weight: 400;\" aria-level=\"1\"><span style=\"font-weight: 400;\">Verk\u00fcrzte R\u00fcstzeiten f\u00fcr die Plissieranlage<\/span><\/li>\n<li style=\"font-weight: 400;\" aria-level=\"1\"><span style=\"font-weight: 400;\">Weniger Ausschuss beim Plissieren<\/span><\/li>\n<li style=\"font-weight: 400;\" aria-level=\"1\"><span style=\"font-weight: 400;\">L\u00e4ngere Laufzeiten, mehr Durchsatz und Ertrag<\/span><\/li>\n<\/ul>\n<p><span style=\"font-weight: 400;\">Die bessere Verarbeitbarkeit hat ebenfalls einen positiven Einfluss auf die Leistung. So f\u00fchrt z.\u00a0B. die \u00fcberlegene Plisseesch\u00e4rfe von PerForm-Filtermedien zu einer Verbesserung der laminaren Str\u00f6mungseigenschaften und tr\u00e4gt zu einem geringeren Druckverlust im Filter bei. Die Produkte dieser Reihe erzielen Wirkungsgrade bei einem 9% to 16% geringeren Druckverlust im Vergleich zu herk\u00f6mmlichen Medien. Damit werden Energieeinsparungen m\u00f6glich.&nbsp;<\/span><\/p>\n<h2><b>W\u00e4hlen Sie PerForm-Filtermedien von H&amp;V<\/b><\/h2>\n<p><span style=\"font-weight: 400;\">Mit Luftfiltersystemen wird in verschiedenen Anwendungen ein bestimmter Luftreinheitsgrad erreicht und gehalten. Die Spezifikationen beziehen sich auf die wiederkehrende Schadstoffmenge und die geforderte Anzahl von Raumluftwechseln. H\u00e4ufige Einsatzgebiete f\u00fcr Anlagen mit PerForm sind industrielle Reinr\u00e4ume f\u00fcr die Elektronik- und Pharmaproduktion, Krankenh\u00e4user und andere hochanspruchsvolle oder sensible Anwendungen, bei denen HEPA- oder ULPA-Filtration erforderlich ist.&nbsp;&nbsp;<\/span><\/p>\n<p><span style=\"font-weight: 400;\">Wenn Sie mehr \u00fcber PerForm-Produkte und deren Vorz\u00fcge f\u00fcr Ihre Anwendungen erfahren m\u00f6chten, <\/span><a href=\"\/\/www.hollingsworth-vose.com\/contact-us\/\"><span style=\"font-weight: 400;\">kontaktieren Sie uns<\/span><\/a><span style=\"font-weight: 400;\"> noch heute.&nbsp;<\/span><\/p>\n","protected":false},"excerpt":{"rendered":"<p>&nbsp; Die Luftqualit\u00e4t hat einen Einfluss auf die Lebensqualit\u00e4t wie auch die Arbeitsqualit\u00e4t. Starke Luftverschmutzung kann sowohl die Gesundheit beeintr\u00e4chtigen als auch Produktionsprozesse kontaminieren. Aus diesem Grund ist ein effektives Luftfiltersystem f\u00fcr viele Industrie-, Gewerbe- und Wohnanlagen unerl\u00e4sslich. Was sind PerForm-Filtermedien? Luftfiltersysteme sammeln und beseitigen unerw\u00fcnschte luftgetragene Verunreinigungen. Ihre Leistung einschlie\u00dflich des Filtrationswirkungsgrads h\u00e4ngt vom [&hellip;]<\/p>\n","protected":false},"author":27,"featured_media":0,"parent":0,"menu_order":0,"comment_status":"closed","ping_status":"closed","template":"","meta":{"_acf_changed":false,"content-type":"","inline_featured_image":false,"footnotes":""},"class_list":["post-7496","page","type-page","status-publish","hentry"],"acf":[],"yoast_head":"<!-- This site is optimized with the Yoast SEO plugin v27.4 - https:\/\/yoast.com\/product\/yoast-seo-wordpress\/ -->\n<title>Perform\u00ae: High-Performance Filtration Solutions for Diverse Needs<\/title>\n<meta name=\"description\" content=\"PERFORM: Hollingsworth \uff06 Vose\u2019s high-performance filter media for demanding applications, ensuring optimal filtration and protection.\" \/>\n<meta name=\"robots\" content=\"index, follow, max-snippet:-1, max-image-preview:large, max-video-preview:-1\" \/>\n<link rel=\"canonical\" href=\"https:\/\/www.hollingsworth-vose.com\/de\/perform\/\" \/>\n<meta property=\"og:locale\" content=\"de_DE\" \/>\n<meta property=\"og:type\" content=\"article\" \/>\n<meta property=\"og:title\" content=\"Perform\u00ae: High-Performance Filtration Solutions for Diverse Needs\" \/>\n<meta property=\"og:description\" content=\"PERFORM: Hollingsworth \uff06 Vose\u2019s high-performance filter media for demanding applications, ensuring optimal filtration and protection.\" \/>\n<meta property=\"og:url\" content=\"https:\/\/www.hollingsworth-vose.com\/de\/perform\/\" \/>\n<meta property=\"og:site_name\" content=\"Hollingsworth \uff06 Vose\" \/>\n<meta property=\"article:modified_time\" content=\"2025-02-04T14:33:23+00:00\" \/>\n<meta name=\"twitter:label1\" content=\"Gesch\u00e4tzte Lesezeit\" \/>\n\t<meta name=\"twitter:data1\" content=\"2 Minuten\" \/>\n<script type=\"application\/ld+json\" class=\"yoast-schema-graph\">{\"@context\":\"https:\\\/\\\/schema.org\",\"@graph\":[{\"@type\":\"WebPage\",\"@id\":\"https:\\\/\\\/www.hollingsworth-vose.com\\\/de\\\/perform\\\/\",\"url\":\"https:\\\/\\\/www.hollingsworth-vose.com\\\/de\\\/perform\\\/\",\"name\":\"Perform\u00ae: High-Performance Filtration Solutions for Diverse Needs\",\"isPartOf\":{\"@id\":\"https:\\\/\\\/www.hollingsworth-vose.com\\\/#website\"},\"datePublished\":\"2021-09-02T17:09:31+00:00\",\"dateModified\":\"2025-02-04T14:33:23+00:00\",\"description\":\"PERFORM: Hollingsworth \uff06 Vose\u2019s high-performance filter media for demanding applications, ensuring optimal filtration and protection.\",\"breadcrumb\":{\"@id\":\"https:\\\/\\\/www.hollingsworth-vose.com\\\/de\\\/perform\\\/#breadcrumb\"},\"inLanguage\":\"de-DE\",\"potentialAction\":[{\"@type\":\"ReadAction\",\"target\":[\"https:\\\/\\\/www.hollingsworth-vose.com\\\/de\\\/perform\\\/\"]}]},{\"@type\":\"BreadcrumbList\",\"@id\":\"https:\\\/\\\/www.hollingsworth-vose.com\\\/de\\\/perform\\\/#breadcrumb\",\"itemListElement\":[{\"@type\":\"ListItem\",\"position\":1,\"name\":\"Home\",\"item\":\"https:\\\/\\\/www.hollingsworth-vose.com\\\/\"},{\"@type\":\"ListItem\",\"position\":2,\"name\":\"Perform\u00ae\"}]},{\"@type\":\"WebSite\",\"@id\":\"https:\\\/\\\/www.hollingsworth-vose.com\\\/#website\",\"url\":\"https:\\\/\\\/www.hollingsworth-vose.com\\\/\",\"name\":\"Hollingsworth \uff06 Vose\",\"description\":\"\",\"potentialAction\":[{\"@type\":\"SearchAction\",\"target\":{\"@type\":\"EntryPoint\",\"urlTemplate\":\"https:\\\/\\\/www.hollingsworth-vose.com\\\/?s={search_term_string}\"},\"query-input\":{\"@type\":\"PropertyValueSpecification\",\"valueRequired\":true,\"valueName\":\"search_term_string\"}}],\"inLanguage\":\"de-DE\"}]}<\/script>\n<!-- \/ Yoast SEO plugin. -->","yoast_head_json":{"title":"Perform\u00ae: High-Performance Filtration Solutions for Diverse Needs","description":"PERFORM: Hollingsworth \uff06 Vose\u2019s high-performance filter media for demanding applications, ensuring optimal filtration and protection.","robots":{"index":"index","follow":"follow","max-snippet":"max-snippet:-1","max-image-preview":"max-image-preview:large","max-video-preview":"max-video-preview:-1"},"canonical":"https:\/\/www.hollingsworth-vose.com\/de\/perform\/","og_locale":"de_DE","og_type":"article","og_title":"Perform\u00ae: High-Performance Filtration Solutions for Diverse Needs","og_description":"PERFORM: Hollingsworth \uff06 Vose\u2019s high-performance filter media for demanding applications, ensuring optimal filtration and protection.","og_url":"https:\/\/www.hollingsworth-vose.com\/de\/perform\/","og_site_name":"Hollingsworth \uff06 Vose","article_modified_time":"2025-02-04T14:33:23+00:00","twitter_misc":{"Gesch\u00e4tzte Lesezeit":"2 Minuten"},"schema":{"@context":"https:\/\/schema.org","@graph":[{"@type":"WebPage","@id":"https:\/\/www.hollingsworth-vose.com\/de\/perform\/","url":"https:\/\/www.hollingsworth-vose.com\/de\/perform\/","name":"Perform\u00ae: High-Performance Filtration Solutions for Diverse Needs","isPartOf":{"@id":"https:\/\/www.hollingsworth-vose.com\/#website"},"datePublished":"2021-09-02T17:09:31+00:00","dateModified":"2025-02-04T14:33:23+00:00","description":"PERFORM: Hollingsworth \uff06 Vose\u2019s high-performance filter media for demanding applications, ensuring optimal filtration and protection.","breadcrumb":{"@id":"https:\/\/www.hollingsworth-vose.com\/de\/perform\/#breadcrumb"},"inLanguage":"de-DE","potentialAction":[{"@type":"ReadAction","target":["https:\/\/www.hollingsworth-vose.com\/de\/perform\/"]}]},{"@type":"BreadcrumbList","@id":"https:\/\/www.hollingsworth-vose.com\/de\/perform\/#breadcrumb","itemListElement":[{"@type":"ListItem","position":1,"name":"Home","item":"https:\/\/www.hollingsworth-vose.com\/"},{"@type":"ListItem","position":2,"name":"Perform\u00ae"}]},{"@type":"WebSite","@id":"https:\/\/www.hollingsworth-vose.com\/#website","url":"https:\/\/www.hollingsworth-vose.com\/","name":"Hollingsworth \uff06 Vose","description":"","potentialAction":[{"@type":"SearchAction","target":{"@type":"EntryPoint","urlTemplate":"https:\/\/www.hollingsworth-vose.com\/?s={search_term_string}"},"query-input":{"@type":"PropertyValueSpecification","valueRequired":true,"valueName":"search_term_string"}}],"inLanguage":"de-DE"}]}},"_links":{"self":[{"href":"https:\/\/www.hollingsworth-vose.com\/de\/wp-json\/wp\/v2\/pages\/7496","targetHints":{"allow":["GET"]}}],"collection":[{"href":"https:\/\/www.hollingsworth-vose.com\/de\/wp-json\/wp\/v2\/pages"}],"about":[{"href":"https:\/\/www.hollingsworth-vose.com\/de\/wp-json\/wp\/v2\/types\/page"}],"author":[{"embeddable":true,"href":"https:\/\/www.hollingsworth-vose.com\/de\/wp-json\/wp\/v2\/users\/27"}],"replies":[{"embeddable":true,"href":"https:\/\/www.hollingsworth-vose.com\/de\/wp-json\/wp\/v2\/comments?post=7496"}],"version-history":[{"count":0,"href":"https:\/\/www.hollingsworth-vose.com\/de\/wp-json\/wp\/v2\/pages\/7496\/revisions"}],"wp:attachment":[{"href":"https:\/\/www.hollingsworth-vose.com\/de\/wp-json\/wp\/v2\/media?parent=7496"}],"curies":[{"name":"wp","href":"https:\/\/api.w.org\/{rel}","templated":true}]}}