{"id":12308,"date":"2025-04-09T11:07:36","date_gmt":"2025-04-09T11:07:36","guid":{"rendered":"https:\/\/www.hollingsworth-vose.com\/?post_type=product&#038;p=12308"},"modified":"2025-04-10T09:51:30","modified_gmt":"2025-04-10T09:51:30","slug":"zellulose","status":"publish","type":"product","link":"https:\/\/www.hollingsworth-vose.com\/de\/products\/filtration-solutions\/zellulose\/","title":{"rendered":"Zellulose"},"content":{"rendered":"<p><span style=\"font-weight: 400;\">Filtermedien f\u00fcr Luftfilter und Fl\u00fcssigfilter werden \u00fcblicherweise aus faserigen Materialien wie Glas, Synthetik und Zellulose hergestellt. Der Wirkungsgrad der Filtration h\u00e4ngt von vielen Faktoren ab, u.\u00a0a. von der Dichte, der Dicke, dem Durchmesser, der Ausrichtung und der Oberfl\u00e4chenbeschaffenheit der Fasern.&nbsp;<\/span><\/p>\n<p><span style=\"font-weight: 400;\">Zellulose geh\u00f6rt zu den am h\u00e4ufigsten verwendeten Fasern in der Filtration. Dieses vielseitige, bew\u00e4hrte und kosteng\u00fcnstige Material wird aus erneuerbaren Ressourcen gewonnen und eignet sich f\u00fcr eine Vielzahl von Filterproduktionsverfahren wie z.\u00a0B. Pr\u00e4gen, Wellen und Plissieren. Wie bei allen Werkstoffen m\u00fcssen aber auch hier Kompromisse eingegangen werden. So kann Zellulose in gewissen chemischen oder hochtemperierten Umgebungen an mechanischer Festigkeit verlieren und bei hoher Luftfeuchtigkeit Wasser aufnehmen, wodurch u.\u00a0U. die Filtrationseigenschaften beeintr\u00e4chtigt werden.&nbsp;<\/span><\/p>\n<h2>Was sind Filtermedien aus Zellulose?<\/h2>\n<p><span style=\"font-weight: 400;\">\u00c4hnlich wie bei der herk\u00f6mmlichen Papierherstellung werden Zellulosemedien in einem Wetlaid-Verfahren hergestellt. Dabei entsteht eine breitangelegte Medienplattform f\u00fcr eine Vielzahl von Filtrationsanwendungen, bei denen Teilchen bis hin zu Nanogr\u00f6\u00dfen aufgefangen werden k\u00f6nnen. Die Herstellung von Filtermedien aus Zellulose erfolgt entweder aus reinen Zellulosefasern oder aus Mischungen von Zellulosefasern mit Synthetikfasern oder Glasfasern, um zus\u00e4tzliche Eigenschaften zu erzielen. Diese Medien stellen eine vielseitig verwendbare Filtrationsl\u00f6sung dar, bei der Verschmutzungen und andere Partikel in einer Fasermatrix aufgefangen werden.<\/span><\/p>\n<p><span style=\"font-weight: 400;\">Filtermedien aus Zellulose stehen in verschiedenen G\u00fctegraden zur Verf\u00fcgung, um den Anforderungen der jeweiligen Anwendung gerecht zu werden.&nbsp; Die G\u00fctegrade werden aus Fasern und Harzsystemen in unterschiedlichen Rezepturen hergestellt, sodass bei jedem G\u00fctegrad die physikalischen Eigenschaften, der chemische Widerstand, die Filtrationswirkung, der Druckverlust und die Flie\u00dfeigenschaften anders sind. Obwohl die Zusammensetzung und die Einsatzm\u00f6glichkeiten der G\u00fctegrade verschieden sind, bestehen alle Zellulosefiltermedien aus Harz und Zellulosefasern.&nbsp;<\/span><\/p>\n<p><span style=\"font-weight: 400;\">Filtrationsmedien aus Zellulose bieten viele Vorteile wie z.\u00a0B.:<\/span><\/p>\n<ul>\n<li style=\"font-weight: 400;\" aria-level=\"1\"><span style=\"font-weight: 400;\">Fasern aus erneuerbaren Quellen<\/span><\/li>\n<li style=\"font-weight: 400;\" aria-level=\"1\"><span style=\"font-weight: 400;\">Hohe Festigkeit und Haltbarkeit<\/span><\/li>\n<li style=\"font-weight: 400;\" aria-level=\"1\"><span style=\"font-weight: 400;\">Gro\u00dfe Oberfl\u00e4che<\/span><\/li>\n<li style=\"font-weight: 400;\" aria-level=\"1\"><span style=\"font-weight: 400;\">Chemisch best\u00e4ndig<\/span><\/li>\n<li style=\"font-weight: 400;\" aria-level=\"1\"><span style=\"font-weight: 400;\">Temperaturbest\u00e4ndig<\/span><\/li>\n<li style=\"font-weight: 400;\" aria-level=\"1\"><span style=\"font-weight: 400;\">Starke Haftung an Glas- oder <a href=\"\/\/www.hollingsworth-vose.com\/products\/meltblown\/\">Meltblown-<\/a>Schichten<\/span><\/li>\n<li style=\"font-weight: 400;\" aria-level=\"1\"><span style=\"font-weight: 400;\">Preiswert<\/span><\/li>\n<\/ul>\n<h2>Wo werden Filtermedien aus Zellulose h\u00e4ufig verwendet?<\/h2>\n<p><span style=\"font-weight: 400;\">Filtermedien aus Zellulose kommen in einer Vielzahl von Anwendungen zum Einsatz. Der Faseranteil, die Struktur, die chemischen Eigenschaften des Harzes und weitere Eigenschaften sind f\u00fcr jede hoch entwickelte Produktplattform optimiert worden. Zu den h\u00e4ufigen Anwendungen von Zellulosemedien geh\u00f6ren:<\/span><\/p>\n<ul>\n<li><span style=\"font-weight: 400;\"><a href=\"\/\/www.hollingsworth-vose.com\/industries\/gas-turbine-dust-collector\/\">Gasturbinen<\/a>filtration<\/span><\/li>\n<li><span style=\"font-weight: 400;\"><a href=\"\/\/www.hollingsworth-vose.com\/industries\/fuel\/\">Treibstoff-<\/a> und <a href=\"\/\/www.hollingsworth-vose.com\/industries\/lube-oil\/\">\u00d6l<\/a>filtration&nbsp;<\/span><\/li>\n<li><span style=\"font-weight: 400;\"><a href=\"\/\/www.hollingsworth-vose.com\/industries\/engine-intake\/\">Motorzuluft<\/a>filter&nbsp;<\/span><\/li>\n<li><span style=\"font-weight: 400;\"><a href=\"\/\/www.hollingsworth-vose.com\/industries\/coalescer\/\">Koaleszer<\/a>filter<\/span><\/li>\n<li><span style=\"font-weight: 400;\"><a href=\"\/\/www.hollingsworth-vose.com\/industries\/hydraulic\/\">Hydraulik<\/a>filter<\/span><\/li>\n<li><span style=\"font-weight: 400;\"><a href=\"\/\/www.hollingsworth-vose.com\/industries\/process-liquids\/\">Prozessfl\u00fcssigkeiten<\/a>filtration<\/span><\/li>\n<\/ul>\n<h2>Warum Zellulosefiltermedien von H&amp;V?<\/h2>\n<p><span style=\"font-weight: 400;\">Bei Hollingsworth &amp; Vose ist das Zellulosepapier das kosteng\u00fcnstigste Filtermedium. Es bietet ausgezeichnete Filterwirkungsgrade im Bereich &gt;10 \u03bcm mit hoher Schmutzbindef\u00e4higkeit. Wenn Sie mehr \u00fcber Filtermedien aus Zellulose erfahren m\u00f6chten, <\/span><span style=\"font-weight: 400;\"><a href=\"\/\/www.hollingsworth-vose.com\/contact-us\/\">kontaktieren Sie uns<\/a> noch heute<\/span><span style=\"font-weight: 400;\">.<\/span><\/p>\n","protected":false},"excerpt":{"rendered":"<p>Filtermedien f\u00fcr Luftfilter und Fl\u00fcssigfilter werden \u00fcblicherweise aus faserigen Materialien wie Glas, Synthetik und Zellulose hergestellt. Der Wirkungsgrad der Filtration h\u00e4ngt von vielen Faktoren ab, u.\u00a0a. von der Dichte, der Dicke, dem Durchmesser, der Ausrichtung und der Oberfl\u00e4chenbeschaffenheit der Fasern.&nbsp; Zellulose geh\u00f6rt zu den am h\u00e4ufigsten verwendeten Fasern in der Filtration. Dieses vielseitige, bew\u00e4hrte und [&hellip;]<\/p>\n","protected":false},"featured_media":0,"menu_order":0,"template":"","class_list":["post-12308","product","type-product","status-publish","hentry","product_category-filtration-solutions"],"acf":[],"yoast_head":"<!-- This site is optimized with the Yoast SEO plugin v27.4 - https:\/\/yoast.com\/product\/yoast-seo-wordpress\/ -->\n<title>Zellulose - Hollingsworth \uff06 Vose<\/title>\n<meta name=\"description\" content=\"Zellulose-L\u00f6sungen: Hollingsworth \uff06 Vose bietet ein breites Spektrum an Zelluloseprodukten f\u00fcr verschiedene Branchen und Anwendungen.\" \/>\n<meta name=\"robots\" content=\"index, follow, max-snippet:-1, max-image-preview:large, max-video-preview:-1\" \/>\n<link rel=\"canonical\" href=\"https:\/\/www.hollingsworth-vose.com\/de\/products\/filtration-solutions\/zellulose\/\" \/>\n<meta property=\"og:locale\" content=\"de_DE\" \/>\n<meta property=\"og:type\" content=\"article\" \/>\n<meta property=\"og:title\" content=\"Zellulose - Hollingsworth \uff06 Vose\" \/>\n<meta property=\"og:description\" content=\"Zellulose-L\u00f6sungen: Hollingsworth \uff06 Vose bietet ein breites Spektrum an Zelluloseprodukten f\u00fcr verschiedene Branchen und Anwendungen.\" \/>\n<meta property=\"og:url\" content=\"https:\/\/www.hollingsworth-vose.com\/de\/products\/filtration-solutions\/zellulose\/\" \/>\n<meta property=\"og:site_name\" content=\"Hollingsworth \uff06 Vose\" \/>\n<meta property=\"article:modified_time\" content=\"2025-04-10T09:51:30+00:00\" \/>\n<meta name=\"twitter:label1\" content=\"Gesch\u00e4tzte Lesezeit\" \/>\n\t<meta name=\"twitter:data1\" content=\"2 Minuten\" \/>\n<script type=\"application\/ld+json\" class=\"yoast-schema-graph\">{\"@context\":\"https:\\\/\\\/schema.org\",\"@graph\":[{\"@type\":\"WebPage\",\"@id\":\"https:\\\/\\\/www.hollingsworth-vose.com\\\/de\\\/products\\\/filtration-solutions\\\/zellulose\\\/\",\"url\":\"https:\\\/\\\/www.hollingsworth-vose.com\\\/de\\\/products\\\/filtration-solutions\\\/zellulose\\\/\",\"name\":\"Zellulose - Hollingsworth \uff06 Vose\",\"isPartOf\":{\"@id\":\"https:\\\/\\\/www.hollingsworth-vose.com\\\/#website\"},\"datePublished\":\"2025-04-09T11:07:36+00:00\",\"dateModified\":\"2025-04-10T09:51:30+00:00\",\"description\":\"Zellulose-L\u00f6sungen: Hollingsworth \uff06 Vose bietet ein breites Spektrum an Zelluloseprodukten f\u00fcr verschiedene Branchen und Anwendungen.\",\"breadcrumb\":{\"@id\":\"https:\\\/\\\/www.hollingsworth-vose.com\\\/de\\\/products\\\/filtration-solutions\\\/zellulose\\\/#breadcrumb\"},\"inLanguage\":\"de-DE\",\"potentialAction\":[{\"@type\":\"ReadAction\",\"target\":[\"https:\\\/\\\/www.hollingsworth-vose.com\\\/de\\\/products\\\/filtration-solutions\\\/zellulose\\\/\"]}]},{\"@type\":\"BreadcrumbList\",\"@id\":\"https:\\\/\\\/www.hollingsworth-vose.com\\\/de\\\/products\\\/filtration-solutions\\\/zellulose\\\/#breadcrumb\",\"itemListElement\":[{\"@type\":\"ListItem\",\"position\":1,\"name\":\"Home\",\"item\":\"https:\\\/\\\/www.hollingsworth-vose.com\\\/\"},{\"@type\":\"ListItem\",\"position\":2,\"name\":\"Products\",\"item\":\"https:\\\/\\\/www.hollingsworth-vose.com\\\/products\\\/\"},{\"@type\":\"ListItem\",\"position\":3,\"name\":\"Filtration Solutions\",\"item\":\"https:\\\/\\\/www.hollingsworth-vose.com\\\/product_category\\\/filtration-solutions\\\/\"},{\"@type\":\"ListItem\",\"position\":4,\"name\":\"Zellulose\"}]},{\"@type\":\"WebSite\",\"@id\":\"https:\\\/\\\/www.hollingsworth-vose.com\\\/#website\",\"url\":\"https:\\\/\\\/www.hollingsworth-vose.com\\\/\",\"name\":\"Hollingsworth \uff06 Vose\",\"description\":\"\",\"potentialAction\":[{\"@type\":\"SearchAction\",\"target\":{\"@type\":\"EntryPoint\",\"urlTemplate\":\"https:\\\/\\\/www.hollingsworth-vose.com\\\/?s={search_term_string}\"},\"query-input\":{\"@type\":\"PropertyValueSpecification\",\"valueRequired\":true,\"valueName\":\"search_term_string\"}}],\"inLanguage\":\"de-DE\"}]}<\/script>\n<!-- \/ Yoast SEO plugin. -->","yoast_head_json":{"title":"Zellulose - Hollingsworth \uff06 Vose","description":"Zellulose-L\u00f6sungen: Hollingsworth \uff06 Vose bietet ein breites Spektrum an Zelluloseprodukten f\u00fcr verschiedene Branchen und Anwendungen.","robots":{"index":"index","follow":"follow","max-snippet":"max-snippet:-1","max-image-preview":"max-image-preview:large","max-video-preview":"max-video-preview:-1"},"canonical":"https:\/\/www.hollingsworth-vose.com\/de\/products\/filtration-solutions\/zellulose\/","og_locale":"de_DE","og_type":"article","og_title":"Zellulose - Hollingsworth \uff06 Vose","og_description":"Zellulose-L\u00f6sungen: Hollingsworth \uff06 Vose bietet ein breites Spektrum an Zelluloseprodukten f\u00fcr verschiedene Branchen und Anwendungen.","og_url":"https:\/\/www.hollingsworth-vose.com\/de\/products\/filtration-solutions\/zellulose\/","og_site_name":"Hollingsworth \uff06 Vose","article_modified_time":"2025-04-10T09:51:30+00:00","twitter_misc":{"Gesch\u00e4tzte Lesezeit":"2 Minuten"},"schema":{"@context":"https:\/\/schema.org","@graph":[{"@type":"WebPage","@id":"https:\/\/www.hollingsworth-vose.com\/de\/products\/filtration-solutions\/zellulose\/","url":"https:\/\/www.hollingsworth-vose.com\/de\/products\/filtration-solutions\/zellulose\/","name":"Zellulose - Hollingsworth \uff06 Vose","isPartOf":{"@id":"https:\/\/www.hollingsworth-vose.com\/#website"},"datePublished":"2025-04-09T11:07:36+00:00","dateModified":"2025-04-10T09:51:30+00:00","description":"Zellulose-L\u00f6sungen: Hollingsworth \uff06 Vose bietet ein breites Spektrum an Zelluloseprodukten f\u00fcr verschiedene Branchen und Anwendungen.","breadcrumb":{"@id":"https:\/\/www.hollingsworth-vose.com\/de\/products\/filtration-solutions\/zellulose\/#breadcrumb"},"inLanguage":"de-DE","potentialAction":[{"@type":"ReadAction","target":["https:\/\/www.hollingsworth-vose.com\/de\/products\/filtration-solutions\/zellulose\/"]}]},{"@type":"BreadcrumbList","@id":"https:\/\/www.hollingsworth-vose.com\/de\/products\/filtration-solutions\/zellulose\/#breadcrumb","itemListElement":[{"@type":"ListItem","position":1,"name":"Home","item":"https:\/\/www.hollingsworth-vose.com\/"},{"@type":"ListItem","position":2,"name":"Products","item":"https:\/\/www.hollingsworth-vose.com\/products\/"},{"@type":"ListItem","position":3,"name":"Filtration Solutions","item":"https:\/\/www.hollingsworth-vose.com\/product_category\/filtration-solutions\/"},{"@type":"ListItem","position":4,"name":"Zellulose"}]},{"@type":"WebSite","@id":"https:\/\/www.hollingsworth-vose.com\/#website","url":"https:\/\/www.hollingsworth-vose.com\/","name":"Hollingsworth \uff06 Vose","description":"","potentialAction":[{"@type":"SearchAction","target":{"@type":"EntryPoint","urlTemplate":"https:\/\/www.hollingsworth-vose.com\/?s={search_term_string}"},"query-input":{"@type":"PropertyValueSpecification","valueRequired":true,"valueName":"search_term_string"}}],"inLanguage":"de-DE"}]}},"_links":{"self":[{"href":"https:\/\/www.hollingsworth-vose.com\/de\/wp-json\/wp\/v2\/product\/12308","targetHints":{"allow":["GET"]}}],"collection":[{"href":"https:\/\/www.hollingsworth-vose.com\/de\/wp-json\/wp\/v2\/product"}],"about":[{"href":"https:\/\/www.hollingsworth-vose.com\/de\/wp-json\/wp\/v2\/types\/product"}],"wp:attachment":[{"href":"https:\/\/www.hollingsworth-vose.com\/de\/wp-json\/wp\/v2\/media?parent=12308"}],"curies":[{"name":"wp","href":"https:\/\/api.w.org\/{rel}","templated":true}]}}