{"id":12312,"date":"2025-04-09T11:18:03","date_gmt":"2025-04-09T11:18:03","guid":{"rendered":"https:\/\/www.hollingsworth-vose.com\/?post_type=product&#038;p=12312"},"modified":"2025-04-10T10:14:56","modified_gmt":"2025-04-10T10:14:56","slug":"elektret","status":"publish","type":"product","link":"https:\/\/www.hollingsworth-vose.com\/de\/products\/filtration-solutions\/elektret\/","title":{"rendered":"Elektret"},"content":{"rendered":"<p><span style=\"font-weight: 400;\">Elektret-Filtermedien sind elektrostatisch geladene Luftfiltermedien, mit denen sich eine hochwirksame Filtration von Partikeln im Bereich unterhalb der Mikrometergr\u00f6\u00dfe bei gleichzeitig sehr niedrigem Druckverlust erreichen l\u00e4sst. Dank der Kombination aus hohem Filtrationswirkungsgrad und sehr hoher Luftdurchl\u00e4ssigkeit sind die Elektret-Produktfamilien <a href=\"\/\/www.hollingsworth-vose.com\/technostat\/\">Technostat<sup>\u00ae<\/sup><\/a> und <a href=\"\/\/www.hollingsworth-vose.com\/brands\/alphaperm\/\">AlphaPerm\u2122<\/a> von H&amp;V zu Branchenstandards geworden.&nbsp;<\/span><\/p>\n<h2><b>Was sind Elektret-Filtermedien?<\/b><\/h2>\n<p><span style=\"font-weight: 400;\">Elektret-Filtermedien sind stark aufgeladene Synthetikvliesstoffe, bei denen die elektrostatischen Kr\u00e4fte das Auffangen von Partikeln mit einer Wirksamkeit erm\u00f6glichen, die weit \u00fcber die reine Porenstruktur hinausgeht. Da bei Elektrets die elektrostatische Filtration (im Gegensatz zur mechanischen Filtration) im Vordergrund steht, sind die gleichf\u00f6rmige Produktbeschaffenheit und die Best\u00e4ndigkeit der elektrischen Ladung von ausschlaggebender Bedeutung f\u00fcr die Leistung und die Lebensdauer des Produkts.&nbsp;&nbsp;<\/span><\/p>\n<p><span style=\"font-weight: 400;\">Bei<a href=\"\/\/www.hollingsworth-vose.com\/technostat\/\">Technostat<sup>\u00ae<\/sup><\/a> von H&amp;V werden in einem patentierten Verfahren reibungselektrische Effekte zwischen heterogenen Fasern dazu genutzt, au\u00dfergew\u00f6hnlich starke und best\u00e4ndige elektrostatische Kr\u00e4fte zu erzeugen. <a href=\"\/\/www.hollingsworth-vose.com\/brands\/filtration\/alphaperm\/\">AlphaPerm\u2122<\/a> ist ein Meltblown-Medium, bei dem ein eigenes Ladeverfahren eingesetzt wird, um ein leistungsstarkes Elektret mit ausgezeichneten mechanischen Filtrationseigenschaften herzustellen.<\/span><\/p>\n<h2><b>Wo werden Elektret-Filtermedien h\u00e4ufig eingesetzt?<\/b><\/h2>\n<p><span style=\"font-weight: 400;\">Sind Sie auf der Suche nach einem zuverl\u00e4ssigen Filtermedium f\u00fcr Ihre hocheffiziente Filtrationsanwendung, bei der ein minimaler Druckverlust zwingend erforderlich ist? Wenden Sie sich vertrauensvoll an Hollingsworth &amp; Vose! Wir verf\u00fcgen \u00fcber ein breites Sortiment an Elektret-Filtermedien, die entweder als Einzelprodukte oder als Verbundprodukte zur Verst\u00e4rkung bestimmter Eigenschaften auf diverse Branchenanforderungen und Marktbed\u00fcrfnisse zugeschnitten sind. Unsere Produkte werden u.\u00a0a. h\u00e4ufig f\u00fcr die folgenden Endanwendungen eingesetzt:<\/span><\/p>\n<ul>\n<li style=\"font-weight: 400;\" aria-level=\"1\"><span style=\"font-weight: 400;\"><a href=\"\/\/www.hollingsworth-vose.com\/industries\/filtration-solutions\/cabin-air-filtration\/\">Kabinenluft<\/a>filterung (Kombinationsfilter und Pollenfilter)&nbsp;<\/span><\/li>\n<li style=\"font-weight: 400;\" aria-level=\"1\"><span style=\"font-weight: 400;\">Spirometriefilter&nbsp;<\/span><\/li>\n<li style=\"font-weight: 400;\" aria-level=\"1\"><span style=\"font-weight: 400;\">BFE-\/VFE-Filter f\u00fcr Beatmungsger\u00e4te&nbsp;<\/span><\/li>\n<li style=\"font-weight: 400;\" aria-level=\"1\"><span style=\"font-weight: 400;\">Panel- und Kompaktfilter f\u00fcr Klimaanlagen<\/span><\/li>\n<li style=\"font-weight: 400;\" aria-level=\"1\"><span style=\"font-weight: 400;\">Atemschutz und Gesichtsmasken f\u00fcr Industrie und Medizin<\/span><\/li>\n<li style=\"font-weight: 400;\" aria-level=\"1\"><span style=\"font-weight: 400;\">Filter f\u00fcr elastische Halbmasken und Vollmasken<\/span><\/li>\n<li style=\"font-weight: 400;\" aria-level=\"1\"><span style=\"font-weight: 400;\"><a href=\"\/\/www.hollingsworth-vose.com\/industries\/vacuum-cleaner\/\">Staubsauger<\/a>filter<\/span><\/li>\n<li style=\"font-weight: 400;\" aria-level=\"1\"><a href=\"\/\/www.hollingsworth-vose.com\/industries\/room-air-purifier\/\"><span style=\"font-weight: 400;\">Raumluftfilter<\/span><\/a><\/li>\n<li style=\"font-weight: 400;\" aria-level=\"1\"><span style=\"font-weight: 400;\">Spezialluftfilter<\/span><\/li>\n<\/ul>\n<h2><b>Warum Elektret-Filtermedien von H&amp;V?<\/b><\/h2>\n<p><span style=\"font-weight: 400;\">H&amp;V ist ein weltweit f\u00fchrender Anbieter von Filtrationsl\u00f6sungen. Wenn Sie sich f\u00fcr unsere Elektret-Filtermedien entscheiden, k\u00f6nnen Sie die folgenden Vorteile nutzen:<\/span><\/p>\n<ul>\n<li style=\"font-weight: 400;\" aria-level=\"1\"><b>Langj\u00e4hrige Erfahrung.<\/b><span style=\"font-weight: 400;\"> Seit Anfang der 90er Jahre sind wir Marktf\u00fchrer f\u00fcr innovative Elektret- und Verbundfiltrationsmedien. Unsere<a href=\"\/\/www.hollingsworth-vose.com\/technostat\/\">Technostat<sup>\u00ae<\/sup><\/a>-Produktfamilie gilt weithin als Branchenstandard. Technostat ist als Einzelprodukt oder als Verbundelement erh\u00e4ltlich, aus dem sich ein einzigartiges Produkt mit \u00fcberlegener Leistung fertigen l\u00e4sst.&nbsp;<\/span><\/li>\n<li style=\"font-weight: 400;\" aria-level=\"1\"><b>\u00dcberlegene Produkte<\/b><span style=\"font-weight: 400;\">. Unser Angebot umfasst eine breite Palette an mechanischen und Elektret-Filtrationsl\u00f6sungen. Unsere Produkte sind auf Leistung, insbesondere Partikeleindringung, Haltbarkeit, Lebensdauer bzw. Wirtschaftlichkeit optimiert.<\/span><\/li>\n<li style=\"font-weight: 400;\" aria-level=\"1\"><b>Permanente Innovation.<\/b><span style=\"font-weight: 400;\"> Wir unterhalten mehrere hochmoderne Produktionswerke und f\u00fchrende F&amp;E-Einrichtungen. Damit sind wir in der Lage, unsere Produktserien kontinuierlich zu modernisieren, um den wechselnden Marktanforderungen gerecht zu werden.<\/span><\/li>\n<li style=\"font-weight: 400;\" aria-level=\"1\"><b>Globale Pr\u00e4senz.<\/b><span style=\"font-weight: 400;\"> Mit F&amp;E-Einrichtungen und Produktionswerken in Nord- und S\u00fcdamerika, Europa, China und Indien sowie einem weltweiten Vertriebsnetzwerk k\u00f6nnen wir unseren Kunden auf der ganzen Welt qualitativ hochwertige Produkte und Dienstleistungen anbieten.<\/span><\/li>\n<li style=\"font-weight: 400;\" aria-level=\"1\"><b>Kundenzentrische Ausrichtung. <\/b><span style=\"font-weight: 400;\">Gemeinsam mit unseren Kunden erarbeiten wir neue Produktl\u00f6sungen f\u00fcr eine noch bessere Filtration.<\/span><\/li>\n<\/ul>\n<p><span style=\"font-weight: 400;\">Wenn Sie mehr \u00fcber unsere Elektret-Filtermedien und deren Nutzen f\u00fcr Ihre Filteranwendungen erfahren m\u00f6chten,&nbsp;<\/span><a href=\"\/\/www.hollingsworth-vose.com\/contact-us\/\"><span style=\"font-weight: 400;\">kontaktieren Sie uns<\/span><\/a><span style=\"font-weight: 400;\">&nbsp;noch heute.&nbsp;<\/span><\/p>\n","protected":false},"excerpt":{"rendered":"<p>Elektret-Filtermedien sind elektrostatisch geladene Luftfiltermedien, mit denen sich eine hochwirksame Filtration von Partikeln im Bereich unterhalb der Mikrometergr\u00f6\u00dfe bei gleichzeitig sehr niedrigem Druckverlust erreichen l\u00e4sst. Dank der Kombination aus hohem Filtrationswirkungsgrad und sehr hoher Luftdurchl\u00e4ssigkeit sind die Elektret-Produktfamilien Technostat\u00ae und AlphaPerm\u2122 von H&amp;V zu Branchenstandards geworden.&nbsp; Was sind Elektret-Filtermedien? Elektret-Filtermedien sind stark aufgeladene Synthetikvliesstoffe, bei [&hellip;]<\/p>\n","protected":false},"featured_media":0,"menu_order":0,"template":"","class_list":["post-12312","product","type-product","status-publish","hentry","product_category-filtration-solutions"],"acf":[],"yoast_head":"<!-- This site is optimized with the Yoast SEO plugin v27.5 - https:\/\/yoast.com\/product\/yoast-seo-wordpress\/ -->\n<title>Elektret - Hollingsworth \uff06 Vose<\/title>\n<meta name=\"description\" content=\"Hochleistungs-Elektretmedien: Hollingsworth \uff06 Vose bietet hochwertige Elektretmedien f\u00fcr Luftfiltration, Staubabscheidung u.v.m.\" \/>\n<meta name=\"robots\" content=\"index, follow, max-snippet:-1, max-image-preview:large, max-video-preview:-1\" \/>\n<link rel=\"canonical\" href=\"https:\/\/www.hollingsworth-vose.com\/de\/products\/filtration-solutions\/elektret\/\" \/>\n<meta property=\"og:locale\" content=\"de_DE\" \/>\n<meta property=\"og:type\" content=\"article\" \/>\n<meta property=\"og:title\" content=\"Elektret - Hollingsworth \uff06 Vose\" \/>\n<meta property=\"og:description\" content=\"Hochleistungs-Elektretmedien: Hollingsworth \uff06 Vose bietet hochwertige Elektretmedien f\u00fcr Luftfiltration, Staubabscheidung u.v.m.\" \/>\n<meta property=\"og:url\" content=\"https:\/\/www.hollingsworth-vose.com\/de\/products\/filtration-solutions\/elektret\/\" \/>\n<meta property=\"og:site_name\" content=\"Hollingsworth \uff06 Vose\" \/>\n<meta property=\"article:modified_time\" content=\"2025-04-10T10:14:56+00:00\" \/>\n<meta name=\"twitter:label1\" content=\"Gesch\u00e4tzte Lesezeit\" \/>\n\t<meta name=\"twitter:data1\" content=\"3 Minuten\" \/>\n<script type=\"application\/ld+json\" class=\"yoast-schema-graph\">{\"@context\":\"https:\\\/\\\/schema.org\",\"@graph\":[{\"@type\":\"WebPage\",\"@id\":\"https:\\\/\\\/www.hollingsworth-vose.com\\\/de\\\/products\\\/filtration-solutions\\\/elektret\\\/\",\"url\":\"https:\\\/\\\/www.hollingsworth-vose.com\\\/de\\\/products\\\/filtration-solutions\\\/elektret\\\/\",\"name\":\"Elektret - Hollingsworth \uff06 Vose\",\"isPartOf\":{\"@id\":\"https:\\\/\\\/www.hollingsworth-vose.com\\\/#website\"},\"datePublished\":\"2025-04-09T11:18:03+00:00\",\"dateModified\":\"2025-04-10T10:14:56+00:00\",\"description\":\"Hochleistungs-Elektretmedien: Hollingsworth \uff06 Vose bietet hochwertige Elektretmedien f\u00fcr Luftfiltration, Staubabscheidung u.v.m.\",\"breadcrumb\":{\"@id\":\"https:\\\/\\\/www.hollingsworth-vose.com\\\/de\\\/products\\\/filtration-solutions\\\/elektret\\\/#breadcrumb\"},\"inLanguage\":\"de-DE\",\"potentialAction\":[{\"@type\":\"ReadAction\",\"target\":[\"https:\\\/\\\/www.hollingsworth-vose.com\\\/de\\\/products\\\/filtration-solutions\\\/elektret\\\/\"]}]},{\"@type\":\"BreadcrumbList\",\"@id\":\"https:\\\/\\\/www.hollingsworth-vose.com\\\/de\\\/products\\\/filtration-solutions\\\/elektret\\\/#breadcrumb\",\"itemListElement\":[{\"@type\":\"ListItem\",\"position\":1,\"name\":\"Home\",\"item\":\"https:\\\/\\\/www.hollingsworth-vose.com\\\/\"},{\"@type\":\"ListItem\",\"position\":2,\"name\":\"Products\",\"item\":\"https:\\\/\\\/www.hollingsworth-vose.com\\\/products\\\/\"},{\"@type\":\"ListItem\",\"position\":3,\"name\":\"Filtration Solutions\",\"item\":\"https:\\\/\\\/www.hollingsworth-vose.com\\\/product_category\\\/filtration-solutions\\\/\"},{\"@type\":\"ListItem\",\"position\":4,\"name\":\"Elektret\"}]},{\"@type\":\"WebSite\",\"@id\":\"https:\\\/\\\/www.hollingsworth-vose.com\\\/#website\",\"url\":\"https:\\\/\\\/www.hollingsworth-vose.com\\\/\",\"name\":\"Hollingsworth \uff06 Vose\",\"description\":\"\",\"potentialAction\":[{\"@type\":\"SearchAction\",\"target\":{\"@type\":\"EntryPoint\",\"urlTemplate\":\"https:\\\/\\\/www.hollingsworth-vose.com\\\/?s={search_term_string}\"},\"query-input\":{\"@type\":\"PropertyValueSpecification\",\"valueRequired\":true,\"valueName\":\"search_term_string\"}}],\"inLanguage\":\"de-DE\"}]}<\/script>\n<!-- \/ Yoast SEO plugin. -->","yoast_head_json":{"title":"Elektret - Hollingsworth \uff06 Vose","description":"Hochleistungs-Elektretmedien: Hollingsworth \uff06 Vose bietet hochwertige Elektretmedien f\u00fcr Luftfiltration, Staubabscheidung u.v.m.","robots":{"index":"index","follow":"follow","max-snippet":"max-snippet:-1","max-image-preview":"max-image-preview:large","max-video-preview":"max-video-preview:-1"},"canonical":"https:\/\/www.hollingsworth-vose.com\/de\/products\/filtration-solutions\/elektret\/","og_locale":"de_DE","og_type":"article","og_title":"Elektret - Hollingsworth \uff06 Vose","og_description":"Hochleistungs-Elektretmedien: Hollingsworth \uff06 Vose bietet hochwertige Elektretmedien f\u00fcr Luftfiltration, Staubabscheidung u.v.m.","og_url":"https:\/\/www.hollingsworth-vose.com\/de\/products\/filtration-solutions\/elektret\/","og_site_name":"Hollingsworth \uff06 Vose","article_modified_time":"2025-04-10T10:14:56+00:00","twitter_misc":{"Gesch\u00e4tzte Lesezeit":"3 Minuten"},"schema":{"@context":"https:\/\/schema.org","@graph":[{"@type":"WebPage","@id":"https:\/\/www.hollingsworth-vose.com\/de\/products\/filtration-solutions\/elektret\/","url":"https:\/\/www.hollingsworth-vose.com\/de\/products\/filtration-solutions\/elektret\/","name":"Elektret - Hollingsworth \uff06 Vose","isPartOf":{"@id":"https:\/\/www.hollingsworth-vose.com\/#website"},"datePublished":"2025-04-09T11:18:03+00:00","dateModified":"2025-04-10T10:14:56+00:00","description":"Hochleistungs-Elektretmedien: Hollingsworth \uff06 Vose bietet hochwertige Elektretmedien f\u00fcr Luftfiltration, Staubabscheidung u.v.m.","breadcrumb":{"@id":"https:\/\/www.hollingsworth-vose.com\/de\/products\/filtration-solutions\/elektret\/#breadcrumb"},"inLanguage":"de-DE","potentialAction":[{"@type":"ReadAction","target":["https:\/\/www.hollingsworth-vose.com\/de\/products\/filtration-solutions\/elektret\/"]}]},{"@type":"BreadcrumbList","@id":"https:\/\/www.hollingsworth-vose.com\/de\/products\/filtration-solutions\/elektret\/#breadcrumb","itemListElement":[{"@type":"ListItem","position":1,"name":"Home","item":"https:\/\/www.hollingsworth-vose.com\/"},{"@type":"ListItem","position":2,"name":"Products","item":"https:\/\/www.hollingsworth-vose.com\/products\/"},{"@type":"ListItem","position":3,"name":"Filtration Solutions","item":"https:\/\/www.hollingsworth-vose.com\/product_category\/filtration-solutions\/"},{"@type":"ListItem","position":4,"name":"Elektret"}]},{"@type":"WebSite","@id":"https:\/\/www.hollingsworth-vose.com\/#website","url":"https:\/\/www.hollingsworth-vose.com\/","name":"Hollingsworth \uff06 Vose","description":"","potentialAction":[{"@type":"SearchAction","target":{"@type":"EntryPoint","urlTemplate":"https:\/\/www.hollingsworth-vose.com\/?s={search_term_string}"},"query-input":{"@type":"PropertyValueSpecification","valueRequired":true,"valueName":"search_term_string"}}],"inLanguage":"de-DE"}]}},"_links":{"self":[{"href":"https:\/\/www.hollingsworth-vose.com\/de\/wp-json\/wp\/v2\/product\/12312","targetHints":{"allow":["GET"]}}],"collection":[{"href":"https:\/\/www.hollingsworth-vose.com\/de\/wp-json\/wp\/v2\/product"}],"about":[{"href":"https:\/\/www.hollingsworth-vose.com\/de\/wp-json\/wp\/v2\/types\/product"}],"wp:attachment":[{"href":"https:\/\/www.hollingsworth-vose.com\/de\/wp-json\/wp\/v2\/media?parent=12312"}],"curies":[{"name":"wp","href":"https:\/\/api.w.org\/{rel}","templated":true}]}}