{"id":12315,"date":"2025-04-09T11:22:20","date_gmt":"2025-04-09T11:22:20","guid":{"rendered":"https:\/\/www.hollingsworth-vose.com\/?post_type=product&#038;p=12315"},"modified":"2025-04-10T10:17:20","modified_gmt":"2025-04-10T10:17:20","slug":"schmelzgeblasen","status":"publish","type":"product","link":"https:\/\/www.hollingsworth-vose.com\/de\/products\/filtration-solutions\/schmelzgeblasen\/","title":{"rendered":"Schmelzgeblasen"},"content":{"rendered":"<p><span style=\"font-weight: 400;\">Hollingsworth &amp; Vose (H&amp;V) ist ein f\u00fchrender Anbieter von modernsten Materialien f\u00fcr hocheffiziente Filtrationsanwendungen. Zu unserem Kernsortiment geh\u00f6ren die Meltblown-Filtermedien.&nbsp;<\/span><\/p>\n<p><span style=\"font-weight: 400;\">In hocheffizienten Filtrationssystemen z\u00e4hlen Meltblown-Filtermedien zu den am h\u00e4ufigsten verwendeten Vliesstoffen. Dieses vielseitige, bew\u00e4hrte Material kommt in einer ganzen Reihe von Filteranwendungen zum Einsatz.&nbsp;&nbsp;<\/span><\/p>\n<h2><b>Was sind Meltblown-Filtermedien?<\/b><\/h2>\n<p><span style=\"font-weight: 400;\">Die Meltblown-Technik ist ein wirksames Verfahren zur Herstellung von feinen, effizienten Filtermedien. Meltblown-Fasern haben Durchmesser &lt; 10 \u00b5m; das entspricht 1\/8 der Gr\u00f6\u00dfe eines menschlichen Haars und 1\/5 der Gr\u00f6\u00dfe einer <a href=\"\/\/www.hollingsworth-vose.com\/products\/cellulose\/\">Zellulose<\/a>faser.<\/span><\/p>\n<p><span style=\"font-weight: 400;\">Die Herstellung von Meltblown-Filtermedien beginnt mit den synthetischen thermoplastischen Rohstoffen wie z.\u00a0B. Polypropylen (PP), Polybutylenterephthalat (PBT) oder Polyethylenterephthalat (PET). Das Material wird geschmolzen und dann durch einen Extruder mit vielen kleinen Kapillaren gepresst. Wenn die einzelnen geschmolzenen Str\u00e4nge an den Kapillaren austreten, werden die Fasern mittels hei\u00dfer Luft in eine Richtung geblasen (Meltblown = \u201eschmelzgeblasen\u201c). Dadurch werden sie in die L\u00e4nge gezogen. Das Ergebnis sind ultrafeine Endlosfasern. Die Fasern werden dann thermisch verbunden, sodass ein netz\u00e4hnlicher Stoff entsteht. Dieses Netz wird elektrostatisch aufgeladen, um den Filtrationswirkungsgrad des Materials f\u00fcr Luftfilteranwendungen zu erh\u00f6hen. Der Meltblown-Stoff kann kalandriert werden, um eine bestimmte Dicke und Porengr\u00f6\u00dfe f\u00fcr Anwendungen in der Fl\u00fcssigfiltration zu erzielen.&nbsp;<\/span><\/p>\n<p><span style=\"font-weight: 400;\">Die Vorteile von Meltblown-Filtermedien sind u.\u00a0a.:&nbsp;&nbsp;<\/span><\/p>\n<ul>\n<li style=\"font-weight: 400;\" aria-level=\"1\"><span style=\"font-weight: 400;\">Sehr geringer Druckverlust im Verh\u00e4ltnis zum Wirkungsgrad, bei Aufladung<\/span><\/li>\n<li style=\"font-weight: 400;\" aria-level=\"1\"><span style=\"font-weight: 400;\">Mechanische Filtration entsprechend der Fasergr\u00f6\u00dfe<\/span><\/li>\n<li style=\"font-weight: 400;\" aria-level=\"1\"><span style=\"font-weight: 400;\">Sehr gute Staub-\/Schmutzbindef\u00e4higkeit&nbsp;<\/span><\/li>\n<li style=\"font-weight: 400;\" aria-level=\"1\"><span style=\"font-weight: 400;\">Chemische Best\u00e4ndigkeit in Abh\u00e4ngigkeit vom verwendeten Polymer<\/span><\/li>\n<li style=\"font-weight: 400;\" aria-level=\"1\"><span style=\"font-weight: 400;\">Kontrollierte \u00d6l anziehende\/aufnehmende Eigenschaften<\/span><\/li>\n<li style=\"font-weight: 400;\" aria-level=\"1\"><span style=\"font-weight: 400;\">Kontrollierte Wasser anziehende\/abweisende Eigenschaften&nbsp;<\/span><\/li>\n<li style=\"font-weight: 400;\" aria-level=\"1\"><span style=\"font-weight: 400;\">Antimikrobielle Eigenschaften<\/span><\/li>\n<li style=\"font-weight: 400;\" aria-level=\"1\"><span style=\"font-weight: 400;\">Flammenhemmend<\/span><\/li>\n<li style=\"font-weight: 400;\" aria-level=\"1\"><span style=\"font-weight: 400;\">Dimensionsstabilit\u00e4t<\/span><\/li>\n<li style=\"font-weight: 400;\" aria-level=\"1\"><span style=\"font-weight: 400;\">Verarbeitbarkeit\/Faltbarkeit<\/span><\/li>\n<\/ul>\n<p><span style=\"font-weight: 400;\">Meltblown-Filtermedien kommen in vielf\u00e4ltigen Anwendungen zum Einsatz. Sie sind eine entscheidende Funktionsschicht in vielen Verbundwerkstoffen, angefangen von SMS bis hin zu modernsten Verbundwerkstoffen wie NanoWave und NanoWeb.&nbsp;<\/span><\/p>\n<h2><b>Wo werden Meltblown-Filtermedien h\u00e4ufig eingesetzt?<\/b><\/h2>\n<p><span style=\"font-weight: 400;\">Sind Sie auf der Suche nach einem zuverl\u00e4ssigen Filtermedium f\u00fcr Luft- und Fl\u00fcssigkeitsfiltration? Wenden Sie sich vertrauensvoll an Hollingsworth &amp; Vose! Wir verf\u00fcgen \u00fcber ein breites Sortiment an Meltblown- und Verbundfiltermedien, die auf diverse Branchenanforderungen zugeschnitten sind. Unsere Produkte werden u.\u00a0a. h\u00e4ufig f\u00fcr die folgenden Endanwendungen eingesetzt:<\/span><\/p>\n<ul>\n<li style=\"font-weight: 400;\" aria-level=\"1\"><span style=\"font-weight: 400;\"><a href=\"\/\/www.hollingsworth-vose.com\/industries\/filtration-solutions\/cabin-air-filtration\/\">Kabinenluft<\/a>filterung (Kombinationsfilter und Pollenfilter)&nbsp;<\/span><\/li>\n<li style=\"font-weight: 400;\" aria-level=\"1\"><span style=\"font-weight: 400;\">Industrieatemschutz und OP-Masken<\/span><\/li>\n<li style=\"font-weight: 400;\" aria-level=\"1\"><span style=\"font-weight: 400;\"><a href=\"\/\/www.hollingsworth-vose.com\/industries\/fuel\/\">Treibstoff-<\/a> und <a href=\"\/\/www.hollingsworth-vose.com\/industries\/lube-oil\/\">\u00d6l<\/a>filtrationssysteme<\/span><\/li>\n<li style=\"font-weight: 400;\" aria-level=\"1\"><span style=\"font-weight: 400;\"><a href=\"\/\/www.hollingsworth-vose.com\/industries\/engine-intake\/\">Motorzuluft<\/a>filter&nbsp;<\/span><\/li>\n<li style=\"font-weight: 400;\" aria-level=\"1\"><span style=\"font-weight: 400;\"><a href=\"\/\/www.hollingsworth-vose.com\/industries\/lube-oil\/\">Schmierstoff<\/a>filter<\/span><\/li>\n<li style=\"font-weight: 400;\" aria-level=\"1\"><span style=\"font-weight: 400;\"><a href=\"\/\/www.hollingsworth-vose.com\/industries\/hydraulic\/\">Hydraulik<\/a>filter<\/span><\/li>\n<li style=\"font-weight: 400;\" aria-level=\"1\"><span style=\"font-weight: 400;\"><a href=\"\/\/www.hollingsworth-vose.com\/industries\/room-air-purifier\/\">Raumluftfilter<\/a><\/span><\/li>\n<li style=\"font-weight: 400;\" aria-level=\"1\"><span style=\"font-weight: 400;\"><a href=\"\/\/www.hollingsworth-vose.com\/industries\/vacuum-cleaner\/\">Staubsauger<\/a>filter<\/span><\/li>\n<li style=\"font-weight: 400;\" aria-level=\"1\"><span style=\"font-weight: 400;\">Spezialfl\u00fcssigkeitsfilter<\/span><\/li>\n<li style=\"font-weight: 400;\" aria-level=\"1\"><span style=\"font-weight: 400;\">Taschen-, Panel- und Kompaktfilter f\u00fcr Klimaanlagen<\/span><\/li>\n<li style=\"font-weight: 400;\" aria-level=\"1\"><span style=\"font-weight: 400;\"><a href=\"\/\/www.hollingsworth-vose.com\/industries\/process-liquids\/\">Prozessfl\u00fcssigkeits<\/a>filter<\/span><\/li>\n<li style=\"font-weight: 400;\" aria-level=\"1\"><span style=\"font-weight: 400;\"><a href=\"\/\/www.hollingsworth-vose.com\/industries\/water\/\">Wasser<\/a>filtrationssysteme<\/span><\/li>\n<li style=\"font-weight: 400;\" aria-level=\"1\"><span style=\"font-weight: 400;\"><a href=\"\/\/www.hollingsworth-vose.com\/industries\/food-and-beverage\/\">Lebensmittel- und Getr\u00e4nke<\/a>anlagen<\/span><\/li>\n<\/ul>\n<h2><b>Warum Meltblown-Filtermedien von H&amp;V?<\/b><\/h2>\n<p><span style=\"font-weight: 400;\">H&amp;V ist ein globaler Hersteller von modernsten Materialien f\u00fcr Filtrationsanwendungen. Wenn Sie sich f\u00fcr unsere Meltblown-Filtermedien entscheiden, k\u00f6nnen Sie die folgenden Vorteile nutzen:<\/span><\/p>\n<ul>\n<li style=\"font-weight: 400;\" aria-level=\"1\"><b>Langj\u00e4hrige Erfahrung. <\/b><span style=\"font-weight: 400;\">Seit Anfang der 90er Jahre sind wir Marktf\u00fchrer bei innovativen Meltblown- und Verbundfiltrationsmedien. Wir verwenden Meltblown-Materialien entweder als alleinige Funktionsschicht oder in Kombination mit eigenen Technologien. Auf diese Weise fertigen wir hochdifferenzierte Produkte, die Branchenma\u00dfst\u00e4be im Hinblick auf neue Konzepte und \u00fcberlegene Leistung setzen. Hierzu z\u00e4hlen z.\u00a0B. <a href=\"\/\/www.hollingsworth-vose.com\/nanowave\/\">NanoWave<sup>\u00ae<\/sup><\/a>, <a href=\"\/\/www.hollingsworth-vose.com\/brands\/trupor\/\">Trupor\u2122<\/a>, <a href=\"\/\/www.hollingsworth-vose.com\/nanoweb\/\">NanoWeb\u2122<\/a>, Treibstoffmedien, faltbare Synthetikmaterialien und <a href=\"\/\/www.hollingsworth-vose.com\/technostat\/\">Technostat<sup>\u00ae<\/sup><\/a> TMG.<\/span><\/li>\n<li style=\"font-weight: 400;\" aria-level=\"1\"><b>\u00dcberlegene Produkte. <\/b><span style=\"font-weight: 400;\">Unser Angebot umfasst eine breite Palette an Filtrationsprodukten f\u00fcr spezielle Anwendungen. Unsere Produkte sind nach Partikeleindringung, Haltbarkeit, Lebensdauer bzw. Wirtschaftlichkeit optimiert. <a href=\"\/\/www.hollingsworth-vose.com\/brands\/filtration\/alphaperm\/\">AlphaPerm\u2122<\/a> von H&amp;V gilt weithin als Spitzenprodukt.<\/span><\/li>\n<li style=\"font-weight: 400;\" aria-level=\"1\"><b>Permanente Innovation. <\/b><span style=\"font-weight: 400;\">Wir unterhalten hochmoderne Produktionswerke und f\u00fchrende F&amp;E-Einrichtungen. Damit sind wir in der Lage, unsere Produktserien kontinuierlich zu modernisieren, um den wechselnden Marktanforderungen gerecht zu werden.<\/span><\/li>\n<li style=\"font-weight: 400;\" aria-level=\"1\"><b>Globale Pr\u00e4senz.<\/b><span style=\"font-weight: 400;\"> Mit F&amp;E-Einrichtungen und Produktionswerken in Nord- und S\u00fcdamerika, Europa, China und Indien sowie einem weltweiten Vertriebsnetzwerk k\u00f6nnen wir unseren Kunden qualitativ hochwertige Produkte und Kundenservice vor Ort anbieten.<\/span><\/li>\n<li style=\"font-weight: 400;\" aria-level=\"1\"><b>Kundenzentrische Ausrichtung. <\/b><span style=\"font-weight: 400;\">Gemeinsam mit unseren Kunden erarbeiten wir neue Produktl\u00f6sungen f\u00fcr jeden Kunden und f\u00fcr die ganze Branche.<\/span><\/li>\n<li style=\"font-weight: 400;\" aria-level=\"1\"><b>Hohe Standards.<\/b><span style=\"font-weight: 400;\"> Unser Ziel ist es, mit unseren hochperformanten Produkten neue Branchenstandards zu setzen.<\/span><\/li>\n<\/ul>\n<p><span style=\"font-weight: 400;\">Wenn Sie mehr \u00fcber Meltblown-Filtermedien wie z.\u00a0B. <a href=\"\/\/www.hollingsworth-vose.com\/brands\/filtration\/alphaperm\/\">AlphaPerm\u2122<\/a> oder andere Filtrationsprodukte und deren Vorz\u00fcge f\u00fcr Ihre Anwendungen erfahren m\u00f6chten, <\/span><a href=\"\/\/www.hollingsworth-vose.com\/contact-us\/\"><span style=\"font-weight: 400;\">kontaktieren Sie uns<\/span><\/a><span style=\"font-weight: 400;\">&nbsp;noch heute.&nbsp;<\/span><\/p>\n","protected":false},"excerpt":{"rendered":"<p>Hollingsworth &amp; Vose (H&amp;V) ist ein f\u00fchrender Anbieter von modernsten Materialien f\u00fcr hocheffiziente Filtrationsanwendungen. Zu unserem Kernsortiment geh\u00f6ren die Meltblown-Filtermedien.&nbsp; In hocheffizienten Filtrationssystemen z\u00e4hlen Meltblown-Filtermedien zu den am h\u00e4ufigsten verwendeten Vliesstoffen. Dieses vielseitige, bew\u00e4hrte Material kommt in einer ganzen Reihe von Filteranwendungen zum Einsatz.&nbsp;&nbsp; Was sind Meltblown-Filtermedien? Die Meltblown-Technik ist ein wirksames Verfahren zur Herstellung [&hellip;]<\/p>\n","protected":false},"featured_media":0,"menu_order":0,"template":"","class_list":["post-12315","product","type-product","status-publish","hentry","product_category-filtration-solutions"],"acf":[],"yoast_head":"<!-- This site is optimized with the Yoast SEO plugin v27.4 - https:\/\/yoast.com\/product\/yoast-seo-wordpress\/ -->\n<title>Schmelzgeblasen - Hollingsworth \uff06 Vose<\/title>\n<meta name=\"description\" content=\"Innovative Meltblown-L\u00f6sungen: Hollingsworth \uff06 Vose bietet fortschrittliche Produkte f\u00fcr Filtern, Absorbieren \uff06 Isolieren.\" \/>\n<meta name=\"robots\" content=\"index, follow, max-snippet:-1, max-image-preview:large, max-video-preview:-1\" \/>\n<link rel=\"canonical\" href=\"https:\/\/www.hollingsworth-vose.com\/de\/products\/filtration-solutions\/schmelzgeblasen\/\" \/>\n<meta property=\"og:locale\" content=\"de_DE\" \/>\n<meta property=\"og:type\" content=\"article\" \/>\n<meta property=\"og:title\" content=\"Schmelzgeblasen - Hollingsworth \uff06 Vose\" \/>\n<meta property=\"og:description\" content=\"Innovative Meltblown-L\u00f6sungen: Hollingsworth \uff06 Vose bietet fortschrittliche Produkte f\u00fcr Filtern, Absorbieren \uff06 Isolieren.\" \/>\n<meta property=\"og:url\" content=\"https:\/\/www.hollingsworth-vose.com\/de\/products\/filtration-solutions\/schmelzgeblasen\/\" \/>\n<meta property=\"og:site_name\" content=\"Hollingsworth \uff06 Vose\" \/>\n<meta property=\"article:modified_time\" content=\"2025-04-10T10:17:20+00:00\" \/>\n<meta name=\"twitter:label1\" content=\"Gesch\u00e4tzte Lesezeit\" \/>\n\t<meta name=\"twitter:data1\" content=\"3 Minuten\" \/>\n<script type=\"application\/ld+json\" class=\"yoast-schema-graph\">{\"@context\":\"https:\\\/\\\/schema.org\",\"@graph\":[{\"@type\":\"WebPage\",\"@id\":\"https:\\\/\\\/www.hollingsworth-vose.com\\\/de\\\/products\\\/filtration-solutions\\\/schmelzgeblasen\\\/\",\"url\":\"https:\\\/\\\/www.hollingsworth-vose.com\\\/de\\\/products\\\/filtration-solutions\\\/schmelzgeblasen\\\/\",\"name\":\"Schmelzgeblasen - Hollingsworth \uff06 Vose\",\"isPartOf\":{\"@id\":\"https:\\\/\\\/www.hollingsworth-vose.com\\\/#website\"},\"datePublished\":\"2025-04-09T11:22:20+00:00\",\"dateModified\":\"2025-04-10T10:17:20+00:00\",\"description\":\"Innovative Meltblown-L\u00f6sungen: Hollingsworth \uff06 Vose bietet fortschrittliche Produkte f\u00fcr Filtern, Absorbieren \uff06 Isolieren.\",\"breadcrumb\":{\"@id\":\"https:\\\/\\\/www.hollingsworth-vose.com\\\/de\\\/products\\\/filtration-solutions\\\/schmelzgeblasen\\\/#breadcrumb\"},\"inLanguage\":\"de-DE\",\"potentialAction\":[{\"@type\":\"ReadAction\",\"target\":[\"https:\\\/\\\/www.hollingsworth-vose.com\\\/de\\\/products\\\/filtration-solutions\\\/schmelzgeblasen\\\/\"]}]},{\"@type\":\"BreadcrumbList\",\"@id\":\"https:\\\/\\\/www.hollingsworth-vose.com\\\/de\\\/products\\\/filtration-solutions\\\/schmelzgeblasen\\\/#breadcrumb\",\"itemListElement\":[{\"@type\":\"ListItem\",\"position\":1,\"name\":\"Home\",\"item\":\"https:\\\/\\\/www.hollingsworth-vose.com\\\/\"},{\"@type\":\"ListItem\",\"position\":2,\"name\":\"Products\",\"item\":\"https:\\\/\\\/www.hollingsworth-vose.com\\\/products\\\/\"},{\"@type\":\"ListItem\",\"position\":3,\"name\":\"Filtration Solutions\",\"item\":\"https:\\\/\\\/www.hollingsworth-vose.com\\\/product_category\\\/filtration-solutions\\\/\"},{\"@type\":\"ListItem\",\"position\":4,\"name\":\"Schmelzgeblasen\"}]},{\"@type\":\"WebSite\",\"@id\":\"https:\\\/\\\/www.hollingsworth-vose.com\\\/#website\",\"url\":\"https:\\\/\\\/www.hollingsworth-vose.com\\\/\",\"name\":\"Hollingsworth \uff06 Vose\",\"description\":\"\",\"potentialAction\":[{\"@type\":\"SearchAction\",\"target\":{\"@type\":\"EntryPoint\",\"urlTemplate\":\"https:\\\/\\\/www.hollingsworth-vose.com\\\/?s={search_term_string}\"},\"query-input\":{\"@type\":\"PropertyValueSpecification\",\"valueRequired\":true,\"valueName\":\"search_term_string\"}}],\"inLanguage\":\"de-DE\"}]}<\/script>\n<!-- \/ Yoast SEO plugin. -->","yoast_head_json":{"title":"Schmelzgeblasen - Hollingsworth \uff06 Vose","description":"Innovative Meltblown-L\u00f6sungen: Hollingsworth \uff06 Vose bietet fortschrittliche Produkte f\u00fcr Filtern, Absorbieren \uff06 Isolieren.","robots":{"index":"index","follow":"follow","max-snippet":"max-snippet:-1","max-image-preview":"max-image-preview:large","max-video-preview":"max-video-preview:-1"},"canonical":"https:\/\/www.hollingsworth-vose.com\/de\/products\/filtration-solutions\/schmelzgeblasen\/","og_locale":"de_DE","og_type":"article","og_title":"Schmelzgeblasen - Hollingsworth \uff06 Vose","og_description":"Innovative Meltblown-L\u00f6sungen: Hollingsworth \uff06 Vose bietet fortschrittliche Produkte f\u00fcr Filtern, Absorbieren \uff06 Isolieren.","og_url":"https:\/\/www.hollingsworth-vose.com\/de\/products\/filtration-solutions\/schmelzgeblasen\/","og_site_name":"Hollingsworth \uff06 Vose","article_modified_time":"2025-04-10T10:17:20+00:00","twitter_misc":{"Gesch\u00e4tzte Lesezeit":"3 Minuten"},"schema":{"@context":"https:\/\/schema.org","@graph":[{"@type":"WebPage","@id":"https:\/\/www.hollingsworth-vose.com\/de\/products\/filtration-solutions\/schmelzgeblasen\/","url":"https:\/\/www.hollingsworth-vose.com\/de\/products\/filtration-solutions\/schmelzgeblasen\/","name":"Schmelzgeblasen - Hollingsworth \uff06 Vose","isPartOf":{"@id":"https:\/\/www.hollingsworth-vose.com\/#website"},"datePublished":"2025-04-09T11:22:20+00:00","dateModified":"2025-04-10T10:17:20+00:00","description":"Innovative Meltblown-L\u00f6sungen: Hollingsworth \uff06 Vose bietet fortschrittliche Produkte f\u00fcr Filtern, Absorbieren \uff06 Isolieren.","breadcrumb":{"@id":"https:\/\/www.hollingsworth-vose.com\/de\/products\/filtration-solutions\/schmelzgeblasen\/#breadcrumb"},"inLanguage":"de-DE","potentialAction":[{"@type":"ReadAction","target":["https:\/\/www.hollingsworth-vose.com\/de\/products\/filtration-solutions\/schmelzgeblasen\/"]}]},{"@type":"BreadcrumbList","@id":"https:\/\/www.hollingsworth-vose.com\/de\/products\/filtration-solutions\/schmelzgeblasen\/#breadcrumb","itemListElement":[{"@type":"ListItem","position":1,"name":"Home","item":"https:\/\/www.hollingsworth-vose.com\/"},{"@type":"ListItem","position":2,"name":"Products","item":"https:\/\/www.hollingsworth-vose.com\/products\/"},{"@type":"ListItem","position":3,"name":"Filtration Solutions","item":"https:\/\/www.hollingsworth-vose.com\/product_category\/filtration-solutions\/"},{"@type":"ListItem","position":4,"name":"Schmelzgeblasen"}]},{"@type":"WebSite","@id":"https:\/\/www.hollingsworth-vose.com\/#website","url":"https:\/\/www.hollingsworth-vose.com\/","name":"Hollingsworth \uff06 Vose","description":"","potentialAction":[{"@type":"SearchAction","target":{"@type":"EntryPoint","urlTemplate":"https:\/\/www.hollingsworth-vose.com\/?s={search_term_string}"},"query-input":{"@type":"PropertyValueSpecification","valueRequired":true,"valueName":"search_term_string"}}],"inLanguage":"de-DE"}]}},"_links":{"self":[{"href":"https:\/\/www.hollingsworth-vose.com\/de\/wp-json\/wp\/v2\/product\/12315","targetHints":{"allow":["GET"]}}],"collection":[{"href":"https:\/\/www.hollingsworth-vose.com\/de\/wp-json\/wp\/v2\/product"}],"about":[{"href":"https:\/\/www.hollingsworth-vose.com\/de\/wp-json\/wp\/v2\/types\/product"}],"wp:attachment":[{"href":"https:\/\/www.hollingsworth-vose.com\/de\/wp-json\/wp\/v2\/media?parent=12315"}],"curies":[{"name":"wp","href":"https:\/\/api.w.org\/{rel}","templated":true}]}}