{"id":7422,"date":"2021-01-09T05:02:45","date_gmt":"2021-01-09T05:02:45","guid":{"rendered":"https:\/\/www.hollingsworth-vose.com\/?post_type=product&#038;p=7422"},"modified":"2024-05-21T04:14:20","modified_gmt":"2024-05-21T04:14:20","slug":"pastierpapier","status":"publish","type":"product","link":"https:\/\/www.hollingsworth-vose.com\/de\/products\/%product_category%\/pastierpapier\/","title":{"rendered":"Pastierpapier"},"content":{"rendered":"<p class=\"p1\">Hollingsworth &amp; Vose bietet seinen Kunden eine Auswahl von AGM-Pastierpapieren mit ausgezeichneter Leistung und Verarbeitbarkeit f\u00fcr Bleibatterien in Industrie- und Automobilanwendungen.<\/p>\n<h2 class=\"p2\"><b>Was ist Pastierpapier?<\/b><\/h2>\n<p class=\"p3\">Pastierpapiere sind Spezialprodukte, die nicht mit den chemischen Substanzen in Batterien reagieren. Das Pastierpapier fungiert als Batterieseparator und verleiht der Plattenstruktur der Bleibatterie zus\u00e4tzliche mechanische Festigkeit.<\/p>\n<p class=\"p1\">Das Material f\u00fcr das Pastierpapier besteht aus Ganzglasmikrofasern, welche eine gleichf\u00f6rmige Kompression in AGM-Batterien sicherstellen. Das Pastierpapier verhindert die Freisetzung von aktiven Batteriestoffen und kann w\u00e4hrend der Batterieherstellung als Tr\u00e4ger f\u00fcr nasse Bleipaste dienen. Das AGM-Pastierpapier saugt sich mit Elektrolyt voll und wird nicht von der Batteries\u00e4ure angegriffen.<\/p>\n<h2 class=\"p2\"><b>Wo kommen Pastierpapiere h\u00e4ufig zur Anwendung?<\/b><\/h2>\n<p class=\"p3\">AGM-Pastierpapier kommt sowohl in der Industrie als auch im Automobilbereich h\u00e4ufig zur Anwendung. Zu den h\u00e4ufigsten Anwendungen z\u00e4hlen:<\/p>\n<ul>\n<li>PKW<\/li>\n<li>LKW-Batterien<\/li>\n<li>Motorrad-Batterien<\/li>\n<li>Notstrom f\u00fcr USV, Rechenzentren und Telekommunikation<\/li>\n<\/ul>\n<p class=\"p3\">Generell gilt, dass f\u00fcr alle Batterien mit durchgehend pastierten Gittern Pastierpapier eingesetzt werden muss.<span class=\"Apple-converted-space\">&nbsp; <\/span>AGM-Pastierpapier wird \u00fcblicherweise in AGM-Batterien ben\u00f6tigt, um Kompressionsverluste zu vermeiden und die Batterielebensdauer zu verl\u00e4ngern.<span class=\"Apple-converted-space\">&nbsp;<\/span><\/p>\n<p class=\"p1\">Das AGM-Pastierpapier sorgt daf\u00fcr, dass die aktive Materialstruktur der Batterie w\u00e4hrend der gesamten Lebensdauer erhalten bleibt. Es haftet an den aktiven Materialkomponenten, ohne dabei an anderen Substraten der Batteriekonstruktion festzukleben. Dies ist ausschlaggebend f\u00fcr die sichere und effektive Leistung von Langzeitbatterien und von Batterien, die h\u00e4ufig im Dauerbetrieb laufen.<\/p>\n<h2 class=\"p2\"><b>Was sind die wichtigsten Vorteile von Pastierpapier?<\/b><\/h2>\n<p class=\"p3\">Obwohl es sich bei AGM-Pastierpapier um ein sehr leichtes Material handelt (nur 30-35 g\/m\u00b2), verleiht es dem Plattenstapel in Batteriebaugruppen strukturelle Stabilit\u00e4t. Unsere Spezialpastierpapiere bieten die folgenden Vorteile:<\/p>\n<ul>\n<li><b>Sauberkeit<\/b>. Unsere Papierprodukte enthalten keine Metalle, Schadstoffe oder chemische Verunreinigungen. Sie sind grunds\u00e4tzlich sauber und reaktionsunf\u00e4hig.<span class=\"Apple-converted-space\">&nbsp;<\/span><\/li>\n<li><b>Keine Kohlenstoffgasung<\/b>. Da unser Pastierpapier reaktionsunf\u00e4hig und chemisch best\u00e4ndig ist, entsteht w\u00e4hrend der Batterielebensdauer keine Zersetzung oder Kohlenstoffgasung.<\/li>\n<li><b>Stapeln<\/b>. In der Produktion m\u00fcssen Batterieplatten effizient und stabil gestapelt werden. Mit Pastierpapier halten die Plattenstapel besser zusammen.<\/li>\n<li><b>Optimale Batterieleistung<\/b>. Durch das Pastierpapier werden die Batteriezyklen ohne eine Beeintr\u00e4chtigung anderer Substrate in der Batteriebaugruppe optimiert. Es kann au\u00dferdem bei schneller Entladung hilfreich sein.<\/li>\n<li><b>Wechselwirkungen mit Elektrolyten<\/b>. Mit Pastierpapier l\u00e4sst sich die Best\u00e4ndigkeit gegen Elektrolytschichtung sowie die Effizienz der Elektrolytf\u00fcllung verbessern.<\/li>\n<li><b>Hochwertige Haftung<\/b>. Die Poren im Pastierpapier reagieren sehr gut auf die Bleis\u00e4urepaste, sodass eine langlebige Haftung zwischen den jeweiligen Materialien sichergestellt ist.<\/li>\n<li><b>Geringes Gewicht<\/b>. Das Pastierpapier hat keine signifikante Auswirkung auf die Dicke oder das Gewicht der Baugruppe.<\/li>\n<\/ul>\n<h2 class=\"p2\"><b>W\u00e4hlen Sie Pastierpapier von Hollingsworth &amp; Vose<\/b><\/h2>\n<p class=\"p3\">Pastierpapier ist eine essentielle Komponente hochwertiger Automobil- und Industriebatterien. <a href=\"\/\/www.hollingsworth-vose.com\/contact-us\/\"><span class=\"s1\">Kontaktieren Sie das Team<\/span><\/a> von Hollingsworth &amp; Vose, wenn Sie mehr \u00fcber die Auswahl des richtigen Pastierpapiers f\u00fcr Ihre Anwendungen erfahren m\u00f6chten.<\/p>\n","protected":false},"excerpt":{"rendered":"<p>Hollingsworth &amp; Vose bietet seinen Kunden eine Auswahl von AGM-Pastierpapieren mit ausgezeichneter Leistung und Verarbeitbarkeit f\u00fcr Bleibatterien in Industrie- und Automobilanwendungen. Was ist Pastierpapier? Pastierpapiere sind Spezialprodukte, die nicht mit den chemischen Substanzen in Batterien reagieren. Das Pastierpapier fungiert als Batterieseparator und verleiht der Plattenstruktur der Bleibatterie zus\u00e4tzliche mechanische Festigkeit. Das Material f\u00fcr das Pastierpapier [&hellip;]<\/p>\n","protected":false},"featured_media":0,"menu_order":0,"template":"","class_list":["post-7422","product","type-product","status-publish","hentry"],"acf":[],"yoast_head":"<!-- This site is optimized with the Yoast SEO plugin v27.4 - https:\/\/yoast.com\/product\/yoast-seo-wordpress\/ -->\n<title>Pastierpapier - Hollingsworth \uff06 Vose<\/title>\n<meta name=\"description\" content=\"Filtration Excellence: Hollingsworth \uff06 Vose\u2019s high-performance filter papers ensure optimal filtration and separation in various applications.\" \/>\n<meta name=\"robots\" content=\"index, follow, max-snippet:-1, max-image-preview:large, max-video-preview:-1\" \/>\n<link rel=\"canonical\" href=\"https:\/\/www.hollingsworth-vose.com\/de\/products\/pastierpapier\/\" \/>\n<meta property=\"og:locale\" content=\"de_DE\" \/>\n<meta property=\"og:type\" content=\"article\" \/>\n<meta property=\"og:title\" content=\"Pastierpapier - Hollingsworth \uff06 Vose\" \/>\n<meta property=\"og:description\" content=\"Filtration Excellence: Hollingsworth \uff06 Vose\u2019s high-performance filter papers ensure optimal filtration and separation in various applications.\" \/>\n<meta property=\"og:url\" content=\"https:\/\/www.hollingsworth-vose.com\/de\/products\/pastierpapier\/\" \/>\n<meta property=\"og:site_name\" content=\"Hollingsworth \uff06 Vose\" \/>\n<meta property=\"article:modified_time\" content=\"2024-05-21T04:14:20+00:00\" \/>\n<meta name=\"twitter:label1\" content=\"Gesch\u00e4tzte Lesezeit\" \/>\n\t<meta name=\"twitter:data1\" content=\"2 Minuten\" \/>\n<script type=\"application\/ld+json\" class=\"yoast-schema-graph\">{\"@context\":\"https:\\\/\\\/schema.org\",\"@graph\":[{\"@type\":\"WebPage\",\"@id\":\"https:\\\/\\\/www.hollingsworth-vose.com\\\/de\\\/products\\\/pastierpapier\\\/\",\"url\":\"https:\\\/\\\/www.hollingsworth-vose.com\\\/de\\\/products\\\/pastierpapier\\\/\",\"name\":\"Pastierpapier - Hollingsworth \uff06 Vose\",\"isPartOf\":{\"@id\":\"https:\\\/\\\/www.hollingsworth-vose.com\\\/#website\"},\"datePublished\":\"2021-01-09T05:02:45+00:00\",\"dateModified\":\"2024-05-21T04:14:20+00:00\",\"description\":\"Filtration Excellence: Hollingsworth \uff06 Vose\u2019s high-performance filter papers ensure optimal filtration and separation in various applications.\",\"breadcrumb\":{\"@id\":\"https:\\\/\\\/www.hollingsworth-vose.com\\\/de\\\/products\\\/pastierpapier\\\/#breadcrumb\"},\"inLanguage\":\"de-DE\",\"potentialAction\":[{\"@type\":\"ReadAction\",\"target\":[\"https:\\\/\\\/www.hollingsworth-vose.com\\\/de\\\/products\\\/pastierpapier\\\/\"]}]},{\"@type\":\"BreadcrumbList\",\"@id\":\"https:\\\/\\\/www.hollingsworth-vose.com\\\/de\\\/products\\\/pastierpapier\\\/#breadcrumb\",\"itemListElement\":[{\"@type\":\"ListItem\",\"position\":1,\"name\":\"Home\",\"item\":\"https:\\\/\\\/www.hollingsworth-vose.com\\\/\"},{\"@type\":\"ListItem\",\"position\":2,\"name\":\"Products\",\"item\":\"https:\\\/\\\/www.hollingsworth-vose.com\\\/products\\\/\"},{\"@type\":\"ListItem\",\"position\":3,\"name\":\"Pastierpapier\"}]},{\"@type\":\"WebSite\",\"@id\":\"https:\\\/\\\/www.hollingsworth-vose.com\\\/#website\",\"url\":\"https:\\\/\\\/www.hollingsworth-vose.com\\\/\",\"name\":\"Hollingsworth \uff06 Vose\",\"description\":\"\",\"potentialAction\":[{\"@type\":\"SearchAction\",\"target\":{\"@type\":\"EntryPoint\",\"urlTemplate\":\"https:\\\/\\\/www.hollingsworth-vose.com\\\/?s={search_term_string}\"},\"query-input\":{\"@type\":\"PropertyValueSpecification\",\"valueRequired\":true,\"valueName\":\"search_term_string\"}}],\"inLanguage\":\"de-DE\"}]}<\/script>\n<!-- \/ Yoast SEO plugin. -->","yoast_head_json":{"title":"Pastierpapier - Hollingsworth \uff06 Vose","description":"Filtration Excellence: Hollingsworth \uff06 Vose\u2019s high-performance filter papers ensure optimal filtration and separation in various applications.","robots":{"index":"index","follow":"follow","max-snippet":"max-snippet:-1","max-image-preview":"max-image-preview:large","max-video-preview":"max-video-preview:-1"},"canonical":"https:\/\/www.hollingsworth-vose.com\/de\/products\/pastierpapier\/","og_locale":"de_DE","og_type":"article","og_title":"Pastierpapier - Hollingsworth \uff06 Vose","og_description":"Filtration Excellence: Hollingsworth \uff06 Vose\u2019s high-performance filter papers ensure optimal filtration and separation in various applications.","og_url":"https:\/\/www.hollingsworth-vose.com\/de\/products\/pastierpapier\/","og_site_name":"Hollingsworth \uff06 Vose","article_modified_time":"2024-05-21T04:14:20+00:00","twitter_misc":{"Gesch\u00e4tzte Lesezeit":"2 Minuten"},"schema":{"@context":"https:\/\/schema.org","@graph":[{"@type":"WebPage","@id":"https:\/\/www.hollingsworth-vose.com\/de\/products\/pastierpapier\/","url":"https:\/\/www.hollingsworth-vose.com\/de\/products\/pastierpapier\/","name":"Pastierpapier - Hollingsworth \uff06 Vose","isPartOf":{"@id":"https:\/\/www.hollingsworth-vose.com\/#website"},"datePublished":"2021-01-09T05:02:45+00:00","dateModified":"2024-05-21T04:14:20+00:00","description":"Filtration Excellence: Hollingsworth \uff06 Vose\u2019s high-performance filter papers ensure optimal filtration and separation in various applications.","breadcrumb":{"@id":"https:\/\/www.hollingsworth-vose.com\/de\/products\/pastierpapier\/#breadcrumb"},"inLanguage":"de-DE","potentialAction":[{"@type":"ReadAction","target":["https:\/\/www.hollingsworth-vose.com\/de\/products\/pastierpapier\/"]}]},{"@type":"BreadcrumbList","@id":"https:\/\/www.hollingsworth-vose.com\/de\/products\/pastierpapier\/#breadcrumb","itemListElement":[{"@type":"ListItem","position":1,"name":"Home","item":"https:\/\/www.hollingsworth-vose.com\/"},{"@type":"ListItem","position":2,"name":"Products","item":"https:\/\/www.hollingsworth-vose.com\/products\/"},{"@type":"ListItem","position":3,"name":"Pastierpapier"}]},{"@type":"WebSite","@id":"https:\/\/www.hollingsworth-vose.com\/#website","url":"https:\/\/www.hollingsworth-vose.com\/","name":"Hollingsworth \uff06 Vose","description":"","potentialAction":[{"@type":"SearchAction","target":{"@type":"EntryPoint","urlTemplate":"https:\/\/www.hollingsworth-vose.com\/?s={search_term_string}"},"query-input":{"@type":"PropertyValueSpecification","valueRequired":true,"valueName":"search_term_string"}}],"inLanguage":"de-DE"}]}},"_links":{"self":[{"href":"https:\/\/www.hollingsworth-vose.com\/de\/wp-json\/wp\/v2\/product\/7422","targetHints":{"allow":["GET"]}}],"collection":[{"href":"https:\/\/www.hollingsworth-vose.com\/de\/wp-json\/wp\/v2\/product"}],"about":[{"href":"https:\/\/www.hollingsworth-vose.com\/de\/wp-json\/wp\/v2\/types\/product"}],"wp:attachment":[{"href":"https:\/\/www.hollingsworth-vose.com\/de\/wp-json\/wp\/v2\/media?parent=7422"}],"curies":[{"name":"wp","href":"https:\/\/api.w.org\/{rel}","templated":true}]}}