{"id":7400,"date":"2021-07-15T15:04:35","date_gmt":"2021-07-15T15:04:35","guid":{"rendered":"https:\/\/www.hollingsworth-vose.com\/?page_id=7400"},"modified":"2025-02-04T14:20:57","modified_gmt":"2025-02-04T14:20:57","slug":"energyguard","status":"publish","type":"page","link":"https:\/\/www.hollingsworth-vose.com\/es\/energyguard\/","title":{"rendered":"EnergyGuard<sup>\u00ae<\/sup>"},"content":{"rendered":"<p><center><img decoding=\"async\" class=\"brand-logo aligncenter\" src=\"\/wp-content\/uploads\/HV_EnergyGuard_Logo-copy.jpg\" alt=\"energyguard\"\/><\/center>&nbsp;<\/p>\n<p><span style=\"font-weight: 400;\">EnergyGuard<\/span><span style=\"font-weight: 400;\"><sup>\u00ae<\/sup><\/span><span style=\"font-weight: 400;\"> es un separador de bater\u00eda reforzado l\u00edder en el mundo para bater\u00edas VRLA AGM. Este separador de compuesto sint\u00e9tico de alta resistencia es una mezcla \u00fanica de microfibra de vidrio y fibra sint\u00e9tica. EnergyGuard muestra una incomparable resistencia a la tracci\u00f3n y al estallido, as\u00ed como todo el funcionamiento de un separador de vidrio tradicional. Reduce los porcentajes de rechazo en la fabricaci\u00f3n de bater\u00edas disminuyendo las roturas por desenrollado y perforaciones por empastado.<\/span><\/p>\n<h2><b>\u00bfPor qu\u00e9 utilizar los separadores EnergyGuard<span style=\"font-weight: 400;\"><sup>\u00ae<\/sup><\/span>?<\/b><\/h2>\n<p><span style=\"font-weight: 400;\">Los separadores de bater\u00eda EnergyGuard<sup>\u00ae<\/sup> VRLA AGM son los separadores m\u00e1s resistentes del mercado. Son los preferidos en todo el mundo por su extraordinaria resistencia, funcionalidad y muchas otras ventajas, incluyendo:<\/span><\/p>\n<ul>\n<li style=\"font-weight: 400;\" aria-level=\"1\"><b>Retenci\u00f3n del grosor.<\/b><span style=\"font-weight: 400;\"> Nuestros separadores tienen una uni\u00f3n de fibras superior que minimiza el deslizamiento durante la compresi\u00f3n. El separador almacena energ\u00eda el\u00e1stica y la recupera una vez que se libera la compresi\u00f3n para ofrecer una mejora en comparaci\u00f3n con los productos separadores de vidrio.<\/span><\/li>\n<li style=\"font-weight: 400;\" aria-level=\"1\"><b>Resistencia a la tracci\u00f3n.<\/b><span style=\"font-weight: 400;\"> Gracias a nuestras propias fibras sint\u00e9ticas, la estructura interna est\u00e1 unida para mejorar la resistencia a la tracci\u00f3n hasta el doble de lo que se consigue con la de vidrio.<\/span><\/li>\n<li style=\"font-weight: 400;\" aria-level=\"1\"><b>Resistencia a perforaciones.<\/b><span style=\"font-weight: 400;\"> La resistencia de la superficie reforzada mejora la resistencia a la perforaci\u00f3n hasta el doble de lo que ofrecen los productos de vidrio. Esto es posible gracias a la red optimizada de fibras sint\u00e9ticas.<\/span><\/li>\n<li style=\"font-weight: 400;\" aria-level=\"1\"><b>Ciclos m\u00e1s largos y mayor vida \u00fatil. <\/b><span style=\"font-weight: 400;\">Las fibras sint\u00e9ticas de EnergyGuard dan como resultado una gran elasticidad y una excelente recuperaci\u00f3n de la compresi\u00f3n, lo que garantiza que la presi\u00f3n interna se mantenga alta durante la contracci\u00f3n y expansi\u00f3n que sucede durante el ciclo de la bater\u00eda. EnergyGuard cubre las necesidades de estos desaf\u00edos, dando un fuerte contacto con la placa incluso en ciclos largos.&nbsp;<\/span><\/li>\n<li style=\"font-weight: 400;\" aria-level=\"1\"><b>Fabricaci\u00f3n a alta velocidad. <\/b><span style=\"font-weight: 400;\">La resistencia m\u00e1xima a la perforaci\u00f3n y a la tracci\u00f3n hacen que EnergyGuard sea ideal para la automatizaci\u00f3n a alta velocidad. Ofrece un mayor rendimiento a la vez que reduce los desechos. Adem\u00e1s, su resistencia mejorada evita que se rompa el embalaje y asegura un procesamiento sin problemas. El separador tambi\u00e9n evita perforaciones causadas por las superficies irregulares de las placas, lo que reduce el n\u00famero de c\u00e9lulas rechazadas y cortocircuitos.<\/span><\/li>\n<li style=\"font-weight: 400;\" aria-level=\"1\"><b>Adecuaci\u00f3n para entornos de alta vibraci\u00f3n. <\/b><span style=\"font-weight: 400;\">Las aplicaciones en campos m\u00e1s exigentes, como motocicletas y camiones comerciales, conf\u00edan en los separadores EnergyGuard por su capacidad para durar m\u00e1s que los separadores de vidrio y otras alternativas reforzadas. La resistencia superior de EnergyGuard evita fallas causadas por la vibraci\u00f3n constante. La resistencia a la perforaci\u00f3n de la superficie y la uni\u00f3n estructural interna aumentan la vida \u00fatil de las bater\u00edas.<\/span><\/li>\n<\/ul>\n<h2><b>\u00bfQu\u00e9 aplicaciones tienen los separadores EnergyGuard<span style=\"font-weight: 400;\"><sup>\u00ae<\/sup><\/span>?<\/b><\/h2>\n<p><span style=\"font-weight: 400;\">EnergyGuard es ideal para aplicaciones industriales y automotrices de alta vibraci\u00f3n. Estos separadores se deben considerar para las siguientes aplicaciones:&nbsp;<\/span><\/p>\n<ul>\n<li style=\"font-weight: 400;\" aria-level=\"1\"><span style=\"font-weight: 400;\">Centros de datos<\/span><\/li>\n<li style=\"font-weight: 400;\" aria-level=\"1\"><span style=\"font-weight: 400;\">Telecomunicaciones<\/span><\/li>\n<li style=\"font-weight: 400;\" aria-level=\"1\"><span style=\"font-weight: 400;\">Cami\u00f3n industrial (montacargas)<\/span><\/li>\n<li style=\"font-weight: 400;\" aria-level=\"1\"><span style=\"font-weight: 400;\">Aeroespacial y de defensa<\/span><\/li>\n<li style=\"font-weight: 400;\" aria-level=\"1\"><span style=\"font-weight: 400;\">Cami\u00f3n comercial<\/span><\/li>\n<li style=\"font-weight: 400;\" aria-level=\"1\"><span style=\"font-weight: 400;\">Motocicleta<\/span><\/li>\n<li style=\"font-weight: 400;\" aria-level=\"1\"><span style=\"font-weight: 400;\">Veh\u00edculos de baja velocidad<\/span><\/li>\n<li style=\"font-weight: 400;\" aria-level=\"1\"><span style=\"font-weight: 400;\">Deportes motorizados<\/span><\/li>\n<\/ul>\n<h2><b>Separadores EnergyGuard<span style=\"font-weight: 400;\"><sup>\u00ae<\/sup> <\/span>de H&amp;V<\/b><\/h2>\n<p><span style=\"font-weight: 400;\">EnergyGuard<sup>\u00ae<\/sup> de Hollingsworth &amp; Vose Company es el separador de bater\u00edas AGM m\u00e1s vendido en todo el mundo por su excelente calidad y rendimiento. Tiene una excelente resistencia a las vibraciones y defectos de ensamblaje por la formaci\u00f3n de bultos de empastado y tiene una mayor resistencia. Para obtener m\u00e1s informaci\u00f3n de nuestros separadores de bater\u00edas VRLA AGM EnergyGuard o de otros productos y funciones, <\/span><span style=\"font-weight: 400;\"><a href=\"\/\/www.hollingsworth-vose.com\/contact-us\/\">comun\u00edquese con nosotros<\/a> hoy.<\/span><\/p>\n","protected":false},"excerpt":{"rendered":"<p>&nbsp; EnergyGuard\u00ae es un separador de bater\u00eda reforzado l\u00edder en el mundo para bater\u00edas VRLA AGM. Este separador de compuesto sint\u00e9tico de alta resistencia es una mezcla \u00fanica de microfibra de vidrio y fibra sint\u00e9tica. EnergyGuard muestra una incomparable resistencia a la tracci\u00f3n y al estallido, as\u00ed como todo el funcionamiento de un separador de [&hellip;]<\/p>\n","protected":false},"author":27,"featured_media":0,"parent":0,"menu_order":0,"comment_status":"closed","ping_status":"closed","template":"","meta":{"_acf_changed":false,"content-type":"","inline_featured_image":false,"footnotes":""},"class_list":["post-7400","page","type-page","status-publish","hentry"],"acf":[],"yoast_head":"<!-- This site is optimized with the Yoast SEO plugin v27.4 - https:\/\/yoast.com\/product\/yoast-seo-wordpress\/ -->\n<title>EnergyGuard\u00ae: Soluciones Energ\u00e9ticas para un Almacenamiento Confiable<\/title>\n<meta name=\"description\" content=\"Optimice su eficiencia energ\u00e9tica con EnergyGuard: La l\u00ednea de productos de ahorro energ\u00e9tico de Hollingsworth \uff06 Vose.\" \/>\n<meta name=\"robots\" content=\"index, follow, max-snippet:-1, max-image-preview:large, max-video-preview:-1\" \/>\n<link rel=\"canonical\" href=\"https:\/\/www.hollingsworth-vose.com\/es\/energyguard\/\" \/>\n<meta property=\"og:locale\" content=\"es_ES\" \/>\n<meta property=\"og:type\" content=\"article\" \/>\n<meta property=\"og:title\" content=\"EnergyGuard\u00ae: Soluciones Energ\u00e9ticas para un Almacenamiento Confiable\" \/>\n<meta property=\"og:description\" content=\"Optimice su eficiencia energ\u00e9tica con EnergyGuard: La l\u00ednea de productos de ahorro energ\u00e9tico de Hollingsworth \uff06 Vose.\" \/>\n<meta property=\"og:url\" content=\"https:\/\/www.hollingsworth-vose.com\/es\/energyguard\/\" \/>\n<meta property=\"og:site_name\" content=\"Hollingsworth \uff06 Vose\" \/>\n<meta property=\"article:modified_time\" content=\"2025-02-04T14:20:57+00:00\" \/>\n<meta name=\"twitter:label1\" content=\"Tiempo de lectura\" \/>\n\t<meta name=\"twitter:data1\" content=\"3 minutos\" \/>\n<script type=\"application\/ld+json\" class=\"yoast-schema-graph\">{\"@context\":\"https:\\\/\\\/schema.org\",\"@graph\":[{\"@type\":\"WebPage\",\"@id\":\"https:\\\/\\\/www.hollingsworth-vose.com\\\/es\\\/energyguard\\\/\",\"url\":\"https:\\\/\\\/www.hollingsworth-vose.com\\\/es\\\/energyguard\\\/\",\"name\":\"EnergyGuard\u00ae: Soluciones Energ\u00e9ticas para un Almacenamiento Confiable\",\"isPartOf\":{\"@id\":\"https:\\\/\\\/www.hollingsworth-vose.com\\\/#website\"},\"datePublished\":\"2021-07-15T15:04:35+00:00\",\"dateModified\":\"2025-02-04T14:20:57+00:00\",\"description\":\"Optimice su eficiencia energ\u00e9tica con EnergyGuard: La l\u00ednea de productos de ahorro energ\u00e9tico de Hollingsworth \uff06 Vose.\",\"breadcrumb\":{\"@id\":\"https:\\\/\\\/www.hollingsworth-vose.com\\\/es\\\/energyguard\\\/#breadcrumb\"},\"inLanguage\":\"es\",\"potentialAction\":[{\"@type\":\"ReadAction\",\"target\":[\"https:\\\/\\\/www.hollingsworth-vose.com\\\/es\\\/energyguard\\\/\"]}]},{\"@type\":\"BreadcrumbList\",\"@id\":\"https:\\\/\\\/www.hollingsworth-vose.com\\\/es\\\/energyguard\\\/#breadcrumb\",\"itemListElement\":[{\"@type\":\"ListItem\",\"position\":1,\"name\":\"Home\",\"item\":\"https:\\\/\\\/www.hollingsworth-vose.com\\\/\"},{\"@type\":\"ListItem\",\"position\":2,\"name\":\"EnergyGuard\u00ae\"}]},{\"@type\":\"WebSite\",\"@id\":\"https:\\\/\\\/www.hollingsworth-vose.com\\\/#website\",\"url\":\"https:\\\/\\\/www.hollingsworth-vose.com\\\/\",\"name\":\"Hollingsworth \uff06 Vose\",\"description\":\"\",\"potentialAction\":[{\"@type\":\"SearchAction\",\"target\":{\"@type\":\"EntryPoint\",\"urlTemplate\":\"https:\\\/\\\/www.hollingsworth-vose.com\\\/?s={search_term_string}\"},\"query-input\":{\"@type\":\"PropertyValueSpecification\",\"valueRequired\":true,\"valueName\":\"search_term_string\"}}],\"inLanguage\":\"es\"}]}<\/script>\n<!-- \/ Yoast SEO plugin. -->","yoast_head_json":{"title":"EnergyGuard\u00ae: Soluciones Energ\u00e9ticas para un Almacenamiento Confiable","description":"Optimice su eficiencia energ\u00e9tica con EnergyGuard: La l\u00ednea de productos de ahorro energ\u00e9tico de Hollingsworth \uff06 Vose.","robots":{"index":"index","follow":"follow","max-snippet":"max-snippet:-1","max-image-preview":"max-image-preview:large","max-video-preview":"max-video-preview:-1"},"canonical":"https:\/\/www.hollingsworth-vose.com\/es\/energyguard\/","og_locale":"es_ES","og_type":"article","og_title":"EnergyGuard\u00ae: Soluciones Energ\u00e9ticas para un Almacenamiento Confiable","og_description":"Optimice su eficiencia energ\u00e9tica con EnergyGuard: La l\u00ednea de productos de ahorro energ\u00e9tico de Hollingsworth \uff06 Vose.","og_url":"https:\/\/www.hollingsworth-vose.com\/es\/energyguard\/","og_site_name":"Hollingsworth \uff06 Vose","article_modified_time":"2025-02-04T14:20:57+00:00","twitter_misc":{"Tiempo de lectura":"3 minutos"},"schema":{"@context":"https:\/\/schema.org","@graph":[{"@type":"WebPage","@id":"https:\/\/www.hollingsworth-vose.com\/es\/energyguard\/","url":"https:\/\/www.hollingsworth-vose.com\/es\/energyguard\/","name":"EnergyGuard\u00ae: Soluciones Energ\u00e9ticas para un Almacenamiento Confiable","isPartOf":{"@id":"https:\/\/www.hollingsworth-vose.com\/#website"},"datePublished":"2021-07-15T15:04:35+00:00","dateModified":"2025-02-04T14:20:57+00:00","description":"Optimice su eficiencia energ\u00e9tica con EnergyGuard: La l\u00ednea de productos de ahorro energ\u00e9tico de Hollingsworth \uff06 Vose.","breadcrumb":{"@id":"https:\/\/www.hollingsworth-vose.com\/es\/energyguard\/#breadcrumb"},"inLanguage":"es","potentialAction":[{"@type":"ReadAction","target":["https:\/\/www.hollingsworth-vose.com\/es\/energyguard\/"]}]},{"@type":"BreadcrumbList","@id":"https:\/\/www.hollingsworth-vose.com\/es\/energyguard\/#breadcrumb","itemListElement":[{"@type":"ListItem","position":1,"name":"Home","item":"https:\/\/www.hollingsworth-vose.com\/"},{"@type":"ListItem","position":2,"name":"EnergyGuard\u00ae"}]},{"@type":"WebSite","@id":"https:\/\/www.hollingsworth-vose.com\/#website","url":"https:\/\/www.hollingsworth-vose.com\/","name":"Hollingsworth \uff06 Vose","description":"","potentialAction":[{"@type":"SearchAction","target":{"@type":"EntryPoint","urlTemplate":"https:\/\/www.hollingsworth-vose.com\/?s={search_term_string}"},"query-input":{"@type":"PropertyValueSpecification","valueRequired":true,"valueName":"search_term_string"}}],"inLanguage":"es"}]}},"_links":{"self":[{"href":"https:\/\/www.hollingsworth-vose.com\/es\/wp-json\/wp\/v2\/pages\/7400","targetHints":{"allow":["GET"]}}],"collection":[{"href":"https:\/\/www.hollingsworth-vose.com\/es\/wp-json\/wp\/v2\/pages"}],"about":[{"href":"https:\/\/www.hollingsworth-vose.com\/es\/wp-json\/wp\/v2\/types\/page"}],"author":[{"embeddable":true,"href":"https:\/\/www.hollingsworth-vose.com\/es\/wp-json\/wp\/v2\/users\/27"}],"replies":[{"embeddable":true,"href":"https:\/\/www.hollingsworth-vose.com\/es\/wp-json\/wp\/v2\/comments?post=7400"}],"version-history":[{"count":0,"href":"https:\/\/www.hollingsworth-vose.com\/es\/wp-json\/wp\/v2\/pages\/7400\/revisions"}],"wp:attachment":[{"href":"https:\/\/www.hollingsworth-vose.com\/es\/wp-json\/wp\/v2\/media?parent=7400"}],"curies":[{"name":"wp","href":"https:\/\/api.w.org\/{rel}","templated":true}]}}