{"id":7404,"date":"2021-09-02T17:13:11","date_gmt":"2021-09-02T17:13:11","guid":{"rendered":"https:\/\/www.hollingsworth-vose.com\/?page_id=7404"},"modified":"2025-02-04T14:29:55","modified_gmt":"2025-02-04T14:29:55","slug":"hi-sep","status":"publish","type":"page","link":"https:\/\/www.hollingsworth-vose.com\/es\/hi-sep\/","title":{"rendered":"Hi-Sep\u2122"},"content":{"rendered":"<p><img decoding=\"async\" class=\"brand-logo aligncenter\" src=\"\/wp-content\/uploads\/HV_HiSep_Logo-copy.jpg\" alt=\"hi sep\"\/><\/p>\n<p>&nbsp;<\/p>\n<p><span style=\"font-weight: 400;\">Elegir los separadores de bater\u00edas adecuados influye significativamente en el rendimiento y vida de su bater\u00eda. En Hollingsworth &amp; Vose, fabricamos y distribuimos a nivel mundial materiales de separadores de bater\u00edas&nbsp;Hi-Sep hechos de fibras sint\u00e9ticas y de vidrio que superan a los separadores de resina fen\u00f3lica, polietileno (PE) y cloruro de polivinilo (PVC) en bater\u00edas de gel VRLA. En esta p\u00e1gina se describen las caracter\u00edsticas, ventajas y aplicaciones industriales correspondientes a los separadores de bater\u00edas Hi-Sep.<\/span><\/p>\n<h2><b>\u00bfPor qu\u00e9 utilizar Hi-Sep?<\/b><\/h2>\n<p><span style=\"font-weight: 400;\">Los diferentes conjuntos de bater\u00edas necesitan materiales especializados para los separadores de bater\u00edas.&nbsp; Hi-Sep es uno de los \u00fanicos separadores de gel VRLA disponibles a nivel mundial que puede presentarse en distintas configuraciones, incluyendo productos enrollados, hojas, mangas y con o sin estera de vidrio. &nbsp; Los materiales enrollados Hi-Sep para el gel VRLA permiten que los fabricantes de bater\u00edas aumenten su rendimiento.&nbsp;&nbsp;<\/span><\/p>\n<p><span style=\"font-weight: 400;\">Hi-Sep ha demostrado que supera a otros separadores en las bater\u00edas de gel VRLA y en las de plomo inundada de alta calidad.&nbsp; Est\u00e1 dise\u00f1ado con una alta porosidad del 70% o m\u00e1s para mejorar la movilidad i\u00f3nica aumentando el rendimiento.&nbsp; Adem\u00e1s, los poros tortuosos optimizados evitan cortocircuitos dendr\u00edticos prolongando la vida de la bater\u00eda.&nbsp; Nuestros separadores de bater\u00edas Hi-Sep utilizan una f\u00f3rmula similar a la de los no lixiviados con aglutinantes, fibras sint\u00e9ticas, filtros y fibras de vidrio. Su composici\u00f3n \u00fanica lo convierte en un excelente sustituto de otros materiales separadores de uso habitual, como el PE, PVC y resina fen\u00f3lica.<\/span><\/p>\n<p><span style=\"font-weight: 400;\">Nuestros productos separadores de bater\u00edas Hi-Sep tienen las siguientes caracter\u00edsticas:<\/span><\/p>\n<ul>\n<li style=\"font-weight: 400;\" aria-level=\"1\"><span style=\"font-weight: 400;\">70% o m\u00e1s volumen de porosidad que permite la movilidad i\u00f3nica (ideal para bater\u00edas VRLA de gel)<\/span><\/li>\n<li style=\"font-weight: 400;\" aria-level=\"1\"><span style=\"font-weight: 400;\">Poros tortuosos para evitar cortocircuitos dendr\u00edticos&nbsp;<\/span><\/li>\n<li style=\"font-weight: 400;\" aria-level=\"1\"><span style=\"font-weight: 400;\">Baja resistencia el\u00e9ctrica<\/span><\/li>\n<li style=\"font-weight: 400;\" aria-level=\"1\"><span style=\"font-weight: 400;\">La menor oxidaci\u00f3n electroqu\u00edmica de su clase<\/span><\/li>\n<li style=\"font-weight: 400;\" aria-level=\"1\"><span style=\"font-weight: 400;\">Resistencia en entornos de alta temperatura<\/span><\/li>\n<li style=\"font-weight: 400;\" aria-level=\"1\"><span style=\"font-weight: 400;\">Bajos niveles de impurezas comparados con otros.<\/span><\/li>\n<li style=\"font-weight: 400;\" aria-level=\"1\"><span style=\"font-weight: 400;\">Disponible en diferentes grosores<\/span><\/li>\n<li style=\"font-weight: 400;\" aria-level=\"1\"><span style=\"font-weight: 400;\">Disponible en hojas, mangas o productos enrollados<\/span><\/li>\n<li style=\"font-weight: 400;\" aria-level=\"1\"><span style=\"font-weight: 400;\">Buenas caracter\u00edsticas de fuerza y resistencia a perforaciones mejorando el ensamblaje de bater\u00edas y las aplicaciones de alta vibraci\u00f3n.&nbsp;<\/span><\/li>\n<li style=\"font-weight: 400;\" aria-level=\"1\"><span style=\"font-weight: 400;\">Versatilidad para su uso en una amplia variedad de productos de bater\u00edas con diferentes dise\u00f1os y caracter\u00edsticas.<\/span><\/li>\n<\/ul>\n<h2><b>\u00bfQu\u00e9 aplicaciones tiene Hi-Sep?<\/b><\/h2>\n<p><span style=\"font-weight: 400;\">Nuestros separadores de bater\u00edas Hi-Sep han ayudado a innumerables aplicaciones de bater\u00edas PSOC y de ciclo profundo por m\u00e1s de diez a\u00f1os. Ofrecen un rendimiento excepcional en aplicaciones dif\u00edciles y entornos extremos que exigen un rendimiento constante de la bater\u00eda en condiciones operativas dif\u00edciles.&nbsp;<\/span><\/p>\n<p><span style=\"font-weight: 400;\">Los separadores de bater\u00edas Hi-Sep se pueden utilizar en una amplia variedad de productos de bater\u00edas que hay en muchas aplicaciones de energ\u00eda motriz y de reserva industrial.<\/span><\/p>\n<h3><b>Industrial, energ\u00eda motriz<\/b><\/h3>\n<p><span style=\"font-weight: 400;\">Nuestro producto Hi-Sep puede ampliar la vida de los ciclos de las bater\u00edas de gel VRLA en energ\u00eda motriz que se utiliza para mover, manejar y clasificar productos en almacenes. Los separadores de bater\u00edas Hi-Sep se utilizan con frecuencia en bater\u00edas para equipos de manejo de materiales en almacenes, como montacargas.<\/span><\/p>\n<h3><b>Industrial, energ\u00eda de reserva<\/b><\/h3>\n<p><span style=\"font-weight: 400;\">Fabricamos separadores de bater\u00edas Hi-Sep para aplicaciones de energ\u00eda de reserva que tienen ciclos de uso impredecibles. La l\u00ednea de productos Hi-Sep incluye unidades separadoras de energ\u00eda de reserva que tienen esteras de vidrio, variantes de costillas y una combinaci\u00f3n de estas caracter\u00edsticas para cubrir las necesidades de los UPS y las aplicaciones de telecomunicaciones.<\/span><\/p>\n<h2><b>Elija Hi-Sep de Hollingsworth &amp; Vose<\/b><\/h2>\n<p><span style=\"font-weight: 400;\">En Hollingsworth &amp; Vose, nos especializamos en crear productos separadores de bater\u00edas de alta calidad que cumplen los estrictos est\u00e1ndares de rendimiento y materiales de cada uno de nuestros clientes. Trabajamos en el sector automotriz e industrial con separadores duraderos que mejoran la vida \u00fatil y el rendimiento de las bater\u00edas para aplicaciones dif\u00edciles. Nuestros equipos pueden los separadores para cubrir las necesidades de su aplicaci\u00f3n.<\/span><a href=\"https:\/\/www.hollingsworth-vose.com\/contact-us\/\"> <span style=\"font-weight: 400;\">Comun\u00edquese con nosotros hoy<\/span><\/a><span style=\"font-weight: 400;\"> para conocer m\u00e1s sobre nuestras capacidades y productos.<\/span><\/p>\n","protected":false},"excerpt":{"rendered":"<p>&nbsp; Elegir los separadores de bater\u00edas adecuados influye significativamente en el rendimiento y vida de su bater\u00eda. En Hollingsworth &amp; Vose, fabricamos y distribuimos a nivel mundial materiales de separadores de bater\u00edas&nbsp;Hi-Sep hechos de fibras sint\u00e9ticas y de vidrio que superan a los separadores de resina fen\u00f3lica, polietileno (PE) y cloruro de polivinilo (PVC) en [&hellip;]<\/p>\n","protected":false},"author":27,"featured_media":0,"parent":0,"menu_order":0,"comment_status":"closed","ping_status":"closed","template":"","meta":{"_acf_changed":false,"content-type":"","inline_featured_image":false,"footnotes":""},"class_list":["post-7404","page","type-page","status-publish","hentry"],"acf":[],"yoast_head":"<!-- This site is optimized with the Yoast SEO plugin v27.4 - https:\/\/yoast.com\/product\/yoast-seo-wordpress\/ -->\n<title>Hi-Sep\u2122: Soluciones de Separadores de Alta Eficiencia para Energ\u00eda<\/title>\n<meta name=\"description\" content=\"Separadores de Alto Rendimiento HI-SEP: Hollingsworth \uff06 Vose ofrece separadores de alto rendimiento para bater\u00edas, electr\u00f3nica y otras aplicaciones.\" \/>\n<meta name=\"robots\" content=\"index, follow, max-snippet:-1, max-image-preview:large, max-video-preview:-1\" \/>\n<link rel=\"canonical\" href=\"https:\/\/www.hollingsworth-vose.com\/es\/hi-sep\/\" \/>\n<meta property=\"og:locale\" content=\"es_ES\" \/>\n<meta property=\"og:type\" content=\"article\" \/>\n<meta property=\"og:title\" content=\"Hi-Sep\u2122: Soluciones de Separadores de Alta Eficiencia para Energ\u00eda\" \/>\n<meta property=\"og:description\" content=\"Separadores de Alto Rendimiento HI-SEP: Hollingsworth \uff06 Vose ofrece separadores de alto rendimiento para bater\u00edas, electr\u00f3nica y otras aplicaciones.\" \/>\n<meta property=\"og:url\" content=\"https:\/\/www.hollingsworth-vose.com\/es\/hi-sep\/\" \/>\n<meta property=\"og:site_name\" content=\"Hollingsworth \uff06 Vose\" \/>\n<meta property=\"article:modified_time\" content=\"2025-02-04T14:29:55+00:00\" \/>\n<meta name=\"twitter:label1\" content=\"Tiempo de lectura\" \/>\n\t<meta name=\"twitter:data1\" content=\"3 minutos\" \/>\n<script type=\"application\/ld+json\" class=\"yoast-schema-graph\">{\"@context\":\"https:\\\/\\\/schema.org\",\"@graph\":[{\"@type\":\"WebPage\",\"@id\":\"https:\\\/\\\/www.hollingsworth-vose.com\\\/es\\\/hi-sep\\\/\",\"url\":\"https:\\\/\\\/www.hollingsworth-vose.com\\\/es\\\/hi-sep\\\/\",\"name\":\"Hi-Sep\u2122: Soluciones de Separadores de Alta Eficiencia para Energ\u00eda\",\"isPartOf\":{\"@id\":\"https:\\\/\\\/www.hollingsworth-vose.com\\\/#website\"},\"datePublished\":\"2021-09-02T17:13:11+00:00\",\"dateModified\":\"2025-02-04T14:29:55+00:00\",\"description\":\"Separadores de Alto Rendimiento HI-SEP: Hollingsworth \uff06 Vose ofrece separadores de alto rendimiento para bater\u00edas, electr\u00f3nica y otras aplicaciones.\",\"breadcrumb\":{\"@id\":\"https:\\\/\\\/www.hollingsworth-vose.com\\\/es\\\/hi-sep\\\/#breadcrumb\"},\"inLanguage\":\"es\",\"potentialAction\":[{\"@type\":\"ReadAction\",\"target\":[\"https:\\\/\\\/www.hollingsworth-vose.com\\\/es\\\/hi-sep\\\/\"]}]},{\"@type\":\"BreadcrumbList\",\"@id\":\"https:\\\/\\\/www.hollingsworth-vose.com\\\/es\\\/hi-sep\\\/#breadcrumb\",\"itemListElement\":[{\"@type\":\"ListItem\",\"position\":1,\"name\":\"Home\",\"item\":\"https:\\\/\\\/www.hollingsworth-vose.com\\\/\"},{\"@type\":\"ListItem\",\"position\":2,\"name\":\"Hi-Sep\u2122\"}]},{\"@type\":\"WebSite\",\"@id\":\"https:\\\/\\\/www.hollingsworth-vose.com\\\/#website\",\"url\":\"https:\\\/\\\/www.hollingsworth-vose.com\\\/\",\"name\":\"Hollingsworth \uff06 Vose\",\"description\":\"\",\"potentialAction\":[{\"@type\":\"SearchAction\",\"target\":{\"@type\":\"EntryPoint\",\"urlTemplate\":\"https:\\\/\\\/www.hollingsworth-vose.com\\\/?s={search_term_string}\"},\"query-input\":{\"@type\":\"PropertyValueSpecification\",\"valueRequired\":true,\"valueName\":\"search_term_string\"}}],\"inLanguage\":\"es\"}]}<\/script>\n<!-- \/ Yoast SEO plugin. -->","yoast_head_json":{"title":"Hi-Sep\u2122: Soluciones de Separadores de Alta Eficiencia para Energ\u00eda","description":"Separadores de Alto Rendimiento HI-SEP: Hollingsworth \uff06 Vose ofrece separadores de alto rendimiento para bater\u00edas, electr\u00f3nica y otras aplicaciones.","robots":{"index":"index","follow":"follow","max-snippet":"max-snippet:-1","max-image-preview":"max-image-preview:large","max-video-preview":"max-video-preview:-1"},"canonical":"https:\/\/www.hollingsworth-vose.com\/es\/hi-sep\/","og_locale":"es_ES","og_type":"article","og_title":"Hi-Sep\u2122: Soluciones de Separadores de Alta Eficiencia para Energ\u00eda","og_description":"Separadores de Alto Rendimiento HI-SEP: Hollingsworth \uff06 Vose ofrece separadores de alto rendimiento para bater\u00edas, electr\u00f3nica y otras aplicaciones.","og_url":"https:\/\/www.hollingsworth-vose.com\/es\/hi-sep\/","og_site_name":"Hollingsworth \uff06 Vose","article_modified_time":"2025-02-04T14:29:55+00:00","twitter_misc":{"Tiempo de lectura":"3 minutos"},"schema":{"@context":"https:\/\/schema.org","@graph":[{"@type":"WebPage","@id":"https:\/\/www.hollingsworth-vose.com\/es\/hi-sep\/","url":"https:\/\/www.hollingsworth-vose.com\/es\/hi-sep\/","name":"Hi-Sep\u2122: Soluciones de Separadores de Alta Eficiencia para Energ\u00eda","isPartOf":{"@id":"https:\/\/www.hollingsworth-vose.com\/#website"},"datePublished":"2021-09-02T17:13:11+00:00","dateModified":"2025-02-04T14:29:55+00:00","description":"Separadores de Alto Rendimiento HI-SEP: Hollingsworth \uff06 Vose ofrece separadores de alto rendimiento para bater\u00edas, electr\u00f3nica y otras aplicaciones.","breadcrumb":{"@id":"https:\/\/www.hollingsworth-vose.com\/es\/hi-sep\/#breadcrumb"},"inLanguage":"es","potentialAction":[{"@type":"ReadAction","target":["https:\/\/www.hollingsworth-vose.com\/es\/hi-sep\/"]}]},{"@type":"BreadcrumbList","@id":"https:\/\/www.hollingsworth-vose.com\/es\/hi-sep\/#breadcrumb","itemListElement":[{"@type":"ListItem","position":1,"name":"Home","item":"https:\/\/www.hollingsworth-vose.com\/"},{"@type":"ListItem","position":2,"name":"Hi-Sep\u2122"}]},{"@type":"WebSite","@id":"https:\/\/www.hollingsworth-vose.com\/#website","url":"https:\/\/www.hollingsworth-vose.com\/","name":"Hollingsworth \uff06 Vose","description":"","potentialAction":[{"@type":"SearchAction","target":{"@type":"EntryPoint","urlTemplate":"https:\/\/www.hollingsworth-vose.com\/?s={search_term_string}"},"query-input":{"@type":"PropertyValueSpecification","valueRequired":true,"valueName":"search_term_string"}}],"inLanguage":"es"}]}},"_links":{"self":[{"href":"https:\/\/www.hollingsworth-vose.com\/es\/wp-json\/wp\/v2\/pages\/7404","targetHints":{"allow":["GET"]}}],"collection":[{"href":"https:\/\/www.hollingsworth-vose.com\/es\/wp-json\/wp\/v2\/pages"}],"about":[{"href":"https:\/\/www.hollingsworth-vose.com\/es\/wp-json\/wp\/v2\/types\/page"}],"author":[{"embeddable":true,"href":"https:\/\/www.hollingsworth-vose.com\/es\/wp-json\/wp\/v2\/users\/27"}],"replies":[{"embeddable":true,"href":"https:\/\/www.hollingsworth-vose.com\/es\/wp-json\/wp\/v2\/comments?post=7404"}],"version-history":[{"count":0,"href":"https:\/\/www.hollingsworth-vose.com\/es\/wp-json\/wp\/v2\/pages\/7404\/revisions"}],"wp:attachment":[{"href":"https:\/\/www.hollingsworth-vose.com\/es\/wp-json\/wp\/v2\/media?parent=7404"}],"curies":[{"name":"wp","href":"https:\/\/api.w.org\/{rel}","templated":true}]}}