{"id":12311,"date":"2025-04-09T11:07:36","date_gmt":"2025-04-09T11:07:36","guid":{"rendered":"https:\/\/www.hollingsworth-vose.com\/?post_type=product&#038;p=12311"},"modified":"2025-04-10T09:53:14","modified_gmt":"2025-04-10T09:53:14","slug":"celulosa","status":"publish","type":"product","link":"https:\/\/www.hollingsworth-vose.com\/es\/products\/filtration-solutions\/celulosa\/","title":{"rendered":"Celulosa"},"content":{"rendered":"<p><span style=\"font-weight: 400;\">Los medios para filtros l\u00edquidos y de aire suelen estar hechos de materiales fibrosos como vidrio, fibras sint\u00e9ticas y celulosa. Muchos factores afectan la eficacia de la filtraci\u00f3n, como la densidad, el grosor, el di\u00e1metro, la orientaci\u00f3n y las caracter\u00edsticas superficiales de las fibras.&nbsp;<\/span><\/p>\n<p><span style=\"font-weight: 400;\">La celulosa es una de las fibras m\u00e1s utilizadas en los medios de filtraci\u00f3n. Este material vers\u00e1til, probado y rentable se fabrica con recursos renovables y es compatible con numerosos procesos de producci\u00f3n de filtros, como grabado en relieve, corrugado y plisado. Sin embargo, como sucede con todos los materiales, hay algunos inconvenientes. Por ejemplo, la celulosa puede perder resistencia mec\u00e1nica en ciertos entornos qu\u00edmicos o de alta temperatura y absorber agua en condiciones de alta humedad, que puede alterar sus propiedades de filtraci\u00f3n.&nbsp;<\/span><\/p>\n<h2>\u00bfQu\u00e9 es el medio para filtros de celulosa?<\/h2>\n<p><span style=\"font-weight: 400;\">Igual que en la fabricaci\u00f3n de papel tradicional, el medio de celulosa se fabrica con un proceso de tendido en h\u00famedo. El resultado es una plataforma de medios para filtraci\u00f3n adecuada para una amplia variedad de aplicaciones de filtraci\u00f3n, con la capacidad de capturar un conjunto de part\u00edculas hasta nanopart\u00edculas. Los medios para filtros de celulosa pueden fabricarse con fibras de celulosa pura o fibras de celulosa mezcladas con fibras sint\u00e9ticas o de vidrio para mejorar sus propiedades. Sirve como una soluci\u00f3n de filtraci\u00f3n diversa y vers\u00e1til que funciona atrapando contaminantes y otras part\u00edculas en una matriz de fibras.<\/span><\/p>\n<p><span style=\"font-weight: 400;\">Existen diferentes grados de medios para filtros de celulosa dise\u00f1ados para cumplir los requisitos espec\u00edficos de la aplicaci\u00f3n.&nbsp; Los grados se formulan a partir de diferentes combinaciones de fibras y sistemas de resina, por lo que cada uno de ellos da diferentes propiedades f\u00edsicas, resistencia qu\u00edmica, eficiencia de filtraci\u00f3n, ca\u00edda de presi\u00f3n y caracter\u00edsticas de flujo. Aunque cada grado puede diferir en su capacidad y composici\u00f3n, todos los medios para filtros de celulosa contienen resina y fibras de celulosa.&nbsp;<\/span><\/p>\n<p><span style=\"font-weight: 400;\">Los medios para filtros de celulosa ofrecen numerosas ventajas, incluyendo:<\/span><\/p>\n<ul>\n<li style=\"font-weight: 400;\" aria-level=\"1\"><span style=\"font-weight: 400;\">Fuentes de fibra renovable<\/span><\/li>\n<li style=\"font-weight: 400;\" aria-level=\"1\"><span style=\"font-weight: 400;\">Alta resistencia y durabilidad<\/span><\/li>\n<li style=\"font-weight: 400;\" aria-level=\"1\"><span style=\"font-weight: 400;\">Gran superficie<\/span><\/li>\n<li style=\"font-weight: 400;\" aria-level=\"1\"><span style=\"font-weight: 400;\">Estabilidad qu\u00edmica<\/span><\/li>\n<li style=\"font-weight: 400;\" aria-level=\"1\"><span style=\"font-weight: 400;\">Estabilidad de temperatura<\/span><\/li>\n<li style=\"font-weight: 400;\" aria-level=\"1\"><span style=\"font-weight: 400;\">Alta adherencia al vidrio o a las <a href=\"\/\/www.hollingsworth-vose.com\/products\/meltblown\/\">capas formadas<\/a> por meltblown<\/span><\/li>\n<li style=\"font-weight: 400;\" aria-level=\"1\"><span style=\"font-weight: 400;\">Buen precio<\/span><\/li>\n<\/ul>\n<h2>\u00bfCu\u00e1les son algunos de los usos m\u00e1s frecuentes de los medios para filtros de celulosa?<\/h2>\n<p><span style=\"font-weight: 400;\">Los medios para filtros de celulosa se utilizan mucho en una serie de aplicaciones. Cada plataforma de productos est\u00e1 dise\u00f1ada para optimizar el contenido de fibra, la estructura, la qu\u00edmica de la resina y otras caracter\u00edsticas. Las aplicaciones usuales de los medios de celulosa son:<\/span><\/p>\n<ul>\n<li><span style=\"font-weight: 400;\"><a href=\"\/\/www.hollingsworth-vose.com\/industries\/gas-turbine-dust-collector\/\">Filtraci\u00f3n de turbinas<\/a> de gas<\/span><\/li>\n<li><span style=\"font-weight: 400;\"><a href=\"\/\/www.hollingsworth-vose.com\/industries\/fuel\/\">Filtraci\u00f3n<\/a> de <a href=\"\/\/www.hollingsworth-vose.com\/industries\/lube-oil\/\">combustible<\/a> y aceite&nbsp;<\/span><\/li>\n<li><span style=\"font-weight: 400;\"><a href=\"\/\/www.hollingsworth-vose.com\/industries\/engine-intake\/\">Filtros de admisi\u00f3n de aire<\/a> del motor&nbsp;<\/span><\/li>\n<li><span style=\"font-weight: 400;\"><a href=\"\/\/www.hollingsworth-vose.com\/industries\/coalescer\/\">Filtros<\/a> coalescentes<\/span><\/li>\n<li><span style=\"font-weight: 400;\"><a href=\"\/\/www.hollingsworth-vose.com\/industries\/hydraulic\/\">Filtros<\/a> hidr\u00e1ulicos<\/span><\/li>\n<li><span style=\"font-weight: 400;\"><a href=\"\/\/www.hollingsworth-vose.com\/industries\/process-liquids\/\">Operaciones con<\/a> l\u00edquidos de proceso<\/span><\/li>\n<\/ul>\n<h2>\u00bfPor qu\u00e9 elegir medios para filtros de celulosa de H&amp;V?<\/h2>\n<p><span style=\"font-weight: 400;\">En Hollingsworth &amp; Vose, el papel de celulosa es nuestro medio para filtraci\u00f3n m\u00e1s rentable. Ofrece una excelente eficiencia de filtraci\u00f3n en el rango de &gt;10 micrones con una gran capacidad de retenci\u00f3n de suciedad. Para obtener m\u00e1s informaci\u00f3n sobre nuestros medios de filtraci\u00f3n de celulosa, <\/span><span style=\"font-weight: 400;\"><a href=\"\/\/www.hollingsworth-vose.com\/contact-us\/\">comun\u00edquese con nosotros<\/a> hoy<\/span><span style=\"font-weight: 400;\">.<\/span><\/p>\n","protected":false},"excerpt":{"rendered":"<p>Los medios para filtros l\u00edquidos y de aire suelen estar hechos de materiales fibrosos como vidrio, fibras sint\u00e9ticas y celulosa. Muchos factores afectan la eficacia de la filtraci\u00f3n, como la densidad, el grosor, el di\u00e1metro, la orientaci\u00f3n y las caracter\u00edsticas superficiales de las fibras.&nbsp; La celulosa es una de las fibras m\u00e1s utilizadas en los [&hellip;]<\/p>\n","protected":false},"featured_media":0,"menu_order":0,"template":"","class_list":["post-12311","product","type-product","status-publish","hentry","product_category-filtration-solutions"],"acf":[],"yoast_head":"<!-- This site is optimized with the Yoast SEO plugin v27.5 - https:\/\/yoast.com\/product\/yoast-seo-wordpress\/ -->\n<title>Celulosa - Hollingsworth \uff06 Vose<\/title>\n<meta name=\"description\" content=\"Soluciones de Celulosa: Hollingsworth \uff06 Vose ofrece una amplia gama de productos de celulosa para diversas industrias y aplicaciones.\" \/>\n<meta name=\"robots\" content=\"index, follow, max-snippet:-1, max-image-preview:large, max-video-preview:-1\" \/>\n<link rel=\"canonical\" href=\"https:\/\/www.hollingsworth-vose.com\/es\/products\/filtration-solutions\/celulosa\/\" \/>\n<meta property=\"og:locale\" content=\"es_ES\" \/>\n<meta property=\"og:type\" content=\"article\" \/>\n<meta property=\"og:title\" content=\"Celulosa - Hollingsworth \uff06 Vose\" \/>\n<meta property=\"og:description\" content=\"Soluciones de Celulosa: Hollingsworth \uff06 Vose ofrece una amplia gama de productos de celulosa para diversas industrias y aplicaciones.\" \/>\n<meta property=\"og:url\" content=\"https:\/\/www.hollingsworth-vose.com\/es\/products\/filtration-solutions\/celulosa\/\" \/>\n<meta property=\"og:site_name\" content=\"Hollingsworth \uff06 Vose\" \/>\n<meta property=\"article:modified_time\" content=\"2025-04-10T09:53:14+00:00\" \/>\n<meta name=\"twitter:label1\" content=\"Tiempo de lectura\" \/>\n\t<meta name=\"twitter:data1\" content=\"3 minutos\" \/>\n<script type=\"application\/ld+json\" class=\"yoast-schema-graph\">{\"@context\":\"https:\\\/\\\/schema.org\",\"@graph\":[{\"@type\":\"WebPage\",\"@id\":\"https:\\\/\\\/www.hollingsworth-vose.com\\\/es\\\/products\\\/filtration-solutions\\\/celulosa\\\/\",\"url\":\"https:\\\/\\\/www.hollingsworth-vose.com\\\/es\\\/products\\\/filtration-solutions\\\/celulosa\\\/\",\"name\":\"Celulosa - Hollingsworth \uff06 Vose\",\"isPartOf\":{\"@id\":\"https:\\\/\\\/www.hollingsworth-vose.com\\\/#website\"},\"datePublished\":\"2025-04-09T11:07:36+00:00\",\"dateModified\":\"2025-04-10T09:53:14+00:00\",\"description\":\"Soluciones de Celulosa: Hollingsworth \uff06 Vose ofrece una amplia gama de productos de celulosa para diversas industrias y aplicaciones.\",\"breadcrumb\":{\"@id\":\"https:\\\/\\\/www.hollingsworth-vose.com\\\/es\\\/products\\\/filtration-solutions\\\/celulosa\\\/#breadcrumb\"},\"inLanguage\":\"es\",\"potentialAction\":[{\"@type\":\"ReadAction\",\"target\":[\"https:\\\/\\\/www.hollingsworth-vose.com\\\/es\\\/products\\\/filtration-solutions\\\/celulosa\\\/\"]}]},{\"@type\":\"BreadcrumbList\",\"@id\":\"https:\\\/\\\/www.hollingsworth-vose.com\\\/es\\\/products\\\/filtration-solutions\\\/celulosa\\\/#breadcrumb\",\"itemListElement\":[{\"@type\":\"ListItem\",\"position\":1,\"name\":\"Home\",\"item\":\"https:\\\/\\\/www.hollingsworth-vose.com\\\/\"},{\"@type\":\"ListItem\",\"position\":2,\"name\":\"Products\",\"item\":\"https:\\\/\\\/www.hollingsworth-vose.com\\\/products\\\/\"},{\"@type\":\"ListItem\",\"position\":3,\"name\":\"Filtration Solutions\",\"item\":\"https:\\\/\\\/www.hollingsworth-vose.com\\\/product_category\\\/filtration-solutions\\\/\"},{\"@type\":\"ListItem\",\"position\":4,\"name\":\"Celulosa\"}]},{\"@type\":\"WebSite\",\"@id\":\"https:\\\/\\\/www.hollingsworth-vose.com\\\/#website\",\"url\":\"https:\\\/\\\/www.hollingsworth-vose.com\\\/\",\"name\":\"Hollingsworth \uff06 Vose\",\"description\":\"\",\"potentialAction\":[{\"@type\":\"SearchAction\",\"target\":{\"@type\":\"EntryPoint\",\"urlTemplate\":\"https:\\\/\\\/www.hollingsworth-vose.com\\\/?s={search_term_string}\"},\"query-input\":{\"@type\":\"PropertyValueSpecification\",\"valueRequired\":true,\"valueName\":\"search_term_string\"}}],\"inLanguage\":\"es\"}]}<\/script>\n<!-- \/ Yoast SEO plugin. -->","yoast_head_json":{"title":"Celulosa - Hollingsworth \uff06 Vose","description":"Soluciones de Celulosa: Hollingsworth \uff06 Vose ofrece una amplia gama de productos de celulosa para diversas industrias y aplicaciones.","robots":{"index":"index","follow":"follow","max-snippet":"max-snippet:-1","max-image-preview":"max-image-preview:large","max-video-preview":"max-video-preview:-1"},"canonical":"https:\/\/www.hollingsworth-vose.com\/es\/products\/filtration-solutions\/celulosa\/","og_locale":"es_ES","og_type":"article","og_title":"Celulosa - Hollingsworth \uff06 Vose","og_description":"Soluciones de Celulosa: Hollingsworth \uff06 Vose ofrece una amplia gama de productos de celulosa para diversas industrias y aplicaciones.","og_url":"https:\/\/www.hollingsworth-vose.com\/es\/products\/filtration-solutions\/celulosa\/","og_site_name":"Hollingsworth \uff06 Vose","article_modified_time":"2025-04-10T09:53:14+00:00","twitter_misc":{"Tiempo de lectura":"3 minutos"},"schema":{"@context":"https:\/\/schema.org","@graph":[{"@type":"WebPage","@id":"https:\/\/www.hollingsworth-vose.com\/es\/products\/filtration-solutions\/celulosa\/","url":"https:\/\/www.hollingsworth-vose.com\/es\/products\/filtration-solutions\/celulosa\/","name":"Celulosa - Hollingsworth \uff06 Vose","isPartOf":{"@id":"https:\/\/www.hollingsworth-vose.com\/#website"},"datePublished":"2025-04-09T11:07:36+00:00","dateModified":"2025-04-10T09:53:14+00:00","description":"Soluciones de Celulosa: Hollingsworth \uff06 Vose ofrece una amplia gama de productos de celulosa para diversas industrias y aplicaciones.","breadcrumb":{"@id":"https:\/\/www.hollingsworth-vose.com\/es\/products\/filtration-solutions\/celulosa\/#breadcrumb"},"inLanguage":"es","potentialAction":[{"@type":"ReadAction","target":["https:\/\/www.hollingsworth-vose.com\/es\/products\/filtration-solutions\/celulosa\/"]}]},{"@type":"BreadcrumbList","@id":"https:\/\/www.hollingsworth-vose.com\/es\/products\/filtration-solutions\/celulosa\/#breadcrumb","itemListElement":[{"@type":"ListItem","position":1,"name":"Home","item":"https:\/\/www.hollingsworth-vose.com\/"},{"@type":"ListItem","position":2,"name":"Products","item":"https:\/\/www.hollingsworth-vose.com\/products\/"},{"@type":"ListItem","position":3,"name":"Filtration Solutions","item":"https:\/\/www.hollingsworth-vose.com\/product_category\/filtration-solutions\/"},{"@type":"ListItem","position":4,"name":"Celulosa"}]},{"@type":"WebSite","@id":"https:\/\/www.hollingsworth-vose.com\/#website","url":"https:\/\/www.hollingsworth-vose.com\/","name":"Hollingsworth \uff06 Vose","description":"","potentialAction":[{"@type":"SearchAction","target":{"@type":"EntryPoint","urlTemplate":"https:\/\/www.hollingsworth-vose.com\/?s={search_term_string}"},"query-input":{"@type":"PropertyValueSpecification","valueRequired":true,"valueName":"search_term_string"}}],"inLanguage":"es"}]}},"_links":{"self":[{"href":"https:\/\/www.hollingsworth-vose.com\/es\/wp-json\/wp\/v2\/product\/12311","targetHints":{"allow":["GET"]}}],"collection":[{"href":"https:\/\/www.hollingsworth-vose.com\/es\/wp-json\/wp\/v2\/product"}],"about":[{"href":"https:\/\/www.hollingsworth-vose.com\/es\/wp-json\/wp\/v2\/types\/product"}],"wp:attachment":[{"href":"https:\/\/www.hollingsworth-vose.com\/es\/wp-json\/wp\/v2\/media?parent=12311"}],"curies":[{"name":"wp","href":"https:\/\/api.w.org\/{rel}","templated":true}]}}