{"id":12317,"date":"2025-04-09T11:22:20","date_gmt":"2025-04-09T11:22:20","guid":{"rendered":"https:\/\/www.hollingsworth-vose.com\/?post_type=product&#038;p=12317"},"modified":"2025-04-10T10:18:03","modified_gmt":"2025-04-10T10:18:03","slug":"fundida","status":"publish","type":"product","link":"https:\/\/www.hollingsworth-vose.com\/es\/products\/filtration-solutions\/fundida\/","title":{"rendered":"Fundida"},"content":{"rendered":"<p><span style=\"font-weight: 400;\">En Hollingsworth &amp; Vose (H&amp;V), somos el principal proveedor de materiales avanzados para aplicaciones de filtraci\u00f3n de alta eficacia. Una de nuestras principales ofertas de productos es el medio para filtros meltblown.&nbsp;<\/span><\/p>\n<p><span style=\"font-weight: 400;\">Los medios para filtros de meltblown est\u00e1 entre las tecnolog\u00edas de no tejidos m\u00e1s utilizadas en la filtraci\u00f3n de alta eficacia. Este material vers\u00e1til y probado se utiliza en varias aplicaciones de filtros diferentes.&nbsp;&nbsp;<\/span><\/p>\n<h2><b>\u00bfQu\u00e9 es el medio para filtros de meltblown?<\/b><\/h2>\n<p><span style=\"font-weight: 400;\">Un m\u00e9todo muy eficaz para producir un medio de filtraci\u00f3n fino y eficiente es el uso de la tecnolog\u00eda meltblown. Las fibras meltblown pueden tener di\u00e1metros inferiores a 10 \u00b5m, es decir, 1\/8 del tama\u00f1o de un pelo humano y 1\/5 del tama\u00f1o de una <a href=\"\/\/www.hollingsworth-vose.com\/products\/cellulose\/\">fibra de<\/a> celulosa.<\/span><\/p>\n<p><span style=\"font-weight: 400;\">El proceso de fabricaci\u00f3n de medios para filtros de meltblown comienza con material termopl\u00e1stico sint\u00e9tico sin procesar, como polipropileno (PP), tereftalato de polibutileno (PBT) o tereftalato de polietileno (PET). El material se funde y es forzado a pasar por un extrusor con numerosos peque\u00f1os capilares. A medida que las corrientes de fusi\u00f3n individuales salen de los capilares, el aire caliente impacta en las fibras y las sopla en la misma direcci\u00f3n. Esto las \u00abarrastra\u00bb, dando como resultado fibras finas y continuas. Despu\u00e9s, las fibras se unen de forma t\u00e9rmica para crear una tela similar a una red. Se aplica una carga electrost\u00e1tica a la red para aumentar la eficacia de filtraci\u00f3n del material para aplicaciones de filtraci\u00f3n de aire. El meltblown puede calandrarse para alcanzar un grosor y un tama\u00f1o de poro espec\u00edficos para aplicaciones de filtraci\u00f3n de l\u00edquidos.&nbsp;<\/span><\/p>\n<p><span style=\"font-weight: 400;\">Las ventajas de los medios para filtros de meltblown incluyen:&nbsp;&nbsp;<\/span><\/p>\n<ul>\n<li style=\"font-weight: 400;\" aria-level=\"1\"><span style=\"font-weight: 400;\">Ca\u00edda de presi\u00f3n muy baja para una eficiencia determinada cuando se carga<\/span><\/li>\n<li style=\"font-weight: 400;\" aria-level=\"1\"><span style=\"font-weight: 400;\">Filtraci\u00f3n mec\u00e1nica controlada por el tama\u00f1o de las fibras<\/span><\/li>\n<li style=\"font-weight: 400;\" aria-level=\"1\"><span style=\"font-weight: 400;\">Alta capacidad de retenci\u00f3n de polvo\/suciedad&nbsp;<\/span><\/li>\n<li style=\"font-weight: 400;\" aria-level=\"1\"><span style=\"font-weight: 400;\">Resistencia qu\u00edmica que depende del pol\u00edmero<\/span><\/li>\n<li style=\"font-weight: 400;\" aria-level=\"1\"><span style=\"font-weight: 400;\">Propiedades oleof\u00edlicas\/de absorci\u00f3n de aceite controladas<\/span><\/li>\n<li style=\"font-weight: 400;\" aria-level=\"1\"><span style=\"font-weight: 400;\">Propiedades hidrof\u00edlicas\/hidrof\u00f3bicas controladas&nbsp;<\/span><\/li>\n<li style=\"font-weight: 400;\" aria-level=\"1\"><span style=\"font-weight: 400;\">Propiedades antimicrobianas<\/span><\/li>\n<li style=\"font-weight: 400;\" aria-level=\"1\"><span style=\"font-weight: 400;\">Retardante de fuego<\/span><\/li>\n<li style=\"font-weight: 400;\" aria-level=\"1\"><span style=\"font-weight: 400;\">Estabilidad dimensional<\/span><\/li>\n<li style=\"font-weight: 400;\" aria-level=\"1\"><span style=\"font-weight: 400;\">Elaboraci\u00f3n\/plisado<\/span><\/li>\n<\/ul>\n<p><span style=\"font-weight: 400;\">Los medios para filtros de meltblown se usan en una amplia gama de aplicaciones y, a menudo, son una capa funcional clave en muchos compuestos, desde SMS hasta compuestos avanzados, como NanoWave y NanoWeb.&nbsp;<\/span><\/p>\n<h2><b>\u00bfCu\u00e1les son algunos de los usos m\u00e1s frecuentes de los medios para filtros de meltblown?<\/b><\/h2>\n<p><span style=\"font-weight: 400;\">\u00bfBusca medios para filtros en el que pueda confiar para sus aplicaciones de filtraci\u00f3n de aire y l\u00edquidos? Hollingsworth &amp; Vose est\u00e1 aqu\u00ed para ayudar. Ofrecemos una amplia gama de medios para filtros de meltblown y compuestos que se adaptan a diferentes aplicaciones industriales. Los usos finales habituales de nuestros productos incluyen:<\/span><\/p>\n<ul>\n<li style=\"font-weight: 400;\" aria-level=\"1\"><span style=\"font-weight: 400;\"><a href=\"\/\/www.hollingsworth-vose.com\/industries\/filtration-solutions\/cabin-air-filtration\/\">Filtros combinados<\/a> de aire de cabina y filtros de polen&nbsp;<\/span><\/li>\n<li style=\"font-weight: 400;\" aria-level=\"1\"><span style=\"font-weight: 400;\">Respiradores industriales y cubrebocas quir\u00fargicos<\/span><\/li>\n<li style=\"font-weight: 400;\" aria-level=\"1\"><span style=\"font-weight: 400;\"><a href=\"\/\/www.hollingsworth-vose.com\/industries\/fuel\/\">Sistemas<\/a> de <a href=\"\/\/www.hollingsworth-vose.com\/industries\/lube-oil\/\">filtraci\u00f3n<\/a> de combustible y aceite<\/span><\/li>\n<li style=\"font-weight: 400;\" aria-level=\"1\"><span style=\"font-weight: 400;\"><a href=\"\/\/www.hollingsworth-vose.com\/industries\/engine-intake\/\">Filtros de admisi\u00f3n de aire<\/a> del motor&nbsp;<\/span><\/li>\n<li style=\"font-weight: 400;\" aria-level=\"1\"><span style=\"font-weight: 400;\">Filtros de <a href=\"\/\/www.hollingsworth-vose.com\/industries\/lube-oil\/\">lubricantes<\/a><\/span><\/li>\n<li style=\"font-weight: 400;\" aria-level=\"1\"><span style=\"font-weight: 400;\"><a href=\"\/\/www.hollingsworth-vose.com\/industries\/hydraulic\/\">Filtros<\/a> hidr\u00e1ulicos<\/span><\/li>\n<li style=\"font-weight: 400;\" aria-level=\"1\"><span style=\"font-weight: 400;\">Filtros <a href=\"\/\/www.hollingsworth-vose.com\/industries\/room-air-purifier\/\">purificadores de aire para habitaci\u00f3n<\/a><\/span><\/li>\n<li style=\"font-weight: 400;\" aria-level=\"1\"><span style=\"font-weight: 400;\">Filtros de <a href=\"\/\/www.hollingsworth-vose.com\/industries\/vacuum-cleaner\/\">aspiradora<\/a><\/span><\/li>\n<li style=\"font-weight: 400;\" aria-level=\"1\"><span style=\"font-weight: 400;\">Filtros de l\u00edquidos especializados<\/span><\/li>\n<li style=\"font-weight: 400;\" aria-level=\"1\"><span style=\"font-weight: 400;\">Filtros plisados de bolsa para HVAC, panel y V-Banco <\/span><\/li>\n<li style=\"font-weight: 400;\" aria-level=\"1\"><span style=\"font-weight: 400;\">Filtros de <a href=\"\/\/www.hollingsworth-vose.com\/industries\/process-liquids\/\">l\u00edquidos de proceso<\/a><\/span><\/li>\n<li style=\"font-weight: 400;\" aria-level=\"1\"><span style=\"font-weight: 400;\">Sistemas de filtraci\u00f3n de <a href=\"\/\/www.hollingsworth-vose.com\/industries\/water\/\">agua<\/a><\/span><\/li>\n<li style=\"font-weight: 400;\" aria-level=\"1\"><span style=\"font-weight: 400;\"><a href=\"\/\/www.hollingsworth-vose.com\/industries\/food-and-beverage\/\">Equipo para alimentos<\/a> y bebidas<\/span><\/li>\n<\/ul>\n<h2><b>\u00bfPor qu\u00e9 elegir medios para filtros de meltblown de H&amp;V?<\/b><\/h2>\n<p><span style=\"font-weight: 400;\">H&amp;V es un fabricante mundial de materiales avanzados para aplicaciones de filtraci\u00f3n. Cuando nos elige para cubrir sus necesidades de filtros meltblown, se beneficia de nuestra:<\/span><\/p>\n<ul>\n<li style=\"font-weight: 400;\" aria-level=\"1\"><b>Gran experiencia. <\/b><span style=\"font-weight: 400;\">Somos l\u00edderes en el mercado de medios para filtros compuestos y de meltblown innovadores desde principios de los a\u00f1o noventa. Cunado utiliza el material meltblown como capa de rendimiento sola o junto con nuestras tecnolog\u00edas patentadas, hemos producido productos altamente diferenciados, muchos de los cuales han establecido los est\u00e1ndares de la industria en cuanto a nuevos conceptos y un rendimiento superior. Algunos ejemplos son <a href=\"\/\/www.hollingsworth-vose.com\/nanowave\/\">NanoWave<sup>\u00ae<\/sup><\/a>, <a href=\"\/\/www.hollingsworth-vose.com\/brands\/trupor\/\">Trupor\u2122<\/a>, <a href=\"\/\/www.hollingsworth-vose.com\/nanoweb\/\">NanoWeb\u2122<\/a>, medios de combustible, sint\u00e9ticos plegables y <a href=\"\/\/www.hollingsworth-vose.com\/technostat\/\">Technostat<sup>\u00ae<\/sup><\/a> TMG.<\/span><\/li>\n<li style=\"font-weight: 400;\" aria-level=\"1\"><b>Productos superiores. <\/b><span style=\"font-weight: 400;\">Ofrecemos una amplia gama de productos de filtraci\u00f3n desarrollados para aplicaciones espec\u00edficas. Nuestros productos tienen un dise\u00f1o optimizado para que penetren las part\u00edculas, sean duraderos, tengan una vida \u00fatil o sean rentables. Muchos consideran que nuestro <a href=\"\/\/www.hollingsworth-vose.com\/brands\/filtration\/alphaperm\/\">AlphaPerm\u2122<\/a> es el mejor de su clase.<\/span><\/li>\n<li style=\"font-weight: 400;\" aria-level=\"1\"><b>Compromiso con la innovaci\u00f3n. <\/b><span style=\"font-weight: 400;\">Contamos con instalaciones de fabricaci\u00f3n de \u00faltima generaci\u00f3n y de investigaci\u00f3n y desarrollo (R&amp;D) l\u00edderes en la industria, lo que nos permite actualizar continuamente nuestras l\u00edneas de productos para cumplir las demandas cambiantes del mercado.<\/span><\/li>\n<li style=\"font-weight: 400;\" aria-level=\"1\"><b>Presencia global.<\/b><span style=\"font-weight: 400;\"> Tenemos instalaciones de R&amp;D y de fabricaci\u00f3n en Am\u00e9rica, Europa, China e India y representantes de ventas en todo el mundo, lo que nos permite ofrecer a los clientes productos y servicios de calidad en cualquier lugar.<\/span><\/li>\n<li style=\"font-weight: 400;\" aria-level=\"1\"><b>Respuesta centrada en el cliente. <\/b><span style=\"font-weight: 400;\">Trabajamos con nuestros clientes para crear nuevas soluciones de productos que los ayuden a ellos y a la industria en general.<\/span><\/li>\n<li style=\"font-weight: 400;\" aria-level=\"1\"><b>Est\u00e1ndares altos.<\/b><span style=\"font-weight: 400;\"> Nos comprometemos a establecer nuevos est\u00e1ndares en la industria con nuestros productos de alto rendimiento.<\/span><\/li>\n<\/ul>\n<p><span style=\"font-weight: 400;\">Para obtener m\u00e1s informaci\u00f3n sobre nuestros medios de filtraci\u00f3n por meltblown, como <a href=\"\/\/www.hollingsworth-vose.com\/brands\/filtration\/alphaperm\/\">AlphaPerm\u2122<\/a>, u otros productos de filtraci\u00f3n y lo que pueden hacer por usted, <\/span><a href=\"\/\/www.hollingsworth-vose.com\/contact-us\/\"><span style=\"font-weight: 400;\">comun\u00edquese con nosotros<\/span><\/a><span style=\"font-weight: 400;\">&nbsp;hoy.&nbsp;<\/span><\/p>\n","protected":false},"excerpt":{"rendered":"<p>En Hollingsworth &amp; Vose (H&amp;V), somos el principal proveedor de materiales avanzados para aplicaciones de filtraci\u00f3n de alta eficacia. Una de nuestras principales ofertas de productos es el medio para filtros meltblown.&nbsp; Los medios para filtros de meltblown est\u00e1 entre las tecnolog\u00edas de no tejidos m\u00e1s utilizadas en la filtraci\u00f3n de alta eficacia. Este material [&hellip;]<\/p>\n","protected":false},"featured_media":0,"menu_order":0,"template":"","class_list":["post-12317","product","type-product","status-publish","hentry","product_category-filtration-solutions"],"acf":[],"yoast_head":"<!-- This site is optimized with the Yoast SEO plugin v27.4 - https:\/\/yoast.com\/product\/yoast-seo-wordpress\/ -->\n<title>Fundida - Hollingsworth \uff06 Vose<\/title>\n<meta name=\"description\" content=\"Soluciones Meltblown: Hollingsworth \uff06 Vose ofrece productos meltblown de alto rendimiento para filtraci\u00f3n, absorci\u00f3n y aislamiento.\" \/>\n<meta name=\"robots\" content=\"index, follow, max-snippet:-1, max-image-preview:large, max-video-preview:-1\" \/>\n<link rel=\"canonical\" href=\"https:\/\/www.hollingsworth-vose.com\/es\/products\/filtration-solutions\/fundida\/\" \/>\n<meta property=\"og:locale\" content=\"es_ES\" \/>\n<meta property=\"og:type\" content=\"article\" \/>\n<meta property=\"og:title\" content=\"Fundida - Hollingsworth \uff06 Vose\" \/>\n<meta property=\"og:description\" content=\"Soluciones Meltblown: Hollingsworth \uff06 Vose ofrece productos meltblown de alto rendimiento para filtraci\u00f3n, absorci\u00f3n y aislamiento.\" \/>\n<meta property=\"og:url\" content=\"https:\/\/www.hollingsworth-vose.com\/es\/products\/filtration-solutions\/fundida\/\" \/>\n<meta property=\"og:site_name\" content=\"Hollingsworth \uff06 Vose\" \/>\n<meta property=\"article:modified_time\" content=\"2025-04-10T10:18:03+00:00\" \/>\n<meta name=\"twitter:label1\" content=\"Tiempo de lectura\" \/>\n\t<meta name=\"twitter:data1\" content=\"5 minutos\" \/>\n<script type=\"application\/ld+json\" class=\"yoast-schema-graph\">{\"@context\":\"https:\\\/\\\/schema.org\",\"@graph\":[{\"@type\":\"WebPage\",\"@id\":\"https:\\\/\\\/www.hollingsworth-vose.com\\\/es\\\/products\\\/filtration-solutions\\\/fundida\\\/\",\"url\":\"https:\\\/\\\/www.hollingsworth-vose.com\\\/es\\\/products\\\/filtration-solutions\\\/fundida\\\/\",\"name\":\"Fundida - Hollingsworth \uff06 Vose\",\"isPartOf\":{\"@id\":\"https:\\\/\\\/www.hollingsworth-vose.com\\\/#website\"},\"datePublished\":\"2025-04-09T11:22:20+00:00\",\"dateModified\":\"2025-04-10T10:18:03+00:00\",\"description\":\"Soluciones Meltblown: Hollingsworth \uff06 Vose ofrece productos meltblown de alto rendimiento para filtraci\u00f3n, absorci\u00f3n y aislamiento.\",\"breadcrumb\":{\"@id\":\"https:\\\/\\\/www.hollingsworth-vose.com\\\/es\\\/products\\\/filtration-solutions\\\/fundida\\\/#breadcrumb\"},\"inLanguage\":\"es\",\"potentialAction\":[{\"@type\":\"ReadAction\",\"target\":[\"https:\\\/\\\/www.hollingsworth-vose.com\\\/es\\\/products\\\/filtration-solutions\\\/fundida\\\/\"]}]},{\"@type\":\"BreadcrumbList\",\"@id\":\"https:\\\/\\\/www.hollingsworth-vose.com\\\/es\\\/products\\\/filtration-solutions\\\/fundida\\\/#breadcrumb\",\"itemListElement\":[{\"@type\":\"ListItem\",\"position\":1,\"name\":\"Home\",\"item\":\"https:\\\/\\\/www.hollingsworth-vose.com\\\/\"},{\"@type\":\"ListItem\",\"position\":2,\"name\":\"Products\",\"item\":\"https:\\\/\\\/www.hollingsworth-vose.com\\\/products\\\/\"},{\"@type\":\"ListItem\",\"position\":3,\"name\":\"Filtration Solutions\",\"item\":\"https:\\\/\\\/www.hollingsworth-vose.com\\\/product_category\\\/filtration-solutions\\\/\"},{\"@type\":\"ListItem\",\"position\":4,\"name\":\"Fundida\"}]},{\"@type\":\"WebSite\",\"@id\":\"https:\\\/\\\/www.hollingsworth-vose.com\\\/#website\",\"url\":\"https:\\\/\\\/www.hollingsworth-vose.com\\\/\",\"name\":\"Hollingsworth \uff06 Vose\",\"description\":\"\",\"potentialAction\":[{\"@type\":\"SearchAction\",\"target\":{\"@type\":\"EntryPoint\",\"urlTemplate\":\"https:\\\/\\\/www.hollingsworth-vose.com\\\/?s={search_term_string}\"},\"query-input\":{\"@type\":\"PropertyValueSpecification\",\"valueRequired\":true,\"valueName\":\"search_term_string\"}}],\"inLanguage\":\"es\"}]}<\/script>\n<!-- \/ Yoast SEO plugin. -->","yoast_head_json":{"title":"Fundida - Hollingsworth \uff06 Vose","description":"Soluciones Meltblown: Hollingsworth \uff06 Vose ofrece productos meltblown de alto rendimiento para filtraci\u00f3n, absorci\u00f3n y aislamiento.","robots":{"index":"index","follow":"follow","max-snippet":"max-snippet:-1","max-image-preview":"max-image-preview:large","max-video-preview":"max-video-preview:-1"},"canonical":"https:\/\/www.hollingsworth-vose.com\/es\/products\/filtration-solutions\/fundida\/","og_locale":"es_ES","og_type":"article","og_title":"Fundida - Hollingsworth \uff06 Vose","og_description":"Soluciones Meltblown: Hollingsworth \uff06 Vose ofrece productos meltblown de alto rendimiento para filtraci\u00f3n, absorci\u00f3n y aislamiento.","og_url":"https:\/\/www.hollingsworth-vose.com\/es\/products\/filtration-solutions\/fundida\/","og_site_name":"Hollingsworth \uff06 Vose","article_modified_time":"2025-04-10T10:18:03+00:00","twitter_misc":{"Tiempo de lectura":"5 minutos"},"schema":{"@context":"https:\/\/schema.org","@graph":[{"@type":"WebPage","@id":"https:\/\/www.hollingsworth-vose.com\/es\/products\/filtration-solutions\/fundida\/","url":"https:\/\/www.hollingsworth-vose.com\/es\/products\/filtration-solutions\/fundida\/","name":"Fundida - Hollingsworth \uff06 Vose","isPartOf":{"@id":"https:\/\/www.hollingsworth-vose.com\/#website"},"datePublished":"2025-04-09T11:22:20+00:00","dateModified":"2025-04-10T10:18:03+00:00","description":"Soluciones Meltblown: Hollingsworth \uff06 Vose ofrece productos meltblown de alto rendimiento para filtraci\u00f3n, absorci\u00f3n y aislamiento.","breadcrumb":{"@id":"https:\/\/www.hollingsworth-vose.com\/es\/products\/filtration-solutions\/fundida\/#breadcrumb"},"inLanguage":"es","potentialAction":[{"@type":"ReadAction","target":["https:\/\/www.hollingsworth-vose.com\/es\/products\/filtration-solutions\/fundida\/"]}]},{"@type":"BreadcrumbList","@id":"https:\/\/www.hollingsworth-vose.com\/es\/products\/filtration-solutions\/fundida\/#breadcrumb","itemListElement":[{"@type":"ListItem","position":1,"name":"Home","item":"https:\/\/www.hollingsworth-vose.com\/"},{"@type":"ListItem","position":2,"name":"Products","item":"https:\/\/www.hollingsworth-vose.com\/products\/"},{"@type":"ListItem","position":3,"name":"Filtration Solutions","item":"https:\/\/www.hollingsworth-vose.com\/product_category\/filtration-solutions\/"},{"@type":"ListItem","position":4,"name":"Fundida"}]},{"@type":"WebSite","@id":"https:\/\/www.hollingsworth-vose.com\/#website","url":"https:\/\/www.hollingsworth-vose.com\/","name":"Hollingsworth \uff06 Vose","description":"","potentialAction":[{"@type":"SearchAction","target":{"@type":"EntryPoint","urlTemplate":"https:\/\/www.hollingsworth-vose.com\/?s={search_term_string}"},"query-input":{"@type":"PropertyValueSpecification","valueRequired":true,"valueName":"search_term_string"}}],"inLanguage":"es"}]}},"_links":{"self":[{"href":"https:\/\/www.hollingsworth-vose.com\/es\/wp-json\/wp\/v2\/product\/12317","targetHints":{"allow":["GET"]}}],"collection":[{"href":"https:\/\/www.hollingsworth-vose.com\/es\/wp-json\/wp\/v2\/product"}],"about":[{"href":"https:\/\/www.hollingsworth-vose.com\/es\/wp-json\/wp\/v2\/types\/product"}],"wp:attachment":[{"href":"https:\/\/www.hollingsworth-vose.com\/es\/wp-json\/wp\/v2\/media?parent=12317"}],"curies":[{"name":"wp","href":"https:\/\/api.w.org\/{rel}","templated":true}]}}