{"id":12327,"date":"2025-04-09T12:01:43","date_gmt":"2025-04-09T12:01:43","guid":{"rendered":"https:\/\/www.hollingsworth-vose.com\/?post_type=product&#038;p=12327"},"modified":"2025-04-10T10:51:21","modified_gmt":"2025-04-10T10:51:21","slug":"agm-energyglass","status":"publish","type":"product","link":"https:\/\/www.hollingsworth-vose.com\/es\/products\/energy-solutions\/agm-lead-battery\/agm-energyglass\/","title":{"rendered":"AGM EnergyGlass"},"content":{"rendered":"<p><center><img decoding=\"async\" class=\"brand-logo aligncenter\" src=\"\/wp-content\/uploads\/HV_EnergyGlass_Logo.jpg\" alt=\"Energy Glass\" title=\"Energy Glass\"\/><\/center>&nbsp;<\/p>\n<p><span style=\"font-weight: 400;\">El veh\u00edculo ligero de pasajeros tiene una de las reglamentaciones m\u00e1s exigentes para reducir las emisiones de di\u00f3xido de carbono (CO<\/span><span style=\"font-weight: 400;\"><sub>2<\/sub><\/span><span style=\"font-weight: 400;\">). Para cumplir estos objetivos de CO<\/span><span style=\"font-weight: 400;\"><sub>2<\/sub><\/span><span style=\"font-weight: 400;\">, se necesita una tecnolog\u00eda avanzada de bater\u00edas.&nbsp; <\/span><span style=\"font-weight: 400;\">La industria automotriz internacional conf\u00eda en H&amp;V para aumentar la vida \u00fatil de las bater\u00edas, su rendimiento y permitir la reducci\u00f3n de emisiones de <\/span><span style=\"font-weight: 400;\">CO<\/span><span style=\"font-weight: 400;\"><sub>2<\/sub><\/span><span style=\"font-weight: 400;\">.<\/span><\/p>\n<p><span style=\"font-weight: 400;\">El separador All-Glass AGM de H&amp;V es el separador de bater\u00edas de autom\u00f3viles l\u00edder en el mundo para bater\u00edas VRLA AGM.&nbsp; Nuestra l\u00ednea de productos de separadores All-Glass AGM se puede personalizar para adaptarse al ancho de la placa, al espacio de inserci\u00f3n de esta y a la compresi\u00f3n de la bater\u00eda.&nbsp; Adem\u00e1s, nuestros productos se fabrican con un \u00e1rea de superficie baja, media o alta para cubrir las necesidades de su dise\u00f1o y aplicaci\u00f3n de su bater\u00eda.&nbsp;&nbsp;<\/span><\/p>\n<h2><b>\u00bfPor qu\u00e9 utilizar el separador All-Glass AGM?<\/b><\/h2>\n<p><span style=\"font-weight: 400;\">Los separadores de bater\u00eda All-Glass AGM de H&amp;V se han probado durante m\u00e1s de una d\u00e9cada en el mercado automotriz internacional. Es la opci\u00f3n preferida en todo el mundo por las siguientes razones:<\/span><\/p>\n<h3><b>Mayor duraci\u00f3n de la bater\u00eda<\/b><\/h3>\n<p><span style=\"font-weight: 400;\">Nuestros separadores tienen la mejor elasticidad de su clase recuperando casi el grosor original. Los separadores AGM de H&amp;V almacenan energ\u00eda el\u00e1stica y la recuperan una vez que se libera la compresi\u00f3n del c\u00e1todo (causada durante el ciclo de la bater\u00eda).&nbsp; Al mejorar la retenci\u00f3n del grosor, H&amp;V prolonga la vida \u00fatil de la bater\u00eda frente a otras alternativas de separadores de vidrio.<\/span><\/p>\n<h3><b>Mejora del rendimiento de la bater\u00eda<\/b><\/h3>\n<p><span style=\"font-weight: 400;\">El separador All-Glass AGM de H&amp;V tiene una resistencia el\u00e9ctrica menor en comparaci\u00f3n con otros productos disponibles.&nbsp; Una resistencia el\u00e9ctrica menor mejora el rendimiento de la bater\u00eda del autom\u00f3vil de la que dependen los fabricantes y consumidores de veh\u00edculos.<\/span><\/p>\n<h3><b>Excelente calidad<\/b><\/h3>\n<p><span style=\"font-weight: 400;\">H&amp;V es el \u00fanico proveedor mundial de AGM con integraci\u00f3n vertical.&nbsp; H&amp;V tiene el control total de la arena que se eval\u00faa para producir microfibra de vidrio para el producto final del separador AGM.&nbsp; Obtenemos materiales de excelente calidad y nos esforzamos por garantizar que el separador AGM sea puro y tenga un bajo contenido de lixiviados.<\/span><\/p>\n<h3><b>Distribuci\u00f3n global<\/b><\/h3>\n<p><span style=\"font-weight: 400;\">H&amp;V produce separadores AGM en Norteam\u00e9rica, Europa y Asia.&nbsp; Los fabricantes de bater\u00edas AGM a nivel mundial y regional pueden confiar en la consistencia de los productos AGM en todo el mundo.&nbsp;<\/span><\/p>\n<h3><b>Proveedor de soluciones<\/b><\/h3>\n<p><span style=\"font-weight: 400;\">Ya que H&amp;V fabrica separadores All-Glass y AGM reforzados en todas las regiones del mundo, tenemos expertos t\u00e9cnicos en la regi\u00f3n disponibles para atender sus necesidades relacionadas con el uso.&nbsp; Estamos listos para colaborar con usted para solucionar sus necesidades de separadores de bater\u00edas AGM para cualquier aplicaci\u00f3n.<\/span><\/p>\n<h2><b>\u00bfQu\u00e9 aplicaciones tienen los separadores All-Glass AGM?<\/b><\/h2>\n<p><span style=\"font-weight: 400;\">El separador All-Glass AGM es el l\u00edder mundial en la industria para fabricantes de veh\u00edculos ligeros de pasajeros.&nbsp; All-Glass AGM es el separador AGM ideal para todos los trenes motrices de veh\u00edculos de pasajeros, incluyendo:&nbsp;<\/span><\/p>\n<ul>\n<li style=\"font-weight: 400;\" aria-level=\"1\"><span style=\"font-weight: 400;\">Stop\/Start&nbsp;<\/span><\/li>\n<li style=\"font-weight: 400;\" aria-level=\"1\"><span style=\"font-weight: 400;\">H\u00edbrido completo o semih\u00edbrido<\/span><\/li>\n<li style=\"font-weight: 400;\" aria-level=\"1\"><span style=\"font-weight: 400;\">Veh\u00edculos el\u00e9ctricos de bater\u00eda, auxiliares<\/span><\/li>\n<\/ul>\n<h3><b>Elegir un separador All-Glass AGM del l\u00edder de la industria.<\/b><\/h3>\n<p><span style=\"font-weight: 400;\">Los separadores All-glass AGM de Hollingsworth &amp; Vose Company son los separadores de bater\u00edas AGM m\u00e1s vendidos en todo el mundo por su excelente calidad y rendimiento. En H&amp;V, dise\u00f1amos y fabricamos nuestros separadores de bater\u00edas para cumplir los m\u00e1s altos est\u00e1ndares de rendimiento y ensamblaje de bater\u00edas. Para obtener m\u00e1s informaci\u00f3n sobre nuestras ofertas de materiales avanzados y c\u00f3mo se utilizan en las bater\u00edas, comun\u00edquese con nosotros hoy. Podemos ser su socio de confianza y el experto para sus necesidades de soluci\u00f3n de bater\u00edas.<\/span><\/p>\n","protected":false},"excerpt":{"rendered":"<p>&nbsp; El veh\u00edculo ligero de pasajeros tiene una de las reglamentaciones m\u00e1s exigentes para reducir las emisiones de di\u00f3xido de carbono (CO2). Para cumplir estos objetivos de CO2, se necesita una tecnolog\u00eda avanzada de bater\u00edas.&nbsp; La industria automotriz internacional conf\u00eda en H&amp;V para aumentar la vida \u00fatil de las bater\u00edas, su rendimiento y permitir la [&hellip;]<\/p>\n","protected":false},"featured_media":0,"menu_order":0,"template":"","class_list":["post-12327","product","type-product","status-publish","hentry","product_category-agm-lead-battery"],"acf":[],"yoast_head":"<!-- This site is optimized with the Yoast SEO plugin v27.3 - https:\/\/yoast.com\/product\/yoast-seo-wordpress\/ -->\n<title>AGM EnergyGlass - Hollingsworth \uff06 Vose<\/title>\n<meta name=\"description\" content=\"AGM EnergyGlass: Soluciones de energ\u00eda seguras y eficientes para bater\u00edas AGM de plomo-\u00e1cido.\" \/>\n<meta name=\"robots\" content=\"index, follow, max-snippet:-1, max-image-preview:large, max-video-preview:-1\" \/>\n<link rel=\"canonical\" href=\"https:\/\/www.hollingsworth-vose.com\/es\/products\/energy-solutions\/agm-lead-battery\/agm-energyglass\/\" \/>\n<meta property=\"og:locale\" content=\"es_ES\" \/>\n<meta property=\"og:type\" content=\"article\" \/>\n<meta property=\"og:title\" content=\"AGM EnergyGlass - Hollingsworth \uff06 Vose\" \/>\n<meta property=\"og:description\" content=\"AGM EnergyGlass: Soluciones de energ\u00eda seguras y eficientes para bater\u00edas AGM de plomo-\u00e1cido.\" \/>\n<meta property=\"og:url\" content=\"https:\/\/www.hollingsworth-vose.com\/es\/products\/energy-solutions\/agm-lead-battery\/agm-energyglass\/\" \/>\n<meta property=\"og:site_name\" content=\"Hollingsworth \uff06 Vose\" \/>\n<meta property=\"article:modified_time\" content=\"2025-04-10T10:51:21+00:00\" \/>\n<meta name=\"twitter:label1\" content=\"Tiempo de lectura\" \/>\n\t<meta name=\"twitter:data1\" content=\"3 minutos\" \/>\n<script type=\"application\/ld+json\" class=\"yoast-schema-graph\">{\"@context\":\"https:\\\/\\\/schema.org\",\"@graph\":[{\"@type\":\"WebPage\",\"@id\":\"https:\\\/\\\/www.hollingsworth-vose.com\\\/es\\\/products\\\/energy-solutions\\\/agm-lead-battery\\\/agm-energyglass\\\/\",\"url\":\"https:\\\/\\\/www.hollingsworth-vose.com\\\/es\\\/products\\\/energy-solutions\\\/agm-lead-battery\\\/agm-energyglass\\\/\",\"name\":\"AGM EnergyGlass - Hollingsworth \uff06 Vose\",\"isPartOf\":{\"@id\":\"https:\\\/\\\/www.hollingsworth-vose.com\\\/#website\"},\"datePublished\":\"2025-04-09T12:01:43+00:00\",\"dateModified\":\"2025-04-10T10:51:21+00:00\",\"description\":\"AGM EnergyGlass: Soluciones de energ\u00eda seguras y eficientes para bater\u00edas AGM de plomo-\u00e1cido.\",\"breadcrumb\":{\"@id\":\"https:\\\/\\\/www.hollingsworth-vose.com\\\/es\\\/products\\\/energy-solutions\\\/agm-lead-battery\\\/agm-energyglass\\\/#breadcrumb\"},\"inLanguage\":\"es\",\"potentialAction\":[{\"@type\":\"ReadAction\",\"target\":[\"https:\\\/\\\/www.hollingsworth-vose.com\\\/es\\\/products\\\/energy-solutions\\\/agm-lead-battery\\\/agm-energyglass\\\/\"]}]},{\"@type\":\"BreadcrumbList\",\"@id\":\"https:\\\/\\\/www.hollingsworth-vose.com\\\/es\\\/products\\\/energy-solutions\\\/agm-lead-battery\\\/agm-energyglass\\\/#breadcrumb\",\"itemListElement\":[{\"@type\":\"ListItem\",\"position\":1,\"name\":\"Home\",\"item\":\"https:\\\/\\\/www.hollingsworth-vose.com\\\/\"},{\"@type\":\"ListItem\",\"position\":2,\"name\":\"Products\",\"item\":\"https:\\\/\\\/www.hollingsworth-vose.com\\\/products\\\/\"},{\"@type\":\"ListItem\",\"position\":3,\"name\":\"Energy Solutions\",\"item\":\"https:\\\/\\\/www.hollingsworth-vose.com\\\/product_category\\\/energy-solutions\\\/\"},{\"@type\":\"ListItem\",\"position\":4,\"name\":\"AGM Lead Battery\",\"item\":\"https:\\\/\\\/www.hollingsworth-vose.com\\\/product_category\\\/agm-lead-battery\\\/\"},{\"@type\":\"ListItem\",\"position\":5,\"name\":\"AGM EnergyGlass\"}]},{\"@type\":\"WebSite\",\"@id\":\"https:\\\/\\\/www.hollingsworth-vose.com\\\/#website\",\"url\":\"https:\\\/\\\/www.hollingsworth-vose.com\\\/\",\"name\":\"Hollingsworth \uff06 Vose\",\"description\":\"\",\"potentialAction\":[{\"@type\":\"SearchAction\",\"target\":{\"@type\":\"EntryPoint\",\"urlTemplate\":\"https:\\\/\\\/www.hollingsworth-vose.com\\\/?s={search_term_string}\"},\"query-input\":{\"@type\":\"PropertyValueSpecification\",\"valueRequired\":true,\"valueName\":\"search_term_string\"}}],\"inLanguage\":\"es\"}]}<\/script>\n<!-- \/ Yoast SEO plugin. -->","yoast_head_json":{"title":"AGM EnergyGlass - Hollingsworth \uff06 Vose","description":"AGM EnergyGlass: Soluciones de energ\u00eda seguras y eficientes para bater\u00edas AGM de plomo-\u00e1cido.","robots":{"index":"index","follow":"follow","max-snippet":"max-snippet:-1","max-image-preview":"max-image-preview:large","max-video-preview":"max-video-preview:-1"},"canonical":"https:\/\/www.hollingsworth-vose.com\/es\/products\/energy-solutions\/agm-lead-battery\/agm-energyglass\/","og_locale":"es_ES","og_type":"article","og_title":"AGM EnergyGlass - Hollingsworth \uff06 Vose","og_description":"AGM EnergyGlass: Soluciones de energ\u00eda seguras y eficientes para bater\u00edas AGM de plomo-\u00e1cido.","og_url":"https:\/\/www.hollingsworth-vose.com\/es\/products\/energy-solutions\/agm-lead-battery\/agm-energyglass\/","og_site_name":"Hollingsworth \uff06 Vose","article_modified_time":"2025-04-10T10:51:21+00:00","twitter_misc":{"Tiempo de lectura":"3 minutos"},"schema":{"@context":"https:\/\/schema.org","@graph":[{"@type":"WebPage","@id":"https:\/\/www.hollingsworth-vose.com\/es\/products\/energy-solutions\/agm-lead-battery\/agm-energyglass\/","url":"https:\/\/www.hollingsworth-vose.com\/es\/products\/energy-solutions\/agm-lead-battery\/agm-energyglass\/","name":"AGM EnergyGlass - Hollingsworth \uff06 Vose","isPartOf":{"@id":"https:\/\/www.hollingsworth-vose.com\/#website"},"datePublished":"2025-04-09T12:01:43+00:00","dateModified":"2025-04-10T10:51:21+00:00","description":"AGM EnergyGlass: Soluciones de energ\u00eda seguras y eficientes para bater\u00edas AGM de plomo-\u00e1cido.","breadcrumb":{"@id":"https:\/\/www.hollingsworth-vose.com\/es\/products\/energy-solutions\/agm-lead-battery\/agm-energyglass\/#breadcrumb"},"inLanguage":"es","potentialAction":[{"@type":"ReadAction","target":["https:\/\/www.hollingsworth-vose.com\/es\/products\/energy-solutions\/agm-lead-battery\/agm-energyglass\/"]}]},{"@type":"BreadcrumbList","@id":"https:\/\/www.hollingsworth-vose.com\/es\/products\/energy-solutions\/agm-lead-battery\/agm-energyglass\/#breadcrumb","itemListElement":[{"@type":"ListItem","position":1,"name":"Home","item":"https:\/\/www.hollingsworth-vose.com\/"},{"@type":"ListItem","position":2,"name":"Products","item":"https:\/\/www.hollingsworth-vose.com\/products\/"},{"@type":"ListItem","position":3,"name":"Energy Solutions","item":"https:\/\/www.hollingsworth-vose.com\/product_category\/energy-solutions\/"},{"@type":"ListItem","position":4,"name":"AGM Lead Battery","item":"https:\/\/www.hollingsworth-vose.com\/product_category\/agm-lead-battery\/"},{"@type":"ListItem","position":5,"name":"AGM EnergyGlass"}]},{"@type":"WebSite","@id":"https:\/\/www.hollingsworth-vose.com\/#website","url":"https:\/\/www.hollingsworth-vose.com\/","name":"Hollingsworth \uff06 Vose","description":"","potentialAction":[{"@type":"SearchAction","target":{"@type":"EntryPoint","urlTemplate":"https:\/\/www.hollingsworth-vose.com\/?s={search_term_string}"},"query-input":{"@type":"PropertyValueSpecification","valueRequired":true,"valueName":"search_term_string"}}],"inLanguage":"es"}]}},"_links":{"self":[{"href":"https:\/\/www.hollingsworth-vose.com\/es\/wp-json\/wp\/v2\/product\/12327","targetHints":{"allow":["GET"]}}],"collection":[{"href":"https:\/\/www.hollingsworth-vose.com\/es\/wp-json\/wp\/v2\/product"}],"about":[{"href":"https:\/\/www.hollingsworth-vose.com\/es\/wp-json\/wp\/v2\/types\/product"}],"wp:attachment":[{"href":"https:\/\/www.hollingsworth-vose.com\/es\/wp-json\/wp\/v2\/media?parent=12327"}],"curies":[{"name":"wp","href":"https:\/\/api.w.org\/{rel}","templated":true}]}}