{"id":7424,"date":"2021-01-09T05:02:45","date_gmt":"2021-01-09T05:02:45","guid":{"rendered":"https:\/\/www.hollingsworth-vose.com\/?post_type=product&#038;p=7424"},"modified":"2024-05-21T04:17:03","modified_gmt":"2024-05-21T04:17:03","slug":"papel-para-empastado","status":"publish","type":"product","link":"https:\/\/www.hollingsworth-vose.com\/es\/products\/%product_category%\/papel-para-empastado\/","title":{"rendered":"Papel para empastado"},"content":{"rendered":"<p class=\"p1\">En Hollingsworth &amp; Vose, proveemos a nuestros clientes con una variedad de productos de papel para empastado de AGM que mejoran la procesabilidad y rendimiento de la bater\u00eda de plomo avanzada, en aplicaciones industriales y automotrices.<\/p>\n<h2 class=\"p2\"><b>\u00bfQu\u00e9 es el papel para empastado?<\/b><\/h2>\n<p class=\"p3\">Los papeles para empastado son productos especiales que no reaccionan a los compuestos qu\u00edmicos en las bater\u00edas. El papel para empastado act\u00faa como un separador en la bater\u00eda que agrega fuerza estructural y mec\u00e1nica a un montaje de una placa de bater\u00eda de plomo.<\/p>\n<p class=\"p1\">El material del papel para empastado se hace con microfibras de vidrio que aseguran una compresi\u00f3n constante en la estera de vidrio absorbente (AGM). El papel para empastado tambi\u00e9n previene que los materiales activos de la bater\u00eda se liberen y puede soportar la pasta de plomo h\u00fameda durante la producci\u00f3n de bater\u00edas. El papel para empastado y el separador de AGM se humedecen con el electrolito de forma natural y no se degradan con el \u00e1cido de la bater\u00eda.<\/p>\n<h2 class=\"p2\"><b>\u00bfCu\u00e1les son las aplicaciones usuales del papel para empastado?<\/b><\/h2>\n<p class=\"p3\">El papel para empastado de AGM frecuentemente se usa en las aplicaciones industriales y automotrices. Algunas de las aplicaciones en las que m\u00e1s se utilizan son:<\/p>\n<ul>\n<li>Veh\u00edculos ligeros de pasajeros<\/li>\n<li>Bater\u00edas de camiones comerciales<\/li>\n<li>Bater\u00edas de motocicletas<\/li>\n<li>Energ\u00eda de reserva para los UPS, los centros de datos y la red de telecomunicaciones<\/li>\n<\/ul>\n<p class=\"p3\">Como regla general, cualquier bater\u00eda que use la tecnolog\u00eda de adhesi\u00f3n de rejilla continua necesitar\u00e1 papel para empastado.<span class=\"Apple-converted-space\">&nbsp; <\/span>Las bater\u00edas de AGM usualmente necesitan papel para empastado de AGM para evitar la p\u00e9rdida de compresi\u00f3n y prolongar la vida de la bater\u00eda.<span class=\"Apple-converted-space\">&nbsp;<\/span><\/p>\n<p class=\"p1\">El papel para empastado asegura que la bater\u00eda mantenga su estructura de material activo durante su vida \u00fatil. Se adhiere a lo componentes del material activo sin pegarse a otros sustratos en la construcci\u00f3n de la bater\u00eda. Esto es importante para el rendimiento seguro y eficiente en bater\u00edas de largo plazo y bater\u00edas que se usan continuamente por periodos largos.<\/p>\n<h2 class=\"p2\"><b>\u00bfCu\u00e1les son los beneficios clave del uso de papel para empastado?<\/b><\/h2>\n<p class=\"p3\">El papel para empastado de AGM da integridad estructural a las pilas de placas en los montajes de bater\u00edas, aunque es un material muy ligero con tan solo 30 a 35 gsm. Los beneficios de nuestro papel empastado especial incluyen:<\/p>\n<ul>\n<li><b>Limpieza<\/b>. Nuestros productos de papel no tienen metales, contaminantes o impurezas qu\u00edmicas. Siempre est\u00e1n limpios y no son reactivos.<span class=\"Apple-converted-space\">&nbsp;<\/span><\/li>\n<li><b>Prevenci\u00f3n de gas carbono<\/b>. Porque nuestro papel para empastado no es reactivo y es qu\u00edmicamente estable, no se degradar\u00e1 o crear\u00e1 un efecto de gas carbono durante la vida de la bater\u00eda.<\/li>\n<li><b>Apilamiento<\/b>. Durante la producci\u00f3n, las placas de la bater\u00eda se deben apilar de manera eficiente y con integridad estructural. El papel para empastado ayuda a que las capas de las placas se mantengan unidas.<\/li>\n<li><b>Rendimiento \u00f3ptimo de la bater\u00eda<\/b>. El papel para empastado optimiza los ciclos sin interferir con otros sustratos en el montaje de la bater\u00eda. Tambi\u00e9n puede ayudar en la descarga de alta velocidad.<\/li>\n<li><b>Interacciones con electrolitos<\/b>. El papel para empastado puede mejorar la resistencia a la estratificaci\u00f3n electrol\u00edtica y la eficiencia de llenado de electrolitos.<\/li>\n<li><b>Uni\u00f3n de alta calidad<\/b>. El papel para empastado se hace con poros que responden bien a la pasta \u00e1cida de plomo para as\u00ed asegurar una uni\u00f3n prolongada entre los materiales adecuados.<\/li>\n<li><b>Peso ligero<\/b>. El papel para empastado no incrementar\u00e1 mucho el grosor o peso del montaje.<\/li>\n<\/ul>\n<h2 class=\"p2\"><b>Elija el papel para empastado de Hollingsworth &amp; Vose<\/b><\/h2>\n<p class=\"p3\">El papel para empastado es un componente esencial en las bater\u00edas de alta calidad para autom\u00f3viles e industriales. Comun\u00edquese <a href=\"\/\/www.hollingsworth-vose.com\/contact-us\/\"><span class=\"s1\">con nuestro equipo<\/span><\/a> en Hollingsworth &amp; Vose para pedir ayuda en identificar la soluci\u00f3n de papel para empastado adecuada para sus necesidades.<\/p>\n","protected":false},"excerpt":{"rendered":"<p>En Hollingsworth &amp; Vose, proveemos a nuestros clientes con una variedad de productos de papel para empastado de AGM que mejoran la procesabilidad y rendimiento de la bater\u00eda de plomo avanzada, en aplicaciones industriales y automotrices. \u00bfQu\u00e9 es el papel para empastado? Los papeles para empastado son productos especiales que no reaccionan a los compuestos [&hellip;]<\/p>\n","protected":false},"featured_media":0,"menu_order":0,"template":"","class_list":["post-7424","product","type-product","status-publish","hentry"],"acf":[],"yoast_head":"<!-- This site is optimized with the Yoast SEO plugin v27.4 - https:\/\/yoast.com\/product\/yoast-seo-wordpress\/ -->\n<title>Papel para empastado - Hollingsworth \uff06 Vose<\/title>\n<meta name=\"description\" content=\"Hollingsworth \uff06 Vose: Su proveedor de papel para empastado de alta calidad para aplicaciones de encuadernaci\u00f3n y empaquetado.\" \/>\n<meta name=\"robots\" content=\"index, follow, max-snippet:-1, max-image-preview:large, max-video-preview:-1\" \/>\n<link rel=\"canonical\" href=\"https:\/\/www.hollingsworth-vose.com\/es\/products\/papel-para-empastado\/\" \/>\n<meta property=\"og:locale\" content=\"es_ES\" \/>\n<meta property=\"og:type\" content=\"article\" \/>\n<meta property=\"og:title\" content=\"Papel para empastado - Hollingsworth \uff06 Vose\" \/>\n<meta property=\"og:description\" content=\"Hollingsworth \uff06 Vose: Su proveedor de papel para empastado de alta calidad para aplicaciones de encuadernaci\u00f3n y empaquetado.\" \/>\n<meta property=\"og:url\" content=\"https:\/\/www.hollingsworth-vose.com\/es\/products\/papel-para-empastado\/\" \/>\n<meta property=\"og:site_name\" content=\"Hollingsworth \uff06 Vose\" \/>\n<meta property=\"article:modified_time\" content=\"2024-05-21T04:17:03+00:00\" \/>\n<meta name=\"twitter:label1\" content=\"Tiempo de lectura\" \/>\n\t<meta name=\"twitter:data1\" content=\"3 minutos\" \/>\n<script type=\"application\/ld+json\" class=\"yoast-schema-graph\">{\"@context\":\"https:\\\/\\\/schema.org\",\"@graph\":[{\"@type\":\"WebPage\",\"@id\":\"https:\\\/\\\/www.hollingsworth-vose.com\\\/es\\\/products\\\/papel-para-empastado\\\/\",\"url\":\"https:\\\/\\\/www.hollingsworth-vose.com\\\/es\\\/products\\\/papel-para-empastado\\\/\",\"name\":\"Papel para empastado - Hollingsworth \uff06 Vose\",\"isPartOf\":{\"@id\":\"https:\\\/\\\/www.hollingsworth-vose.com\\\/#website\"},\"datePublished\":\"2021-01-09T05:02:45+00:00\",\"dateModified\":\"2024-05-21T04:17:03+00:00\",\"description\":\"Hollingsworth \uff06 Vose: Su proveedor de papel para empastado de alta calidad para aplicaciones de encuadernaci\u00f3n y empaquetado.\",\"breadcrumb\":{\"@id\":\"https:\\\/\\\/www.hollingsworth-vose.com\\\/es\\\/products\\\/papel-para-empastado\\\/#breadcrumb\"},\"inLanguage\":\"es\",\"potentialAction\":[{\"@type\":\"ReadAction\",\"target\":[\"https:\\\/\\\/www.hollingsworth-vose.com\\\/es\\\/products\\\/papel-para-empastado\\\/\"]}]},{\"@type\":\"BreadcrumbList\",\"@id\":\"https:\\\/\\\/www.hollingsworth-vose.com\\\/es\\\/products\\\/papel-para-empastado\\\/#breadcrumb\",\"itemListElement\":[{\"@type\":\"ListItem\",\"position\":1,\"name\":\"Home\",\"item\":\"https:\\\/\\\/www.hollingsworth-vose.com\\\/\"},{\"@type\":\"ListItem\",\"position\":2,\"name\":\"Products\",\"item\":\"https:\\\/\\\/www.hollingsworth-vose.com\\\/products\\\/\"},{\"@type\":\"ListItem\",\"position\":3,\"name\":\"Papel para empastado\"}]},{\"@type\":\"WebSite\",\"@id\":\"https:\\\/\\\/www.hollingsworth-vose.com\\\/#website\",\"url\":\"https:\\\/\\\/www.hollingsworth-vose.com\\\/\",\"name\":\"Hollingsworth \uff06 Vose\",\"description\":\"\",\"potentialAction\":[{\"@type\":\"SearchAction\",\"target\":{\"@type\":\"EntryPoint\",\"urlTemplate\":\"https:\\\/\\\/www.hollingsworth-vose.com\\\/?s={search_term_string}\"},\"query-input\":{\"@type\":\"PropertyValueSpecification\",\"valueRequired\":true,\"valueName\":\"search_term_string\"}}],\"inLanguage\":\"es\"}]}<\/script>\n<!-- \/ Yoast SEO plugin. -->","yoast_head_json":{"title":"Papel para empastado - Hollingsworth \uff06 Vose","description":"Hollingsworth \uff06 Vose: Su proveedor de papel para empastado de alta calidad para aplicaciones de encuadernaci\u00f3n y empaquetado.","robots":{"index":"index","follow":"follow","max-snippet":"max-snippet:-1","max-image-preview":"max-image-preview:large","max-video-preview":"max-video-preview:-1"},"canonical":"https:\/\/www.hollingsworth-vose.com\/es\/products\/papel-para-empastado\/","og_locale":"es_ES","og_type":"article","og_title":"Papel para empastado - Hollingsworth \uff06 Vose","og_description":"Hollingsworth \uff06 Vose: Su proveedor de papel para empastado de alta calidad para aplicaciones de encuadernaci\u00f3n y empaquetado.","og_url":"https:\/\/www.hollingsworth-vose.com\/es\/products\/papel-para-empastado\/","og_site_name":"Hollingsworth \uff06 Vose","article_modified_time":"2024-05-21T04:17:03+00:00","twitter_misc":{"Tiempo de lectura":"3 minutos"},"schema":{"@context":"https:\/\/schema.org","@graph":[{"@type":"WebPage","@id":"https:\/\/www.hollingsworth-vose.com\/es\/products\/papel-para-empastado\/","url":"https:\/\/www.hollingsworth-vose.com\/es\/products\/papel-para-empastado\/","name":"Papel para empastado - Hollingsworth \uff06 Vose","isPartOf":{"@id":"https:\/\/www.hollingsworth-vose.com\/#website"},"datePublished":"2021-01-09T05:02:45+00:00","dateModified":"2024-05-21T04:17:03+00:00","description":"Hollingsworth \uff06 Vose: Su proveedor de papel para empastado de alta calidad para aplicaciones de encuadernaci\u00f3n y empaquetado.","breadcrumb":{"@id":"https:\/\/www.hollingsworth-vose.com\/es\/products\/papel-para-empastado\/#breadcrumb"},"inLanguage":"es","potentialAction":[{"@type":"ReadAction","target":["https:\/\/www.hollingsworth-vose.com\/es\/products\/papel-para-empastado\/"]}]},{"@type":"BreadcrumbList","@id":"https:\/\/www.hollingsworth-vose.com\/es\/products\/papel-para-empastado\/#breadcrumb","itemListElement":[{"@type":"ListItem","position":1,"name":"Home","item":"https:\/\/www.hollingsworth-vose.com\/"},{"@type":"ListItem","position":2,"name":"Products","item":"https:\/\/www.hollingsworth-vose.com\/products\/"},{"@type":"ListItem","position":3,"name":"Papel para empastado"}]},{"@type":"WebSite","@id":"https:\/\/www.hollingsworth-vose.com\/#website","url":"https:\/\/www.hollingsworth-vose.com\/","name":"Hollingsworth \uff06 Vose","description":"","potentialAction":[{"@type":"SearchAction","target":{"@type":"EntryPoint","urlTemplate":"https:\/\/www.hollingsworth-vose.com\/?s={search_term_string}"},"query-input":{"@type":"PropertyValueSpecification","valueRequired":true,"valueName":"search_term_string"}}],"inLanguage":"es"}]}},"_links":{"self":[{"href":"https:\/\/www.hollingsworth-vose.com\/es\/wp-json\/wp\/v2\/product\/7424","targetHints":{"allow":["GET"]}}],"collection":[{"href":"https:\/\/www.hollingsworth-vose.com\/es\/wp-json\/wp\/v2\/product"}],"about":[{"href":"https:\/\/www.hollingsworth-vose.com\/es\/wp-json\/wp\/v2\/types\/product"}],"wp:attachment":[{"href":"https:\/\/www.hollingsworth-vose.com\/es\/wp-json\/wp\/v2\/media?parent=7424"}],"curies":[{"name":"wp","href":"https:\/\/api.w.org\/{rel}","templated":true}]}}